{"id":3466,"date":"2019-08-14T21:01:46","date_gmt":"2019-08-15T00:01:46","guid":{"rendered":"http:\/\/www.odonto.ufmg.br\/biblioteca\/?page_id=3466"},"modified":"2019-08-20T19:21:15","modified_gmt":"2019-08-20T22:21:15","slug":"s","status":"publish","type":"page","link":"https:\/\/www.odonto.ufmg.br\/biblioteca\/s\/","title":{"rendered":"S"},"content":{"rendered":"<p>Para ter acesso aos t\u00edtulos de peri\u00f3dicos do Portal Capes dispon\u00edveis na listagem\u00a0de abreviaturas,<strong> \u00e9 imprescind\u00edvel, <\/strong>\u00a0abrir\u00a0 primeiramente\u00a0 o site do<\/p>\n<p><a href=\"http:\/\/www-periodicos-capes-gov-br.ez27.periodicos.capes.gov.br\/index.php?\">Portal Capes<\/a><\/p>\n<h6><strong><a href=\"https:\/\/catalogobiblioteca.ufmg.br\/pergamum\/biblioteca\/\" target=\"_blank\" rel=\"noopener noreferrer\"><span style=\"color: #ff0000\"><img decoding=\"async\" src=\"https:\/\/encrypted-tbn2.gstatic.com\/images?q=tbn:ANd9GcSKFc98T6vZF8kB4LH0jr1ks3tzumUSveAt6Y0gBZuY0nYCrkab9Q\" alt=\"\" width=\"84\" height=\"25\" \/><\/span><\/a><em>\u00a0\u00a0<span style=\"color: #ff0000\">Cole\u00e7\u00e3o da Biblioteca\u00a0\u00a0 \u00a0<img decoding=\"async\" src=\"http:\/\/portal.revistas.bvs.br\/img\/\/pt\/flag_free.gif\" alt=\"Livre e gratuito\" \/>\u00a0\u00a0Online gratuito\u00a0\u00a0 \u00a0<a href=\"http:\/\/www-periodicos-capes-gov-br.ez27.periodicos.capes.gov.br\/index.php?option=com_phome\" target=\"_blank\" rel=\"noopener noreferrer\"><img decoding=\"async\" class=\"alignnone size-full wp-image-4667\" src=\"https:\/\/bibliodontoufmg.files.wordpress.com\/2018\/10\/capturar2.png\" alt=\"Capturar2\" width=\"54\" height=\"46\" \/><\/a>\u00a0\u00a0Dispon\u00edvel no Portal Capes<\/span><\/em><span style=\"color: #ff0000\"><em>\u00a0 \u00a0<\/em><\/span><\/strong><\/h6>\n<ul>\n<li>\n<h5><em><strong>SAAD Dig<\/strong>. = SAAD digest\u00a0\u00a0\u00a0<a href=\"http:\/\/www-periodicos-capes-gov-br.ez27.periodicos.capes.gov.br\/index.php?option=com_pmetabusca&amp;mn=88&amp;smn=88&amp;type=p&amp;sfx=aHR0cHM6Ly9idXNjYWRvci5wZXJpb2RpY29zLmNhcGVzLmdvdi5ici9WP2Z1bmM9ZmluZC1lai0xJmluc3RpdHV0ZT1DQVBFUyZwb3J0YWw9Tk9WTyZuZXdfbG5nPVBPUg%3D%3D&amp;sfxparam=SAAD+digest\" target=\"_blank\" rel=\"noopener noreferrer\"><img decoding=\"async\" class=\"alignnone size-full wp-image-4667\" src=\"https:\/\/bibliodontoufmg.files.wordpress.com\/2018\/10\/capturar2.png\" alt=\"Capturar2\" width=\"54\" height=\"46\" \/><\/a>\u00a0<\/em><\/h5>\n<\/li>\n<li>\n<h5><em><strong>SADJ <\/strong>= SADJ : Journal of the South African Dental Association <a href=\"https:\/\/catalogobiblioteca.ufmg.br\/pergamum\/biblioteca\/index.php?codAcervo=306906\" target=\"_blank\" rel=\"noopener noreferrer\"><img decoding=\"async\" class=\"alignnone\" src=\"https:\/\/encrypted-tbn2.gstatic.com\/images?q=tbn:ANd9GcSKFc98T6vZF8kB4LH0jr1ks3tzumUSveAt6Y0gBZuY0nYCrkab9Q\" alt=\"\" width=\"84\" height=\"25\" \/><\/a><\/em><\/h5>\n<\/li>\n<li>\n<h5><em><strong>Salusvita<\/strong> = Salusvita : Revista da \u00e1rea de ci\u00eancias biol\u00f3gicas e da sa\u00fade<a href=\"https:\/\/catalogobiblioteca.ufmg.br\/pergamum\/biblioteca\/index.php?codAcervo=226891\" target=\"_blank\" rel=\"noopener noreferrer\"><img decoding=\"async\" class=\"alignnone\" src=\"https:\/\/encrypted-tbn2.gstatic.com\/images?q=tbn:ANd9GcSKFc98T6vZF8kB4LH0jr1ks3tzumUSveAt6Y0gBZuY0nYCrkab9Q\" alt=\"\" width=\"84\" height=\"25\" \/><\/a><\/em><\/h5>\n<\/li>\n<li>\n<h5><em><strong>Sa\u00fade<\/strong> = Sa\u00fade (Santa Maria) <a href=\"https:\/\/catalogobiblioteca.ufmg.br\/pergamum\/biblioteca\/index.php?codAcervo=228412\" target=\"_blank\" rel=\"noopener noreferrer\"><img decoding=\"async\" class=\"alignnone\" src=\"https:\/\/encrypted-tbn2.gstatic.com\/images?q=tbn:ANd9GcSKFc98T6vZF8kB4LH0jr1ks3tzumUSveAt6Y0gBZuY0nYCrkab9Q\" alt=\"\" width=\"84\" height=\"25\" \/><\/a><\/em><\/h5>\n<\/li>\n<li>\n<h5><em><strong>Sa\u00fade em debate<\/strong> = Sa\u00fade em debate <a href=\"https:\/\/catalogobiblioteca.ufmg.br\/pergamum\/biblioteca\/index.php?codAcervo=228267\" target=\"_blank\" rel=\"noopener noreferrer\"><img decoding=\"async\" class=\"alignnone\" src=\"https:\/\/encrypted-tbn2.gstatic.com\/images?q=tbn:ANd9GcSKFc98T6vZF8kB4LH0jr1ks3tzumUSveAt6Y0gBZuY0nYCrkab9Q\" alt=\"\" width=\"84\" height=\"25\" \/><\/a><\/em><\/h5>\n<\/li>\n<li>\n<h5><em><strong>Saudi dent. j.<\/strong> = Saudi dental journal<a href=\"http:\/\/www-periodicos-capes-gov-br.ez27.periodicos.capes.gov.br\/index.php?option=com_pmetabusca&amp;mn=88&amp;smn=88&amp;type=p&amp;sfx=aHR0cHM6Ly9idXNjYWRvci5wZXJpb2RpY29zLmNhcGVzLmdvdi5ici9WP2Z1bmM9ZmluZC1lai0xJmluc3RpdHV0ZT1DQVBFUyZwb3J0YWw9Tk9WTyZuZXdfbG5nPVBPUg%3D%3D&amp;sfxparam=Saudi+dental+journal\" target=\"_blank\" rel=\"noopener noreferrer\"><img decoding=\"async\" class=\"alignnone size-full wp-image-4667\" src=\"https:\/\/bibliodontoufmg.files.wordpress.com\/2018\/10\/capturar2.png\" alt=\"Capturar2\" width=\"54\" height=\"46\" \/><\/a>\u00a0<a href=\"http:\/\/www.ncbi.nlm.nih.gov.\/pmc\/journals\/2023\/\" target=\"_blank\" rel=\"noopener noreferrer\"><img decoding=\"async\" src=\"http:\/\/portal.revistas.bvs.br\/img\/\/pt\/flag_free.gif\" alt=\"Livre e gratuito\" \/><\/a><\/em><\/h5>\n<\/li>\n<li>\n<h5><em><strong>Scand. j. dent. res<\/strong>.=Scandinavian journal of dental research<a href=\"http:\/\/www-periodicos-capes-gov-br.ez27.periodicos.capes.gov.br\/index.php?option=com_pmetabusca&amp;mn=88&amp;smn=88&amp;type=p&amp;sfx=aHR0cHM6Ly9idXNjYWRvci5wZXJpb2RpY29zLmNhcGVzLmdvdi5ici9WP2Z1bmM9ZmluZC1lai0xJmluc3RpdHV0ZT1DQVBFUyZwb3J0YWw9Tk9WTyZuZXdfbG5nPVBPUg%3D%3D&amp;sfxparam=Scandinavian+journal+of+dental+research\" target=\"_blank\" rel=\"noopener noreferrer\"><img decoding=\"async\" class=\"alignnone size-full wp-image-4667\" src=\"https:\/\/bibliodontoufmg.files.wordpress.com\/2018\/10\/capturar2.png\" alt=\"Capturar2\" width=\"54\" height=\"46\" \/><\/a><a href=\"https:\/\/catalogobiblioteca.ufmg.br\/pergamum\/biblioteca\/index.php?codAcervo=233720\" target=\"_blank\" rel=\"noopener noreferrer\"><img decoding=\"async\" class=\"alignnone\" src=\"https:\/\/encrypted-tbn2.gstatic.com\/images?q=tbn:ANd9GcSKFc98T6vZF8kB4LH0jr1ks3tzumUSveAt6Y0gBZuY0nYCrkab9Q\" alt=\"\" width=\"84\" height=\"25\" \/><\/a><\/em><\/h5>\n<\/li>\n<li>\n<h5><em><strong>Scand. j. infect. dis<\/strong>. = Scandinavian journal of infectious diseases <a href=\"http:\/\/www-periodicos-capes-gov-br.ez27.periodicos.capes.gov.br\/index.php?option=com_pmetabusca&amp;mn=88&amp;smn=88&amp;type=p&amp;sfx=aHR0cHM6Ly9idXNjYWRvci5wZXJpb2RpY29zLmNhcGVzLmdvdi5ici9WP2Z1bmM9ZmluZC1lai0xJmluc3RpdHV0ZT1DQVBFUyZwb3J0YWw9Tk9WTyZuZXdfbG5nPVBPUg%3D%3D&amp;sfxparam=Scandinavian+journal+of+infectious+diseases\" target=\"_blank\" rel=\"noopener noreferrer\"><img decoding=\"async\" class=\"alignnone size-full wp-image-4667\" src=\"https:\/\/bibliodontoufmg.files.wordpress.com\/2018\/10\/capturar2.png\" alt=\"Capturar2\" width=\"54\" height=\"46\" \/><\/a><\/em><\/h5>\n<\/li>\n<li>\n<h5><em><strong>Scand. j. infect. dis.\u00a0Suppl<\/strong>.\u00a0= Scandinavian journal of infectious diseases.\u00a0Supplementum \u00a0<a href=\"http:\/\/www-periodicos-capes-gov-br.ez27.periodicos.capes.gov.br\/index.php?option=com_pmetabusca&amp;mn=88&amp;smn=88&amp;type=p&amp;sfx=aHR0cHM6Ly9idXNjYWRvci5wZXJpb2RpY29zLmNhcGVzLmdvdi5ici9WP2Z1bmM9ZmluZC1lai0xJmluc3RpdHV0ZT1DQVBFUyZwb3J0YWw9Tk9WTyZuZXdfbG5nPVBPUg%3D%3D&amp;sfxparam=Scandinavian+journal+of+infectious+diseases.%C2%A0Supplementum\" target=\"_blank\" rel=\"noopener noreferrer\"><img decoding=\"async\" class=\"alignnone size-full wp-image-4667\" src=\"https:\/\/bibliodontoufmg.files.wordpress.com\/2018\/10\/capturar2.png\" alt=\"Capturar2\" width=\"54\" height=\"46\" \/><\/a><\/em><\/h5>\n<\/li>\n<li>\n<h5><em><strong>Semin. orthod.<\/strong> = Seminars in orthodontics <a href=\"http:\/\/www-periodicos-capes-gov-br.ez27.periodicos.capes.gov.br\/index.php?option=com_pmetabusca&amp;mn=88&amp;smn=88&amp;type=p&amp;sfx=aHR0cHM6Ly9idXNjYWRvci5wZXJpb2RpY29zLmNhcGVzLmdvdi5ici9WP2Z1bmM9ZmluZC1lai0xJmluc3RpdHV0ZT1DQVBFUyZwb3J0YWw9Tk9WTyZuZXdfbG5nPVBPUg%3D%3D&amp;sfxparam=Seminars+in+orthodontics\" target=\"_blank\" rel=\"noopener noreferrer\"><img decoding=\"async\" class=\"alignnone size-full wp-image-4667\" src=\"https:\/\/bibliodontoufmg.files.wordpress.com\/2018\/10\/capturar2.png\" alt=\"Capturar2\" width=\"54\" height=\"46\" \/><\/a><\/em><\/h5>\n<\/li>\n<li>\n<h5><em><strong>S\u00f3 t\u00e9c. est\u00e9t.<\/strong> =\u00a0 S\u00f3 t\u00e9cnicas est\u00e9ticas <a href=\"https:\/\/catalogobiblioteca.ufmg.br\/pergamum\/biblioteca\/index.php?codAcervo=435742\" target=\"_blank\" rel=\"noopener noreferrer\"><img decoding=\"async\" class=\"alignnone\" src=\"https:\/\/encrypted-tbn2.gstatic.com\/images?q=tbn:ANd9GcSKFc98T6vZF8kB4LH0jr1ks3tzumUSveAt6Y0gBZuY0nYCrkab9Q\" alt=\"\" width=\"84\" height=\"25\" \/><\/a><\/em><\/h5>\n<\/li>\n<li>\n<h5><em><strong>South. afr. j. epidemiol. infect<\/strong>. = The Southern African journal of epidemiology &amp; infection<a href=\"http:\/\/www-periodicos-capes-gov-br.ez27.periodicos.capes.gov.br\/index.php?option=com_pmetabusca&amp;mn=88&amp;smn=88&amp;type=p&amp;sfx=aHR0cHM6Ly9idXNjYWRvci5wZXJpb2RpY29zLmNhcGVzLmdvdi5ici9WP2Z1bmM9ZmluZC1lai0xJmluc3RpdHV0ZT1DQVBFUyZwb3J0YWw9Tk9WTyZuZXdfbG5nPVBPUg%3D%3D&amp;sfxparam=The+Southern+African+journal+of+epidemiology+%26+infection\" target=\"_blank\" rel=\"noopener noreferrer\"><img decoding=\"async\" class=\"alignnone size-full wp-image-4667\" src=\"https:\/\/bibliodontoufmg.files.wordpress.com\/2018\/10\/capturar2.png\" alt=\"Capturar2\" width=\"54\" height=\"46\" \/><\/a><\/em><\/h5>\n<\/li>\n<li>\n<h5><em><strong>Spec. care dent.<\/strong> = Special care in dentistry<a href=\"http:\/\/www-periodicos-capes-gov-br.ez27.periodicos.capes.gov.br\/index.php?option=com_pmetabusca&amp;mn=88&amp;smn=88&amp;type=p&amp;sfx=aHR0cHM6Ly9idXNjYWRvci5wZXJpb2RpY29zLmNhcGVzLmdvdi5ici9WP2Z1bmM9ZmluZC1lai0xJmluc3RpdHV0ZT1DQVBFUyZwb3J0YWw9Tk9WTyZuZXdfbG5nPVBPUg%3D%3D&amp;sfxparam=Special+care+in+dentistry\" target=\"_blank\" rel=\"noopener noreferrer\"><img decoding=\"async\" class=\"alignnone size-full wp-image-4667\" src=\"https:\/\/bibliodontoufmg.files.wordpress.com\/2018\/10\/capturar2.png\" alt=\"Capturar2\" width=\"54\" height=\"46\" \/><\/a>\u00a0<a href=\"https:\/\/catalogobiblioteca.ufmg.br\/pergamum\/biblioteca\/index.php?codAcervo=305165\" target=\"_blank\" rel=\"noopener noreferrer\"><img decoding=\"async\" class=\"alignnone\" src=\"https:\/\/encrypted-tbn2.gstatic.com\/images?q=tbn:ANd9GcSKFc98T6vZF8kB4LH0jr1ks3tzumUSveAt6Y0gBZuY0nYCrkab9Q\" alt=\"\" width=\"84\" height=\"25\" \/><\/a><\/em><\/h5>\n<\/li>\n<li>\n<h5><em><strong>Stomatol. glas. srb.<\/strong> = Stomatolo\u0161ki glasnik Srbije \u00a0<a href=\"http:\/\/www-periodicos-capes-gov-br.ez27.periodicos.capes.gov.br\/index.php?option=com_pmetabusca&amp;mn=88&amp;smn=88&amp;type=p&amp;sfx=aHR0cHM6Ly9idXNjYWRvci5wZXJpb2RpY29zLmNhcGVzLmdvdi5ici9WP2Z1bmM9ZmluZC1lai0xJmluc3RpdHV0ZT1DQVBFUyZwb3J0YWw9Tk9WTyZuZXdfbG5nPVBPUg%3D%3D&amp;sfxparam=Stomatolo%C5%A1ki+glasnik+Srbije\" target=\"_blank\" rel=\"noopener noreferrer\"><img decoding=\"async\" class=\"alignnone size-full wp-image-4667\" src=\"https:\/\/bibliodontoufmg.files.wordpress.com\/2018\/10\/capturar2.png\" alt=\"Capturar2\" width=\"54\" height=\"46\" \/><\/a><\/em><\/h5>\n<\/li>\n<li>\n<h5><em><strong>Stomatol.<\/strong>\u00a0=\u00a0<\/em><em>Stomatologie<\/em><em>\u00a0<a href=\"http:\/\/www-periodicos-capes-gov-br.ez27.periodicos.capes.gov.br\/index.php?option=com_pmetabusca&amp;mn=88&amp;smn=88&amp;type=p&amp;sfx=aHR0cHM6Ly9idXNjYWRvci5wZXJpb2RpY29zLmNhcGVzLmdvdi5ici9WP2Z1bmM9ZmluZC1lai0xJmluc3RpdHV0ZT1DQVBFUyZwb3J0YWw9Tk9WTyZuZXdfbG5nPVBPUg%3D%3D&amp;sfxparam=%C2%A0Stomatologie\" target=\"_blank\" rel=\"noopener noreferrer\"><img decoding=\"async\" class=\"alignnone size-full wp-image-4667\" src=\"https:\/\/bibliodontoufmg.files.wordpress.com\/2018\/10\/capturar2.png\" alt=\"Capturar2\" width=\"54\" height=\"46\" \/><\/a><\/em><\/h5>\n<\/li>\n<li>\n<h5><em><strong>Stomatos<\/strong> = Stomatos\u00a0 : Revista do curso de odontologia <a href=\"https:\/\/catalogobiblioteca.ufmg.br\/pergamum\/biblioteca\/index.php?codAcervo=327477\" target=\"_blank\" rel=\"noopener noreferrer\"><img decoding=\"async\" class=\"alignnone\" src=\"https:\/\/encrypted-tbn2.gstatic.com\/images?q=tbn:ANd9GcSKFc98T6vZF8kB4LH0jr1ks3tzumUSveAt6Y0gBZuY0nYCrkab9Q\" alt=\"\" width=\"84\" height=\"25\" \/><\/a><\/em><\/h5>\n<\/li>\n<li>\n<h5><em><strong>Stomatos<\/strong> = Stomatos : Revista\u00a0 de odontologia da ULBRA \u00a0\u00a0<a href=\"https:\/\/catalogobiblioteca.ufmg.br\/pergamum\/biblioteca\/index.php?codAcervo=330155\" target=\"_blank\" rel=\"noopener noreferrer\"><img decoding=\"async\" src=\"http:\/\/portal.revistas.bvs.br\/img\/\/pt\/flag_free.gif\" alt=\"Livre e gratuito\" \/><img decoding=\"async\" class=\"alignnone\" src=\"https:\/\/encrypted-tbn2.gstatic.com\/images?q=tbn:ANd9GcSKFc98T6vZF8kB4LH0jr1ks3tzumUSveAt6Y0gBZuY0nYCrkab9Q\" alt=\"\" width=\"84\" height=\"25\" \/><\/a><\/em><\/h5>\n<\/li>\n<\/ul>\n<ul>\n<li>\n<h5><em><strong>Swed.\u00a0dent. j.<\/strong> = Swedish dental journal <a href=\"https:\/\/catalogobiblioteca.ufmg.br\/pergamum\/biblioteca\/index.php?codAcervo=233721\" target=\"_blank\" rel=\"noopener noreferrer\"><img decoding=\"async\" class=\"alignnone\" src=\"https:\/\/encrypted-tbn2.gstatic.com\/images?q=tbn:ANd9GcSKFc98T6vZF8kB4LH0jr1ks3tzumUSveAt6Y0gBZuY0nYCrkab9Q\" alt=\"\" width=\"84\" height=\"25\" \/><\/a><\/em><\/h5>\n<\/li>\n<li>\n<h5><em><strong>Swed. dent. j. suppl <\/strong>= Swedish dental journal \u00a0\u00a0<a href=\"https:\/\/catalogobiblioteca.ufmg.br\/pergamum\/biblioteca\/index.php?codAcervo=233721\" target=\"_blank\" rel=\"noopener noreferrer\"><img decoding=\"async\" class=\"alignnone\" src=\"https:\/\/encrypted-tbn2.gstatic.com\/images?q=tbn:ANd9GcSKFc98T6vZF8kB4LH0jr1ks3tzumUSveAt6Y0gBZuY0nYCrkab9Q\" alt=\"\" width=\"84\" height=\"25\" \/><\/a><\/em><\/h5>\n<\/li>\n<\/ul>\n","protected":false},"excerpt":{"rendered":"<p>Para ter acesso aos t\u00edtulos de peri\u00f3dicos do Portal Capes dispon\u00edveis na listagem\u00a0de abreviaturas, \u00e9 imprescind\u00edvel, \u00a0abrir\u00a0 primeiramente\u00a0 o site do Portal Capes \u00a0\u00a0Cole\u00e7\u00e3o da Biblioteca\u00a0\u00a0 \u00a0\u00a0\u00a0Online gratuito\u00a0\u00a0 \u00a0\u00a0\u00a0Dispon\u00edvel no Portal Capes\u00a0 \u00a0 SAAD Dig. = SAAD digest\u00a0\u00a0\u00a0\u00a0 SADJ = SADJ : Journal of the South African Dental Association Salusvita = Salusvita : Revista da [&hellip;]<\/p>\n","protected":false},"author":35,"featured_media":0,"parent":0,"menu_order":0,"comment_status":"closed","ping_status":"closed","template":"","meta":{"inline_featured_image":false,"footnotes":""},"class_list":["post-3466","page","type-page","status-publish","hentry"],"yoast_head":"<!-- This site is optimized with the Yoast SEO plugin v27.3 - https:\/\/yoast.com\/product\/yoast-seo-wordpress\/ -->\n<title>S - Biblioteca Professora Helena Helo\u00edsa Paix\u00e3o<\/title>\n<meta name=\"robots\" content=\"index, follow, max-snippet:-1, max-image-preview:large, max-video-preview:-1\" \/>\n<link rel=\"canonical\" href=\"https:\/\/www.odonto.ufmg.br\/biblioteca\/s\/\" \/>\n<meta property=\"og:locale\" content=\"pt_BR\" \/>\n<meta property=\"og:type\" content=\"article\" \/>\n<meta property=\"og:title\" content=\"S - Biblioteca Professora Helena Helo\u00edsa Paix\u00e3o\" \/>\n<meta property=\"og:description\" content=\"Para ter acesso aos t\u00edtulos de peri\u00f3dicos do Portal Capes dispon\u00edveis na listagem\u00a0de abreviaturas, \u00e9 imprescind\u00edvel, \u00a0abrir\u00a0 primeiramente\u00a0 o site do Portal Capes \u00a0\u00a0Cole\u00e7\u00e3o da Biblioteca\u00a0\u00a0 \u00a0\u00a0\u00a0Online gratuito\u00a0\u00a0 \u00a0\u00a0\u00a0Dispon\u00edvel no Portal Capes\u00a0 \u00a0 SAAD Dig. = SAAD digest\u00a0\u00a0\u00a0\u00a0 SADJ = SADJ : Journal of the South African Dental Association Salusvita = Salusvita : Revista da [&hellip;]\" \/>\n<meta property=\"og:url\" content=\"https:\/\/www.odonto.ufmg.br\/biblioteca\/s\/\" \/>\n<meta property=\"og:site_name\" content=\"Biblioteca Professora Helena Helo\u00edsa Paix\u00e3o\" \/>\n<meta property=\"article:modified_time\" content=\"2019-08-20T22:21:15+00:00\" \/>\n<meta property=\"og:image\" content=\"https:\/\/encrypted-tbn2.gstatic.com\/images?q=tbn:ANd9GcSKFc98T6vZF8kB4LH0jr1ks3tzumUSveAt6Y0gBZuY0nYCrkab9Q\" \/>\n<meta name=\"twitter:card\" content=\"summary_large_image\" \/>\n<meta name=\"twitter:label1\" content=\"Est. tempo de leitura\" \/>\n\t<meta name=\"twitter:data1\" content=\"1 minuto\" \/>\n<script type=\"application\/ld+json\" class=\"yoast-schema-graph\">{\"@context\":\"https:\\\/\\\/schema.org\",\"@graph\":[{\"@type\":\"WebPage\",\"@id\":\"https:\\\/\\\/www.odonto.ufmg.br\\\/biblioteca\\\/s\\\/\",\"url\":\"https:\\\/\\\/www.odonto.ufmg.br\\\/biblioteca\\\/s\\\/\",\"name\":\"S - Biblioteca Professora Helena Helo\u00edsa Paix\u00e3o\",\"isPartOf\":{\"@id\":\"https:\\\/\\\/www.odonto.ufmg.br\\\/biblioteca\\\/#website\"},\"primaryImageOfPage\":{\"@id\":\"https:\\\/\\\/www.odonto.ufmg.br\\\/biblioteca\\\/s\\\/#primaryimage\"},\"image\":{\"@id\":\"https:\\\/\\\/www.odonto.ufmg.br\\\/biblioteca\\\/s\\\/#primaryimage\"},\"thumbnailUrl\":\"https:\\\/\\\/encrypted-tbn2.gstatic.com\\\/images?q=tbn:ANd9GcSKFc98T6vZF8kB4LH0jr1ks3tzumUSveAt6Y0gBZuY0nYCrkab9Q\",\"datePublished\":\"2019-08-15T00:01:46+00:00\",\"dateModified\":\"2019-08-20T22:21:15+00:00\",\"breadcrumb\":{\"@id\":\"https:\\\/\\\/www.odonto.ufmg.br\\\/biblioteca\\\/s\\\/#breadcrumb\"},\"inLanguage\":\"pt-BR\",\"potentialAction\":[{\"@type\":\"ReadAction\",\"target\":[\"https:\\\/\\\/www.odonto.ufmg.br\\\/biblioteca\\\/s\\\/\"]}]},{\"@type\":\"ImageObject\",\"inLanguage\":\"pt-BR\",\"@id\":\"https:\\\/\\\/www.odonto.ufmg.br\\\/biblioteca\\\/s\\\/#primaryimage\",\"url\":\"https:\\\/\\\/encrypted-tbn2.gstatic.com\\\/images?q=tbn:ANd9GcSKFc98T6vZF8kB4LH0jr1ks3tzumUSveAt6Y0gBZuY0nYCrkab9Q\",\"contentUrl\":\"https:\\\/\\\/encrypted-tbn2.gstatic.com\\\/images?q=tbn:ANd9GcSKFc98T6vZF8kB4LH0jr1ks3tzumUSveAt6Y0gBZuY0nYCrkab9Q\"},{\"@type\":\"BreadcrumbList\",\"@id\":\"https:\\\/\\\/www.odonto.ufmg.br\\\/biblioteca\\\/s\\\/#breadcrumb\",\"itemListElement\":[{\"@type\":\"ListItem\",\"position\":1,\"name\":\"In\u00edcio\",\"item\":\"https:\\\/\\\/www.odonto.ufmg.br\\\/biblioteca\\\/inicio2\\\/\"},{\"@type\":\"ListItem\",\"position\":2,\"name\":\"S\"}]},{\"@type\":\"WebSite\",\"@id\":\"https:\\\/\\\/www.odonto.ufmg.br\\\/biblioteca\\\/#website\",\"url\":\"https:\\\/\\\/www.odonto.ufmg.br\\\/biblioteca\\\/\",\"name\":\"Biblioteca Professora Helena Helo\u00edsa Paix\u00e3o\",\"description\":\"Faculdade de Odontologia UFMG\",\"potentialAction\":[{\"@type\":\"SearchAction\",\"target\":{\"@type\":\"EntryPoint\",\"urlTemplate\":\"https:\\\/\\\/www.odonto.ufmg.br\\\/biblioteca\\\/?s={search_term_string}\"},\"query-input\":{\"@type\":\"PropertyValueSpecification\",\"valueRequired\":true,\"valueName\":\"search_term_string\"}}],\"inLanguage\":\"pt-BR\"}]}<\/script>\n<!-- \/ Yoast SEO plugin. -->","yoast_head_json":{"title":"S - Biblioteca Professora Helena Helo\u00edsa Paix\u00e3o","robots":{"index":"index","follow":"follow","max-snippet":"max-snippet:-1","max-image-preview":"max-image-preview:large","max-video-preview":"max-video-preview:-1"},"canonical":"https:\/\/www.odonto.ufmg.br\/biblioteca\/s\/","og_locale":"pt_BR","og_type":"article","og_title":"S - Biblioteca Professora Helena Helo\u00edsa Paix\u00e3o","og_description":"Para ter acesso aos t\u00edtulos de peri\u00f3dicos do Portal Capes dispon\u00edveis na listagem\u00a0de abreviaturas, \u00e9 imprescind\u00edvel, \u00a0abrir\u00a0 primeiramente\u00a0 o site do Portal Capes \u00a0\u00a0Cole\u00e7\u00e3o da Biblioteca\u00a0\u00a0 \u00a0\u00a0\u00a0Online gratuito\u00a0\u00a0 \u00a0\u00a0\u00a0Dispon\u00edvel no Portal Capes\u00a0 \u00a0 SAAD Dig. = SAAD digest\u00a0\u00a0\u00a0\u00a0 SADJ = SADJ : Journal of the South African Dental Association Salusvita = Salusvita : Revista da [&hellip;]","og_url":"https:\/\/www.odonto.ufmg.br\/biblioteca\/s\/","og_site_name":"Biblioteca Professora Helena Helo\u00edsa Paix\u00e3o","article_modified_time":"2019-08-20T22:21:15+00:00","og_image":[{"url":"https:\/\/encrypted-tbn2.gstatic.com\/images?q=tbn:ANd9GcSKFc98T6vZF8kB4LH0jr1ks3tzumUSveAt6Y0gBZuY0nYCrkab9Q","type":"","width":"","height":""}],"twitter_card":"summary_large_image","twitter_misc":{"Est. tempo de leitura":"1 minuto"},"schema":{"@context":"https:\/\/schema.org","@graph":[{"@type":"WebPage","@id":"https:\/\/www.odonto.ufmg.br\/biblioteca\/s\/","url":"https:\/\/www.odonto.ufmg.br\/biblioteca\/s\/","name":"S - Biblioteca Professora Helena Helo\u00edsa Paix\u00e3o","isPartOf":{"@id":"https:\/\/www.odonto.ufmg.br\/biblioteca\/#website"},"primaryImageOfPage":{"@id":"https:\/\/www.odonto.ufmg.br\/biblioteca\/s\/#primaryimage"},"image":{"@id":"https:\/\/www.odonto.ufmg.br\/biblioteca\/s\/#primaryimage"},"thumbnailUrl":"https:\/\/encrypted-tbn2.gstatic.com\/images?q=tbn:ANd9GcSKFc98T6vZF8kB4LH0jr1ks3tzumUSveAt6Y0gBZuY0nYCrkab9Q","datePublished":"2019-08-15T00:01:46+00:00","dateModified":"2019-08-20T22:21:15+00:00","breadcrumb":{"@id":"https:\/\/www.odonto.ufmg.br\/biblioteca\/s\/#breadcrumb"},"inLanguage":"pt-BR","potentialAction":[{"@type":"ReadAction","target":["https:\/\/www.odonto.ufmg.br\/biblioteca\/s\/"]}]},{"@type":"ImageObject","inLanguage":"pt-BR","@id":"https:\/\/www.odonto.ufmg.br\/biblioteca\/s\/#primaryimage","url":"https:\/\/encrypted-tbn2.gstatic.com\/images?q=tbn:ANd9GcSKFc98T6vZF8kB4LH0jr1ks3tzumUSveAt6Y0gBZuY0nYCrkab9Q","contentUrl":"https:\/\/encrypted-tbn2.gstatic.com\/images?q=tbn:ANd9GcSKFc98T6vZF8kB4LH0jr1ks3tzumUSveAt6Y0gBZuY0nYCrkab9Q"},{"@type":"BreadcrumbList","@id":"https:\/\/www.odonto.ufmg.br\/biblioteca\/s\/#breadcrumb","itemListElement":[{"@type":"ListItem","position":1,"name":"In\u00edcio","item":"https:\/\/www.odonto.ufmg.br\/biblioteca\/inicio2\/"},{"@type":"ListItem","position":2,"name":"S"}]},{"@type":"WebSite","@id":"https:\/\/www.odonto.ufmg.br\/biblioteca\/#website","url":"https:\/\/www.odonto.ufmg.br\/biblioteca\/","name":"Biblioteca Professora Helena Helo\u00edsa Paix\u00e3o","description":"Faculdade de Odontologia UFMG","potentialAction":[{"@type":"SearchAction","target":{"@type":"EntryPoint","urlTemplate":"https:\/\/www.odonto.ufmg.br\/biblioteca\/?s={search_term_string}"},"query-input":{"@type":"PropertyValueSpecification","valueRequired":true,"valueName":"search_term_string"}}],"inLanguage":"pt-BR"}]}},"_links":{"self":[{"href":"https:\/\/www.odonto.ufmg.br\/biblioteca\/wp-json\/wp\/v2\/pages\/3466","targetHints":{"allow":["GET"]}}],"collection":[{"href":"https:\/\/www.odonto.ufmg.br\/biblioteca\/wp-json\/wp\/v2\/pages"}],"about":[{"href":"https:\/\/www.odonto.ufmg.br\/biblioteca\/wp-json\/wp\/v2\/types\/page"}],"author":[{"embeddable":true,"href":"https:\/\/www.odonto.ufmg.br\/biblioteca\/wp-json\/wp\/v2\/users\/35"}],"replies":[{"embeddable":true,"href":"https:\/\/www.odonto.ufmg.br\/biblioteca\/wp-json\/wp\/v2\/comments?post=3466"}],"version-history":[{"count":4,"href":"https:\/\/www.odonto.ufmg.br\/biblioteca\/wp-json\/wp\/v2\/pages\/3466\/revisions"}],"predecessor-version":[{"id":3788,"href":"https:\/\/www.odonto.ufmg.br\/biblioteca\/wp-json\/wp\/v2\/pages\/3466\/revisions\/3788"}],"wp:attachment":[{"href":"https:\/\/www.odonto.ufmg.br\/biblioteca\/wp-json\/wp\/v2\/media?parent=3466"}],"curies":[{"name":"wp","href":"https:\/\/api.w.org\/{rel}","templated":true}]}}