{"id":3429,"date":"2019-08-14T20:50:31","date_gmt":"2019-08-14T23:50:31","guid":{"rendered":"http:\/\/www.odonto.ufmg.br\/biblioteca\/?page_id=3429"},"modified":"2019-08-19T11:49:22","modified_gmt":"2019-08-19T14:49:22","slug":"g","status":"publish","type":"page","link":"https:\/\/www.odonto.ufmg.br\/biblioteca\/g\/","title":{"rendered":"G"},"content":{"rendered":"<p>Para ter acesso aos t\u00edtulos de peri\u00f3dicos do Portal Capes dispon\u00edveis na listagem\u00a0de abreviaturas,<strong> \u00e9 imprescind\u00edvel, <\/strong>\u00a0abrir\u00a0 primeiramente\u00a0 o site do<\/p>\n<p><a href=\"http:\/\/www-periodicos-capes-gov-br.ez27.periodicos.capes.gov.br\/index.php?\">Portal Capes<\/a><\/p>\n<h6><strong><em><span style=\"color: #ff0000\">\u00a0 <a href=\"http:\/\/www-periodicos-capes-gov-br.ez27.periodicos.capes.gov.br\/index.php?\" target=\"_blank\" rel=\"noopener noreferrer\"><img decoding=\"async\" class=\"alignnone size-full wp-image-4667\" src=\"https:\/\/bibliodontoufmg.files.wordpress.com\/2018\/10\/capturar2.png\" alt=\"Capturar2\" width=\"54\" height=\"46\" \/><\/a>\u00a0\u00a0Dispon\u00edvel no Portal Capes<\/span><\/em><span style=\"color: #ff0000\"><em>\u00a0 <\/em><\/span><\/strong><\/h6>\n<h6><strong><span style=\"color: #ff0000\"><em>\u00a0<\/em><\/span>\u00a0 \u00a0 \u00a0 \u00a0 \u00a0 \u00a0 \u00a0 \u00a0 \u00a0 \u00a0 \u00a0 \u00a0 \u00a0 \u00a0 \u00a0 \u00a0 \u00a0 \u00a0 \u00a0 \u00a0 \u00a0 \u00a0 \u00a0 \u00a0 \u00a0 \u00a0 \u00a0 \u00a0 \u00a0 \u00a0 \u00a0<\/strong><\/h6>\n<ul>\n<li>\n<h5><em><b>Gerodontology =<\/b> Gerodontology \u00a0<strong><a href=\"http:\/\/www-periodicos-capes-gov-br.ez27.periodicos.capes.gov.br\/index.php?option=com_pmetabusca&amp;mn=88&amp;smn=88&amp;type=p&amp;sfx=aHR0cHM6Ly9idXNjYWRvci5wZXJpb2RpY29zLmNhcGVzLmdvdi5ici9WP2Z1bmM9ZmluZC1lai0xJmluc3RpdHV0ZT1DQVBFUyZwb3J0YWw9Tk9WTyZuZXdfbG5nPVBPUg%3D%3D&amp;sfxparam=Gerodontology\" target=\"_blank\" rel=\"noopener noreferrer\"><img decoding=\"async\" class=\"alignnone size-full wp-image-4667\" src=\"https:\/\/bibliodontoufmg.files.wordpress.com\/2018\/10\/capturar2.png\" alt=\"Capturar2\" width=\"54\" height=\"46\" \/><\/a><\/strong><\/em><\/h5>\n<\/li>\n<li>\n<h5><em><strong>Glob. j. health sci.<\/strong>= Global journal of health science\u00a0<a href=\"http:\/\/www-periodicos-capes-gov-br.ez27.periodicos.capes.gov.br\/index.php?option=com_pmetabusca&amp;mn=88&amp;smn=88&amp;type=p&amp;sfx=aHR0cHM6Ly9idXNjYWRvci5wZXJpb2RpY29zLmNhcGVzLmdvdi5ici9WP2Z1bmM9ZmluZC1lai0xJmluc3RpdHV0ZT1DQVBFUyZwb3J0YWw9Tk9WTyZuZXdfbG5nPVBPUg%3D%3D&amp;sfxparam=Global+journal+of+health+science\" target=\"_blank\" rel=\"noopener noreferrer\"><strong><img decoding=\"async\" class=\"alignnone size-full wp-image-4667\" src=\"https:\/\/bibliodontoufmg.files.wordpress.com\/2018\/10\/capturar2.png\" alt=\"Capturar2\" width=\"54\" height=\"46\" \/><\/strong><\/a><\/em><\/h5>\n<\/li>\n<li>\n<h5><em><strong>Guident<\/strong> \u00a0= Guident \u00a0<strong><a href=\"http:\/\/www-periodicos-capes-gov-br.ez27.periodicos.capes.gov.br\/index.php?option=com_pmetabusca&amp;mn=88&amp;smn=88&amp;type=p&amp;sfx=aHR0cHM6Ly9idXNjYWRvci5wZXJpb2RpY29zLmNhcGVzLmdvdi5ici9WP2Z1bmM9ZmluZC1lai0xJmluc3RpdHV0ZT1DQVBFUyZwb3J0YWw9Tk9WTyZuZXdfbG5nPVBPUg%3D%3D&amp;sfxparam=Guident\" target=\"_blank\" rel=\"noopener noreferrer\"><img decoding=\"async\" class=\"alignnone size-full wp-image-4667\" src=\"https:\/\/bibliodontoufmg.files.wordpress.com\/2018\/10\/capturar2.png\" alt=\"Capturar2\" width=\"54\" height=\"46\" \/><\/a><\/strong><\/em><\/h5>\n<\/li>\n<\/ul>\n","protected":false},"excerpt":{"rendered":"<p>Para ter acesso aos t\u00edtulos de peri\u00f3dicos do Portal Capes dispon\u00edveis na listagem\u00a0de abreviaturas, \u00e9 imprescind\u00edvel, \u00a0abrir\u00a0 primeiramente\u00a0 o site do Portal Capes \u00a0 \u00a0\u00a0Dispon\u00edvel no Portal Capes\u00a0 \u00a0\u00a0 \u00a0 \u00a0 \u00a0 \u00a0 \u00a0 \u00a0 \u00a0 \u00a0 \u00a0 \u00a0 \u00a0 \u00a0 \u00a0 \u00a0 \u00a0 \u00a0 \u00a0 \u00a0 \u00a0 \u00a0 \u00a0 \u00a0 \u00a0 \u00a0 \u00a0 \u00a0 [&hellip;]<\/p>\n","protected":false},"author":35,"featured_media":0,"parent":0,"menu_order":0,"comment_status":"closed","ping_status":"closed","template":"","meta":{"inline_featured_image":false,"footnotes":""},"class_list":["post-3429","page","type-page","status-publish","hentry"],"yoast_head":"<!-- This site is optimized with the Yoast SEO plugin v27.3 - https:\/\/yoast.com\/product\/yoast-seo-wordpress\/ -->\n<title>G - Biblioteca Professora Helena Helo\u00edsa Paix\u00e3o<\/title>\n<meta name=\"robots\" content=\"index, follow, max-snippet:-1, max-image-preview:large, max-video-preview:-1\" \/>\n<link rel=\"canonical\" href=\"https:\/\/www.odonto.ufmg.br\/biblioteca\/g\/\" \/>\n<meta property=\"og:locale\" content=\"pt_BR\" \/>\n<meta property=\"og:type\" content=\"article\" \/>\n<meta property=\"og:title\" content=\"G - Biblioteca Professora Helena Helo\u00edsa Paix\u00e3o\" \/>\n<meta property=\"og:description\" content=\"Para ter acesso aos t\u00edtulos de peri\u00f3dicos do Portal Capes dispon\u00edveis na listagem\u00a0de abreviaturas, \u00e9 imprescind\u00edvel, \u00a0abrir\u00a0 primeiramente\u00a0 o site do Portal Capes \u00a0 \u00a0\u00a0Dispon\u00edvel no Portal Capes\u00a0 \u00a0\u00a0 \u00a0 \u00a0 \u00a0 \u00a0 \u00a0 \u00a0 \u00a0 \u00a0 \u00a0 \u00a0 \u00a0 \u00a0 \u00a0 \u00a0 \u00a0 \u00a0 \u00a0 \u00a0 \u00a0 \u00a0 \u00a0 \u00a0 \u00a0 \u00a0 \u00a0 \u00a0 [&hellip;]\" \/>\n<meta property=\"og:url\" content=\"https:\/\/www.odonto.ufmg.br\/biblioteca\/g\/\" \/>\n<meta property=\"og:site_name\" content=\"Biblioteca Professora Helena Helo\u00edsa Paix\u00e3o\" \/>\n<meta property=\"article:modified_time\" content=\"2019-08-19T14:49:22+00:00\" \/>\n<meta property=\"og:image\" content=\"https:\/\/bibliodontoufmg.files.wordpress.com\/2018\/10\/capturar2.png\" \/>\n<meta name=\"twitter:card\" content=\"summary_large_image\" \/>\n<script type=\"application\/ld+json\" class=\"yoast-schema-graph\">{\"@context\":\"https:\\\/\\\/schema.org\",\"@graph\":[{\"@type\":\"WebPage\",\"@id\":\"https:\\\/\\\/www.odonto.ufmg.br\\\/biblioteca\\\/g\\\/\",\"url\":\"https:\\\/\\\/www.odonto.ufmg.br\\\/biblioteca\\\/g\\\/\",\"name\":\"G - Biblioteca Professora Helena Helo\u00edsa Paix\u00e3o\",\"isPartOf\":{\"@id\":\"https:\\\/\\\/www.odonto.ufmg.br\\\/biblioteca\\\/#website\"},\"primaryImageOfPage\":{\"@id\":\"https:\\\/\\\/www.odonto.ufmg.br\\\/biblioteca\\\/g\\\/#primaryimage\"},\"image\":{\"@id\":\"https:\\\/\\\/www.odonto.ufmg.br\\\/biblioteca\\\/g\\\/#primaryimage\"},\"thumbnailUrl\":\"https:\\\/\\\/bibliodontoufmg.files.wordpress.com\\\/2018\\\/10\\\/capturar2.png\",\"datePublished\":\"2019-08-14T23:50:31+00:00\",\"dateModified\":\"2019-08-19T14:49:22+00:00\",\"breadcrumb\":{\"@id\":\"https:\\\/\\\/www.odonto.ufmg.br\\\/biblioteca\\\/g\\\/#breadcrumb\"},\"inLanguage\":\"pt-BR\",\"potentialAction\":[{\"@type\":\"ReadAction\",\"target\":[\"https:\\\/\\\/www.odonto.ufmg.br\\\/biblioteca\\\/g\\\/\"]}]},{\"@type\":\"ImageObject\",\"inLanguage\":\"pt-BR\",\"@id\":\"https:\\\/\\\/www.odonto.ufmg.br\\\/biblioteca\\\/g\\\/#primaryimage\",\"url\":\"https:\\\/\\\/bibliodontoufmg.files.wordpress.com\\\/2018\\\/10\\\/capturar2.png\",\"contentUrl\":\"https:\\\/\\\/bibliodontoufmg.files.wordpress.com\\\/2018\\\/10\\\/capturar2.png\"},{\"@type\":\"BreadcrumbList\",\"@id\":\"https:\\\/\\\/www.odonto.ufmg.br\\\/biblioteca\\\/g\\\/#breadcrumb\",\"itemListElement\":[{\"@type\":\"ListItem\",\"position\":1,\"name\":\"In\u00edcio\",\"item\":\"https:\\\/\\\/www.odonto.ufmg.br\\\/biblioteca\\\/inicio2\\\/\"},{\"@type\":\"ListItem\",\"position\":2,\"name\":\"G\"}]},{\"@type\":\"WebSite\",\"@id\":\"https:\\\/\\\/www.odonto.ufmg.br\\\/biblioteca\\\/#website\",\"url\":\"https:\\\/\\\/www.odonto.ufmg.br\\\/biblioteca\\\/\",\"name\":\"Biblioteca Professora Helena Helo\u00edsa Paix\u00e3o\",\"description\":\"Faculdade de Odontologia UFMG\",\"potentialAction\":[{\"@type\":\"SearchAction\",\"target\":{\"@type\":\"EntryPoint\",\"urlTemplate\":\"https:\\\/\\\/www.odonto.ufmg.br\\\/biblioteca\\\/?s={search_term_string}\"},\"query-input\":{\"@type\":\"PropertyValueSpecification\",\"valueRequired\":true,\"valueName\":\"search_term_string\"}}],\"inLanguage\":\"pt-BR\"}]}<\/script>\n<!-- \/ Yoast SEO plugin. -->","yoast_head_json":{"title":"G - Biblioteca Professora Helena Helo\u00edsa Paix\u00e3o","robots":{"index":"index","follow":"follow","max-snippet":"max-snippet:-1","max-image-preview":"max-image-preview:large","max-video-preview":"max-video-preview:-1"},"canonical":"https:\/\/www.odonto.ufmg.br\/biblioteca\/g\/","og_locale":"pt_BR","og_type":"article","og_title":"G - Biblioteca Professora Helena Helo\u00edsa Paix\u00e3o","og_description":"Para ter acesso aos t\u00edtulos de peri\u00f3dicos do Portal Capes dispon\u00edveis na listagem\u00a0de abreviaturas, \u00e9 imprescind\u00edvel, \u00a0abrir\u00a0 primeiramente\u00a0 o site do Portal Capes \u00a0 \u00a0\u00a0Dispon\u00edvel no Portal Capes\u00a0 \u00a0\u00a0 \u00a0 \u00a0 \u00a0 \u00a0 \u00a0 \u00a0 \u00a0 \u00a0 \u00a0 \u00a0 \u00a0 \u00a0 \u00a0 \u00a0 \u00a0 \u00a0 \u00a0 \u00a0 \u00a0 \u00a0 \u00a0 \u00a0 \u00a0 \u00a0 \u00a0 \u00a0 [&hellip;]","og_url":"https:\/\/www.odonto.ufmg.br\/biblioteca\/g\/","og_site_name":"Biblioteca Professora Helena Helo\u00edsa Paix\u00e3o","article_modified_time":"2019-08-19T14:49:22+00:00","og_image":[{"url":"https:\/\/bibliodontoufmg.files.wordpress.com\/2018\/10\/capturar2.png","type":"","width":"","height":""}],"twitter_card":"summary_large_image","schema":{"@context":"https:\/\/schema.org","@graph":[{"@type":"WebPage","@id":"https:\/\/www.odonto.ufmg.br\/biblioteca\/g\/","url":"https:\/\/www.odonto.ufmg.br\/biblioteca\/g\/","name":"G - Biblioteca Professora Helena Helo\u00edsa Paix\u00e3o","isPartOf":{"@id":"https:\/\/www.odonto.ufmg.br\/biblioteca\/#website"},"primaryImageOfPage":{"@id":"https:\/\/www.odonto.ufmg.br\/biblioteca\/g\/#primaryimage"},"image":{"@id":"https:\/\/www.odonto.ufmg.br\/biblioteca\/g\/#primaryimage"},"thumbnailUrl":"https:\/\/bibliodontoufmg.files.wordpress.com\/2018\/10\/capturar2.png","datePublished":"2019-08-14T23:50:31+00:00","dateModified":"2019-08-19T14:49:22+00:00","breadcrumb":{"@id":"https:\/\/www.odonto.ufmg.br\/biblioteca\/g\/#breadcrumb"},"inLanguage":"pt-BR","potentialAction":[{"@type":"ReadAction","target":["https:\/\/www.odonto.ufmg.br\/biblioteca\/g\/"]}]},{"@type":"ImageObject","inLanguage":"pt-BR","@id":"https:\/\/www.odonto.ufmg.br\/biblioteca\/g\/#primaryimage","url":"https:\/\/bibliodontoufmg.files.wordpress.com\/2018\/10\/capturar2.png","contentUrl":"https:\/\/bibliodontoufmg.files.wordpress.com\/2018\/10\/capturar2.png"},{"@type":"BreadcrumbList","@id":"https:\/\/www.odonto.ufmg.br\/biblioteca\/g\/#breadcrumb","itemListElement":[{"@type":"ListItem","position":1,"name":"In\u00edcio","item":"https:\/\/www.odonto.ufmg.br\/biblioteca\/inicio2\/"},{"@type":"ListItem","position":2,"name":"G"}]},{"@type":"WebSite","@id":"https:\/\/www.odonto.ufmg.br\/biblioteca\/#website","url":"https:\/\/www.odonto.ufmg.br\/biblioteca\/","name":"Biblioteca Professora Helena Helo\u00edsa Paix\u00e3o","description":"Faculdade de Odontologia UFMG","potentialAction":[{"@type":"SearchAction","target":{"@type":"EntryPoint","urlTemplate":"https:\/\/www.odonto.ufmg.br\/biblioteca\/?s={search_term_string}"},"query-input":{"@type":"PropertyValueSpecification","valueRequired":true,"valueName":"search_term_string"}}],"inLanguage":"pt-BR"}]}},"_links":{"self":[{"href":"https:\/\/www.odonto.ufmg.br\/biblioteca\/wp-json\/wp\/v2\/pages\/3429","targetHints":{"allow":["GET"]}}],"collection":[{"href":"https:\/\/www.odonto.ufmg.br\/biblioteca\/wp-json\/wp\/v2\/pages"}],"about":[{"href":"https:\/\/www.odonto.ufmg.br\/biblioteca\/wp-json\/wp\/v2\/types\/page"}],"author":[{"embeddable":true,"href":"https:\/\/www.odonto.ufmg.br\/biblioteca\/wp-json\/wp\/v2\/users\/35"}],"replies":[{"embeddable":true,"href":"https:\/\/www.odonto.ufmg.br\/biblioteca\/wp-json\/wp\/v2\/comments?post=3429"}],"version-history":[{"count":5,"href":"https:\/\/www.odonto.ufmg.br\/biblioteca\/wp-json\/wp\/v2\/pages\/3429\/revisions"}],"predecessor-version":[{"id":3698,"href":"https:\/\/www.odonto.ufmg.br\/biblioteca\/wp-json\/wp\/v2\/pages\/3429\/revisions\/3698"}],"wp:attachment":[{"href":"https:\/\/www.odonto.ufmg.br\/biblioteca\/wp-json\/wp\/v2\/media?parent=3429"}],"curies":[{"name":"wp","href":"https:\/\/api.w.org\/{rel}","templated":true}]}}