{"id":3384,"date":"2019-08-14T18:25:44","date_gmt":"2019-08-14T21:25:44","guid":{"rendered":"http:\/\/www.odonto.ufmg.br\/biblioteca\/?page_id=3384"},"modified":"2025-09-02T14:32:08","modified_gmt":"2025-09-02T17:32:08","slug":"abreviaturas-de-periodicos","status":"publish","type":"page","link":"https:\/\/www.odonto.ufmg.br\/biblioteca\/abreviaturas-de-periodicos\/","title":{"rendered":"ABREVIATURAS DE PERI\u00d3DICOS"},"content":{"rendered":"<h1 class=\"entry-title\">Abreviaturas de peri\u00f3dicos da \u00e1rea\u00a0odontol\u00f3gica<\/h1>\n<div class=\"entry-content\">\n<h6>\u00a0\u00a0<strong><a href=\"https:\/\/catalogobiblioteca.ufmg.br\/pergamum\/biblioteca\/\" target=\"_blank\" rel=\"noopener noreferrer\"><img decoding=\"async\" src=\"https:\/\/encrypted-tbn2.gstatic.com\/images?q=tbn:ANd9GcSKFc98T6vZF8kB4LH0jr1ks3tzumUSveAt6Y0gBZuY0nYCrkab9Q\" alt=\"\" width=\"84\" height=\"25\" \/><\/a><em>\u00a0\u00a0Cole\u00e7\u00e3o da Biblioteca<\/em><\/strong><\/h6>\n<h4><strong><a href=\"https:\/\/www.odonto.ufmg.br\/biblioteca\/a\/\">A\u00a0<\/a> \u00a0 \u00a0\u00a0<a href=\"http:\/\/www.odonto.ufmg.br\/biblioteca\/b\/\">B<\/a>\u00a0 \u00a0 \u00a0\u00a0<a href=\"http:\/\/www.odonto.ufmg.br\/biblioteca\/c\/\">C<\/a>\u00a0 \u00a0 \u00a0\u00a0<a href=\"http:\/\/www.odonto.ufmg.br\/biblioteca\/d\/\">D<\/a>\u00a0\u00a0\u00a0\u00a0<a href=\"http:\/\/www.odonto.ufmg.br\/biblioteca\/e\/\">E<\/a>\u00a0 \u00a0 \u00a0\u00a0<a href=\"http:\/\/www.odonto.ufmg.br\/biblioteca\/f\/\">F<\/a>\u00a0 \u00a0 \u00a0\u00a0<a href=\"http:\/\/www.odonto.ufmg.br\/biblioteca\/g\/\">G<\/a>\u00a0 \u00a0 \u00a0\u00a0<a href=\"http:\/\/www.odonto.ufmg.br\/biblioteca\/h\/\">H<\/a>\u00a0 \u00a0 \u00a0<a href=\"http:\/\/www.odonto.ufmg.br\/biblioteca\/i\/\">\u00a0I\u00a0<\/a>\u00a0 \u00a0\u00a0<a href=\"http:\/\/www.odonto.ufmg.br\/biblioteca\/j\/\">\u00a0J\u00a0<\/a>\u00a0 \u00a0\u00a0<a href=\"http:\/\/www.odonto.ufmg.br\/biblioteca\/k\/\">\u00a0K<\/a>\u00a0 \u00a0 \u00a0<a href=\"http:\/\/www.odonto.ufmg.br\/biblioteca\/l\/\">\u00a0L<\/a>\u00a0 \u00a0\u00a0<a href=\"http:\/\/www.odonto.ufmg.br\/biblioteca\/m\/\">\u00a0M\u00a0<\/a>\u00a0 \u00a0\u00a0<a href=\"http:\/\/www.odonto.ufmg.br\/biblioteca\/n\/\">N<\/a>\u00a0 \u00a0<\/strong><strong><a href=\"http:\/\/www.odonto.ufmg.br\/biblioteca\/o\/\">O\u00a0<\/a>\u00a0 \u00a0<a href=\"http:\/\/www.odonto.ufmg.br\/biblioteca\/p\/\">\u00a0P<\/a>\u00a0 \u00a0\u00a0<a href=\"http:\/\/www.odonto.ufmg.br\/biblioteca\/q\/\">Q<\/a>\u00a0 \u00a0\u00a0<a href=\"http:\/\/www.odonto.ufmg.br\/biblioteca\/r\/\">\u00a0R\u00a0<\/a>\u00a0\u00a0 \u00a0<\/strong><strong><a href=\"http:\/\/www.odonto.ufmg.br\/biblioteca\/s\/\">S<\/a>\u00a0 \u00a0 \u00a0<a href=\"http:\/\/www.odonto.ufmg.br\/biblioteca\/t\/\">T<\/a>\u00a0 \u00a0\u00a0<a href=\"http:\/\/www.odonto.ufmg.br\/biblioteca\/u\/\">\u00a0U\u00a0<\/a>\u00a0<\/strong><strong>\u00a0<a href=\"http:\/\/www.odonto.ufmg.br\/biblioteca\/v\/\">\u00a0V\u00a0<\/a>\u00a0 \u00a0 \u00a0<a href=\"http:\/\/www.odonto.ufmg.br\/biblioteca\/w\/\">W<\/a><\/strong><\/h4>\n<\/div>\n","protected":false},"excerpt":{"rendered":"<p>Abreviaturas de peri\u00f3dicos da \u00e1rea\u00a0odontol\u00f3gica \u00a0\u00a0\u00a0\u00a0Cole\u00e7\u00e3o da Biblioteca A\u00a0 \u00a0 \u00a0\u00a0B\u00a0 \u00a0 \u00a0\u00a0C\u00a0 \u00a0 \u00a0\u00a0D\u00a0\u00a0\u00a0\u00a0E\u00a0 \u00a0 \u00a0\u00a0F\u00a0 \u00a0 \u00a0\u00a0G\u00a0 \u00a0 \u00a0\u00a0H\u00a0 \u00a0 \u00a0\u00a0I\u00a0\u00a0 \u00a0\u00a0\u00a0J\u00a0\u00a0 \u00a0\u00a0\u00a0K\u00a0 \u00a0 \u00a0\u00a0L\u00a0 \u00a0\u00a0\u00a0M\u00a0\u00a0 \u00a0\u00a0N\u00a0 \u00a0O\u00a0\u00a0 \u00a0\u00a0P\u00a0 \u00a0\u00a0Q\u00a0 \u00a0\u00a0\u00a0R\u00a0\u00a0\u00a0 \u00a0S\u00a0 \u00a0 \u00a0T\u00a0 \u00a0\u00a0\u00a0U\u00a0\u00a0\u00a0\u00a0V\u00a0\u00a0 \u00a0 \u00a0W<\/p>\n","protected":false},"author":35,"featured_media":0,"parent":0,"menu_order":0,"comment_status":"closed","ping_status":"closed","template":"","meta":{"inline_featured_image":false,"footnotes":""},"class_list":["post-3384","page","type-page","status-publish","hentry"],"yoast_head":"<!-- This site is optimized with the Yoast SEO plugin v27.6 - https:\/\/yoast.com\/product\/yoast-seo-wordpress\/ -->\n<title>ABREVIATURAS DE PERI\u00d3DICOS - Biblioteca Professora Helena Helo\u00edsa Paix\u00e3o<\/title>\n<meta name=\"robots\" content=\"index, follow, max-snippet:-1, max-image-preview:large, max-video-preview:-1\" \/>\n<link rel=\"canonical\" href=\"https:\/\/www.odonto.ufmg.br\/biblioteca\/abreviaturas-de-periodicos\/\" \/>\n<meta property=\"og:locale\" content=\"pt_BR\" \/>\n<meta property=\"og:type\" content=\"article\" \/>\n<meta property=\"og:title\" content=\"ABREVIATURAS DE PERI\u00d3DICOS - Biblioteca Professora Helena Helo\u00edsa Paix\u00e3o\" \/>\n<meta property=\"og:description\" content=\"Abreviaturas de peri\u00f3dicos da \u00e1rea\u00a0odontol\u00f3gica \u00a0\u00a0\u00a0\u00a0Cole\u00e7\u00e3o da Biblioteca A\u00a0 \u00a0 \u00a0\u00a0B\u00a0 \u00a0 \u00a0\u00a0C\u00a0 \u00a0 \u00a0\u00a0D\u00a0\u00a0\u00a0\u00a0E\u00a0 \u00a0 \u00a0\u00a0F\u00a0 \u00a0 \u00a0\u00a0G\u00a0 \u00a0 \u00a0\u00a0H\u00a0 \u00a0 \u00a0\u00a0I\u00a0\u00a0 \u00a0\u00a0\u00a0J\u00a0\u00a0 \u00a0\u00a0\u00a0K\u00a0 \u00a0 \u00a0\u00a0L\u00a0 \u00a0\u00a0\u00a0M\u00a0\u00a0 \u00a0\u00a0N\u00a0 \u00a0O\u00a0\u00a0 \u00a0\u00a0P\u00a0 \u00a0\u00a0Q\u00a0 \u00a0\u00a0\u00a0R\u00a0\u00a0\u00a0 \u00a0S\u00a0 \u00a0 \u00a0T\u00a0 \u00a0\u00a0\u00a0U\u00a0\u00a0\u00a0\u00a0V\u00a0\u00a0 \u00a0 \u00a0W\" \/>\n<meta property=\"og:url\" content=\"https:\/\/www.odonto.ufmg.br\/biblioteca\/abreviaturas-de-periodicos\/\" \/>\n<meta property=\"og:site_name\" content=\"Biblioteca Professora Helena Helo\u00edsa Paix\u00e3o\" \/>\n<meta property=\"article:modified_time\" content=\"2025-09-02T17:32:08+00:00\" \/>\n<meta property=\"og:image\" content=\"https:\/\/encrypted-tbn2.gstatic.com\/images?q=tbn:ANd9GcSKFc98T6vZF8kB4LH0jr1ks3tzumUSveAt6Y0gBZuY0nYCrkab9Q\" \/>\n<meta name=\"twitter:card\" content=\"summary_large_image\" \/>\n<meta name=\"twitter:label1\" content=\"Est. tempo de leitura\" \/>\n\t<meta name=\"twitter:data1\" content=\"1 minuto\" \/>\n<script type=\"application\/ld+json\" class=\"yoast-schema-graph\">{\"@context\":\"https:\\\/\\\/schema.org\",\"@graph\":[{\"@type\":\"WebPage\",\"@id\":\"https:\\\/\\\/www.odonto.ufmg.br\\\/biblioteca\\\/abreviaturas-de-periodicos\\\/\",\"url\":\"https:\\\/\\\/www.odonto.ufmg.br\\\/biblioteca\\\/abreviaturas-de-periodicos\\\/\",\"name\":\"ABREVIATURAS DE PERI\u00d3DICOS - Biblioteca Professora Helena Helo\u00edsa Paix\u00e3o\",\"isPartOf\":{\"@id\":\"https:\\\/\\\/www.odonto.ufmg.br\\\/biblioteca\\\/#website\"},\"primaryImageOfPage\":{\"@id\":\"https:\\\/\\\/www.odonto.ufmg.br\\\/biblioteca\\\/abreviaturas-de-periodicos\\\/#primaryimage\"},\"image\":{\"@id\":\"https:\\\/\\\/www.odonto.ufmg.br\\\/biblioteca\\\/abreviaturas-de-periodicos\\\/#primaryimage\"},\"thumbnailUrl\":\"https:\\\/\\\/encrypted-tbn2.gstatic.com\\\/images?q=tbn:ANd9GcSKFc98T6vZF8kB4LH0jr1ks3tzumUSveAt6Y0gBZuY0nYCrkab9Q\",\"datePublished\":\"2019-08-14T21:25:44+00:00\",\"dateModified\":\"2025-09-02T17:32:08+00:00\",\"breadcrumb\":{\"@id\":\"https:\\\/\\\/www.odonto.ufmg.br\\\/biblioteca\\\/abreviaturas-de-periodicos\\\/#breadcrumb\"},\"inLanguage\":\"pt-BR\",\"potentialAction\":[{\"@type\":\"ReadAction\",\"target\":[\"https:\\\/\\\/www.odonto.ufmg.br\\\/biblioteca\\\/abreviaturas-de-periodicos\\\/\"]}]},{\"@type\":\"ImageObject\",\"inLanguage\":\"pt-BR\",\"@id\":\"https:\\\/\\\/www.odonto.ufmg.br\\\/biblioteca\\\/abreviaturas-de-periodicos\\\/#primaryimage\",\"url\":\"https:\\\/\\\/encrypted-tbn2.gstatic.com\\\/images?q=tbn:ANd9GcSKFc98T6vZF8kB4LH0jr1ks3tzumUSveAt6Y0gBZuY0nYCrkab9Q\",\"contentUrl\":\"https:\\\/\\\/encrypted-tbn2.gstatic.com\\\/images?q=tbn:ANd9GcSKFc98T6vZF8kB4LH0jr1ks3tzumUSveAt6Y0gBZuY0nYCrkab9Q\"},{\"@type\":\"BreadcrumbList\",\"@id\":\"https:\\\/\\\/www.odonto.ufmg.br\\\/biblioteca\\\/abreviaturas-de-periodicos\\\/#breadcrumb\",\"itemListElement\":[{\"@type\":\"ListItem\",\"position\":1,\"name\":\"In\u00edcio\",\"item\":\"https:\\\/\\\/www.odonto.ufmg.br\\\/biblioteca\\\/inicio2\\\/\"},{\"@type\":\"ListItem\",\"position\":2,\"name\":\"ABREVIATURAS DE PERI\u00d3DICOS\"}]},{\"@type\":\"WebSite\",\"@id\":\"https:\\\/\\\/www.odonto.ufmg.br\\\/biblioteca\\\/#website\",\"url\":\"https:\\\/\\\/www.odonto.ufmg.br\\\/biblioteca\\\/\",\"name\":\"Biblioteca Professora Helena Helo\u00edsa Paix\u00e3o\",\"description\":\"Faculdade de Odontologia UFMG\",\"potentialAction\":[{\"@type\":\"SearchAction\",\"target\":{\"@type\":\"EntryPoint\",\"urlTemplate\":\"https:\\\/\\\/www.odonto.ufmg.br\\\/biblioteca\\\/?s={search_term_string}\"},\"query-input\":{\"@type\":\"PropertyValueSpecification\",\"valueRequired\":true,\"valueName\":\"search_term_string\"}}],\"inLanguage\":\"pt-BR\"}]}<\/script>\n<!-- \/ Yoast SEO plugin. -->","yoast_head_json":{"title":"ABREVIATURAS DE PERI\u00d3DICOS - Biblioteca Professora Helena Helo\u00edsa Paix\u00e3o","robots":{"index":"index","follow":"follow","max-snippet":"max-snippet:-1","max-image-preview":"max-image-preview:large","max-video-preview":"max-video-preview:-1"},"canonical":"https:\/\/www.odonto.ufmg.br\/biblioteca\/abreviaturas-de-periodicos\/","og_locale":"pt_BR","og_type":"article","og_title":"ABREVIATURAS DE PERI\u00d3DICOS - Biblioteca Professora Helena Helo\u00edsa Paix\u00e3o","og_description":"Abreviaturas de peri\u00f3dicos da \u00e1rea\u00a0odontol\u00f3gica \u00a0\u00a0\u00a0\u00a0Cole\u00e7\u00e3o da Biblioteca A\u00a0 \u00a0 \u00a0\u00a0B\u00a0 \u00a0 \u00a0\u00a0C\u00a0 \u00a0 \u00a0\u00a0D\u00a0\u00a0\u00a0\u00a0E\u00a0 \u00a0 \u00a0\u00a0F\u00a0 \u00a0 \u00a0\u00a0G\u00a0 \u00a0 \u00a0\u00a0H\u00a0 \u00a0 \u00a0\u00a0I\u00a0\u00a0 \u00a0\u00a0\u00a0J\u00a0\u00a0 \u00a0\u00a0\u00a0K\u00a0 \u00a0 \u00a0\u00a0L\u00a0 \u00a0\u00a0\u00a0M\u00a0\u00a0 \u00a0\u00a0N\u00a0 \u00a0O\u00a0\u00a0 \u00a0\u00a0P\u00a0 \u00a0\u00a0Q\u00a0 \u00a0\u00a0\u00a0R\u00a0\u00a0\u00a0 \u00a0S\u00a0 \u00a0 \u00a0T\u00a0 \u00a0\u00a0\u00a0U\u00a0\u00a0\u00a0\u00a0V\u00a0\u00a0 \u00a0 \u00a0W","og_url":"https:\/\/www.odonto.ufmg.br\/biblioteca\/abreviaturas-de-periodicos\/","og_site_name":"Biblioteca Professora Helena Helo\u00edsa Paix\u00e3o","article_modified_time":"2025-09-02T17:32:08+00:00","og_image":[{"url":"https:\/\/encrypted-tbn2.gstatic.com\/images?q=tbn:ANd9GcSKFc98T6vZF8kB4LH0jr1ks3tzumUSveAt6Y0gBZuY0nYCrkab9Q","type":"","width":"","height":""}],"twitter_card":"summary_large_image","twitter_misc":{"Est. tempo de leitura":"1 minuto"},"schema":{"@context":"https:\/\/schema.org","@graph":[{"@type":"WebPage","@id":"https:\/\/www.odonto.ufmg.br\/biblioteca\/abreviaturas-de-periodicos\/","url":"https:\/\/www.odonto.ufmg.br\/biblioteca\/abreviaturas-de-periodicos\/","name":"ABREVIATURAS DE PERI\u00d3DICOS - Biblioteca Professora Helena Helo\u00edsa Paix\u00e3o","isPartOf":{"@id":"https:\/\/www.odonto.ufmg.br\/biblioteca\/#website"},"primaryImageOfPage":{"@id":"https:\/\/www.odonto.ufmg.br\/biblioteca\/abreviaturas-de-periodicos\/#primaryimage"},"image":{"@id":"https:\/\/www.odonto.ufmg.br\/biblioteca\/abreviaturas-de-periodicos\/#primaryimage"},"thumbnailUrl":"https:\/\/encrypted-tbn2.gstatic.com\/images?q=tbn:ANd9GcSKFc98T6vZF8kB4LH0jr1ks3tzumUSveAt6Y0gBZuY0nYCrkab9Q","datePublished":"2019-08-14T21:25:44+00:00","dateModified":"2025-09-02T17:32:08+00:00","breadcrumb":{"@id":"https:\/\/www.odonto.ufmg.br\/biblioteca\/abreviaturas-de-periodicos\/#breadcrumb"},"inLanguage":"pt-BR","potentialAction":[{"@type":"ReadAction","target":["https:\/\/www.odonto.ufmg.br\/biblioteca\/abreviaturas-de-periodicos\/"]}]},{"@type":"ImageObject","inLanguage":"pt-BR","@id":"https:\/\/www.odonto.ufmg.br\/biblioteca\/abreviaturas-de-periodicos\/#primaryimage","url":"https:\/\/encrypted-tbn2.gstatic.com\/images?q=tbn:ANd9GcSKFc98T6vZF8kB4LH0jr1ks3tzumUSveAt6Y0gBZuY0nYCrkab9Q","contentUrl":"https:\/\/encrypted-tbn2.gstatic.com\/images?q=tbn:ANd9GcSKFc98T6vZF8kB4LH0jr1ks3tzumUSveAt6Y0gBZuY0nYCrkab9Q"},{"@type":"BreadcrumbList","@id":"https:\/\/www.odonto.ufmg.br\/biblioteca\/abreviaturas-de-periodicos\/#breadcrumb","itemListElement":[{"@type":"ListItem","position":1,"name":"In\u00edcio","item":"https:\/\/www.odonto.ufmg.br\/biblioteca\/inicio2\/"},{"@type":"ListItem","position":2,"name":"ABREVIATURAS DE PERI\u00d3DICOS"}]},{"@type":"WebSite","@id":"https:\/\/www.odonto.ufmg.br\/biblioteca\/#website","url":"https:\/\/www.odonto.ufmg.br\/biblioteca\/","name":"Biblioteca Professora Helena Helo\u00edsa Paix\u00e3o","description":"Faculdade de Odontologia UFMG","potentialAction":[{"@type":"SearchAction","target":{"@type":"EntryPoint","urlTemplate":"https:\/\/www.odonto.ufmg.br\/biblioteca\/?s={search_term_string}"},"query-input":{"@type":"PropertyValueSpecification","valueRequired":true,"valueName":"search_term_string"}}],"inLanguage":"pt-BR"}]}},"_links":{"self":[{"href":"https:\/\/www.odonto.ufmg.br\/biblioteca\/wp-json\/wp\/v2\/pages\/3384","targetHints":{"allow":["GET"]}}],"collection":[{"href":"https:\/\/www.odonto.ufmg.br\/biblioteca\/wp-json\/wp\/v2\/pages"}],"about":[{"href":"https:\/\/www.odonto.ufmg.br\/biblioteca\/wp-json\/wp\/v2\/types\/page"}],"author":[{"embeddable":true,"href":"https:\/\/www.odonto.ufmg.br\/biblioteca\/wp-json\/wp\/v2\/users\/35"}],"replies":[{"embeddable":true,"href":"https:\/\/www.odonto.ufmg.br\/biblioteca\/wp-json\/wp\/v2\/comments?post=3384"}],"version-history":[{"count":9,"href":"https:\/\/www.odonto.ufmg.br\/biblioteca\/wp-json\/wp\/v2\/pages\/3384\/revisions"}],"predecessor-version":[{"id":7343,"href":"https:\/\/www.odonto.ufmg.br\/biblioteca\/wp-json\/wp\/v2\/pages\/3384\/revisions\/7343"}],"wp:attachment":[{"href":"https:\/\/www.odonto.ufmg.br\/biblioteca\/wp-json\/wp\/v2\/media?parent=3384"}],"curies":[{"name":"wp","href":"https:\/\/api.w.org\/{rel}","templated":true}]}}