{"id":2851,"date":"2016-08-08T15:41:39","date_gmt":"2016-08-08T18:41:39","guid":{"rendered":"http:\/\/www.odonto.ufmg.br\/biblioteca\/?page_id=2851"},"modified":"2025-10-21T19:12:04","modified_gmt":"2025-10-21T22:12:04","slug":"sugestoes-de-aquisicao","status":"publish","type":"page","link":"https:\/\/www.odonto.ufmg.br\/biblioteca\/sugestoes-de-aquisicao\/","title":{"rendered":"Sugest\u00f5es de Aquisi\u00e7\u00e3o"},"content":{"rendered":"\n<style type=\"text\/css\" data-created_by=\"avia_inline_auto\" id=\"style-css-av-lxhwxf-1ca70b873a3e762cdf065b9b00e77966\">\n.flex_column.av-lxhwxf-1ca70b873a3e762cdf065b9b00e77966{\nborder-radius:0px 0px 0px 0px;\npadding:0px 0px 0px 0px;\n}\n<\/style>\n<div  class='flex_column av-lxhwxf-1ca70b873a3e762cdf065b9b00e77966 av_one_full  avia-builder-el-0  el_before_av_one_half  avia-builder-el-first  first flex_column_div av-zero-column-padding  '     ><section  class='av_textblock_section av-lhw55v-cfde8afc45b4e60404918910dd581375 '   itemscope=\"itemscope\" itemtype=\"https:\/\/schema.org\/CreativeWork\" ><div class='avia_textblock'  itemprop=\"text\" ><h4>Caso queira fazer uma sugest\u00e3o de aquisi\u00e7\u00e3o, favor preencher o formul\u00e1rio abaixo:<\/h4>\n<\/div><\/section><br \/>\n<div  class='hr av-jnt8qb-80effd9ee9551a6aac2244691984b9aa hr-default  avia-builder-el-2  el_after_av_textblock  avia-builder-el-last '><span class='hr-inner '><span class=\"hr-inner-style\"><\/span><\/span><\/div><\/p><\/div>\n\n<style type=\"text\/css\" data-created_by=\"avia_inline_auto\" id=\"style-css-av-hhmtab-30b25fc5eaa23f756e8878393a3d4736\">\n.flex_column.av-hhmtab-30b25fc5eaa23f756e8878393a3d4736{\nborder-radius:0px 0px 0px 0px;\npadding:0px 0px 0px 0px;\n}\n<\/style>\n<div  class='flex_column av-hhmtab-30b25fc5eaa23f756e8878393a3d4736 av_one_half  avia-builder-el-3  el_after_av_one_full  avia-builder-el-last  first flex_column_div av-zero-column-padding  column-top-margin'     ><form action=\"https:\/\/www.odonto.ufmg.br\/biblioteca\/sugestoes-de-aquisicao\/\" method=\"post\" data-fields-with-error=\"Found errors in the following field(s):\" class=\"avia_ajax_form av-form-labels-visible   avia-builder-el-4  avia-builder-el-no-sibling   \" data-avia-form-id=\"1\" data-avia-redirect=''  aria-label='Formul\u00e1rio de contato' ><h3 class=''>Sugest\u00e3o de Aquisi\u00e7\u00e3o<\/h3><fieldset><p class='  first_form  form_element form_fullwidth' id='element_avia_1_1'><label for=\"avia_1_1\">T\u00edtulo da Obra <abbr class=\"required\" title=\"required\">*<\/abbr><\/label> <input name=\"avia_1_1\" class=\"text_input is_empty\" type=\"text\" id=\"avia_1_1\" value=\"\" \/><\/p><p class='  first_form  form_element form_fullwidth' id='element_avia_2_1'><label for=\"avia_2_1\">Autor <abbr class=\"required\" title=\"required\">*<\/abbr><\/label> <input name=\"avia_2_1\" class=\"text_input is_empty\" type=\"text\" id=\"avia_2_1\" value=\"\" \/><\/p><p class='  first_form  form_element form_fullwidth' id='element_avia_3_1'><label for=\"avia_3_1\">Editora <abbr class=\"required\" title=\"required\">*<\/abbr><\/label> <input name=\"avia_3_1\" class=\"text_input is_empty\" type=\"text\" id=\"avia_3_1\" value=\"\" \/><\/p><p class='  first_form  form_element form_fullwidth' id='element_avia_4_1'><label for=\"avia_4_1\">Edi\u00e7\u00e3o<\/label> <input name=\"avia_4_1\" class=\"text_input \" type=\"text\" id=\"avia_4_1\" value=\"\" \/><\/p><p class='  first_form  form_element form_fullwidth' id='element_avia_5_1'><label for=\"avia_5_1\">V\u00ednculo Institucional <abbr class=\"required\" title=\"required\">*<\/abbr><\/label><select  name=\"avia_5_1\" class=\"select is_empty\" id=\"avia_5_1\"><option  selected=\"selected\" value=''><\/option><option   value='Professor(a)'>Professor(a)<\/option><option   value='Aluno(a) Gradua\u00e7\u00e3o'>Aluno(a) Gradua\u00e7\u00e3o<\/option><option   value='Aluno(a) P\u00f3s-Gradua\u00e7\u00e3o'>Aluno(a) P\u00f3s-Gradua\u00e7\u00e3o<\/option><option   value='Pesquisador(a)'>Pesquisador(a)<\/option><option   value='Outro'>Outro<\/option><\/select><\/p><p class='  first_form  form_element form_fullwidth' id='element_avia_6_1'><label for=\"avia_6_1\">Nome <abbr class=\"required\" title=\"required\">*<\/abbr><\/label> <input name=\"avia_6_1\" class=\"text_input is_empty\" type=\"text\" id=\"avia_6_1\" value=\"\" \/><\/p><p class='  first_form  form_element form_fullwidth' id='element_avia_7_1'><label for=\"avia_7_1\">E-Mail <abbr class=\"required\" title=\"required\">*<\/abbr><\/label> <input name=\"avia_7_1\" class=\"text_input is_email\" type=\"text\" id=\"avia_7_1\" value=\"\" \/><\/p><p class='  first_form  form_element form_fullwidth av-last-visible-form-element' id='element_avia_8_1'><label for=\"avia_8_1\" class=\"textare_label hidden textare_label_avia_8_1\">Outras Informa\u00e7\u00f5es<\/label><textarea  name=\"avia_8_1\" class=\"text_area \" cols=\"40\" rows=\"7\" id=\"avia_8_1\" ><\/textarea><\/p><p class=\"hidden\"><input type=\"text\" name=\"avia_9_1\" class=\"hidden \" id=\"avia_9_1\" value=\"\" \/><\/p><p class=\"form_element \"><input type=\"hidden\" value=\"1\" name=\"avia_generated_form1\" \/><input type=\"submit\" value=\"Enviar\" class=\"button\"  data-sending-label=\"Sending\"\/><\/p><\/fieldset><\/form><div id=\"ajaxresponse_1\" class=\"ajaxresponse ajaxresponse_1 hidden\"><\/div><\/div>\n","protected":false},"excerpt":{"rendered":"","protected":false},"author":1,"featured_media":0,"parent":0,"menu_order":0,"comment_status":"closed","ping_status":"closed","template":"","meta":{"inline_featured_image":false,"footnotes":""},"class_list":["post-2851","page","type-page","status-publish","hentry"],"yoast_head":"<!-- This site is optimized with the Yoast SEO plugin v27.5 - https:\/\/yoast.com\/product\/yoast-seo-wordpress\/ -->\n<title>Sugest\u00f5es de Aquisi\u00e7\u00e3o - Biblioteca Professora Helena Helo\u00edsa Paix\u00e3o<\/title>\n<meta name=\"robots\" content=\"index, follow, max-snippet:-1, max-image-preview:large, max-video-preview:-1\" \/>\n<link rel=\"canonical\" href=\"https:\/\/www.odonto.ufmg.br\/biblioteca\/sugestoes-de-aquisicao\/\" \/>\n<meta property=\"og:locale\" content=\"pt_BR\" \/>\n<meta property=\"og:type\" content=\"article\" \/>\n<meta property=\"og:title\" content=\"Sugest\u00f5es de Aquisi\u00e7\u00e3o - Biblioteca Professora Helena Helo\u00edsa Paix\u00e3o\" \/>\n<meta property=\"og:url\" content=\"https:\/\/www.odonto.ufmg.br\/biblioteca\/sugestoes-de-aquisicao\/\" \/>\n<meta property=\"og:site_name\" content=\"Biblioteca Professora Helena Helo\u00edsa Paix\u00e3o\" \/>\n<meta property=\"article:modified_time\" content=\"2025-10-21T22:12:04+00:00\" \/>\n<meta name=\"twitter:card\" content=\"summary_large_image\" \/>\n<meta name=\"twitter:label1\" content=\"Est. tempo de leitura\" \/>\n\t<meta name=\"twitter:data1\" content=\"1 minuto\" \/>\n<script type=\"application\/ld+json\" class=\"yoast-schema-graph\">{\"@context\":\"https:\\\/\\\/schema.org\",\"@graph\":[{\"@type\":\"WebPage\",\"@id\":\"https:\\\/\\\/www.odonto.ufmg.br\\\/biblioteca\\\/sugestoes-de-aquisicao\\\/\",\"url\":\"https:\\\/\\\/www.odonto.ufmg.br\\\/biblioteca\\\/sugestoes-de-aquisicao\\\/\",\"name\":\"Sugest\u00f5es de Aquisi\u00e7\u00e3o - Biblioteca Professora Helena Helo\u00edsa Paix\u00e3o\",\"isPartOf\":{\"@id\":\"https:\\\/\\\/www.odonto.ufmg.br\\\/biblioteca\\\/#website\"},\"datePublished\":\"2016-08-08T18:41:39+00:00\",\"dateModified\":\"2025-10-21T22:12:04+00:00\",\"breadcrumb\":{\"@id\":\"https:\\\/\\\/www.odonto.ufmg.br\\\/biblioteca\\\/sugestoes-de-aquisicao\\\/#breadcrumb\"},\"inLanguage\":\"pt-BR\",\"potentialAction\":[{\"@type\":\"ReadAction\",\"target\":[\"https:\\\/\\\/www.odonto.ufmg.br\\\/biblioteca\\\/sugestoes-de-aquisicao\\\/\"]}]},{\"@type\":\"BreadcrumbList\",\"@id\":\"https:\\\/\\\/www.odonto.ufmg.br\\\/biblioteca\\\/sugestoes-de-aquisicao\\\/#breadcrumb\",\"itemListElement\":[{\"@type\":\"ListItem\",\"position\":1,\"name\":\"In\u00edcio\",\"item\":\"https:\\\/\\\/www.odonto.ufmg.br\\\/biblioteca\\\/inicio2\\\/\"},{\"@type\":\"ListItem\",\"position\":2,\"name\":\"Sugest\u00f5es de Aquisi\u00e7\u00e3o\"}]},{\"@type\":\"WebSite\",\"@id\":\"https:\\\/\\\/www.odonto.ufmg.br\\\/biblioteca\\\/#website\",\"url\":\"https:\\\/\\\/www.odonto.ufmg.br\\\/biblioteca\\\/\",\"name\":\"Biblioteca Professora Helena Helo\u00edsa Paix\u00e3o\",\"description\":\"Faculdade de Odontologia UFMG\",\"potentialAction\":[{\"@type\":\"SearchAction\",\"target\":{\"@type\":\"EntryPoint\",\"urlTemplate\":\"https:\\\/\\\/www.odonto.ufmg.br\\\/biblioteca\\\/?s={search_term_string}\"},\"query-input\":{\"@type\":\"PropertyValueSpecification\",\"valueRequired\":true,\"valueName\":\"search_term_string\"}}],\"inLanguage\":\"pt-BR\"}]}<\/script>\n<!-- \/ Yoast SEO plugin. -->","yoast_head_json":{"title":"Sugest\u00f5es de Aquisi\u00e7\u00e3o - Biblioteca Professora Helena Helo\u00edsa Paix\u00e3o","robots":{"index":"index","follow":"follow","max-snippet":"max-snippet:-1","max-image-preview":"max-image-preview:large","max-video-preview":"max-video-preview:-1"},"canonical":"https:\/\/www.odonto.ufmg.br\/biblioteca\/sugestoes-de-aquisicao\/","og_locale":"pt_BR","og_type":"article","og_title":"Sugest\u00f5es de Aquisi\u00e7\u00e3o - Biblioteca Professora Helena Helo\u00edsa Paix\u00e3o","og_url":"https:\/\/www.odonto.ufmg.br\/biblioteca\/sugestoes-de-aquisicao\/","og_site_name":"Biblioteca Professora Helena Helo\u00edsa Paix\u00e3o","article_modified_time":"2025-10-21T22:12:04+00:00","twitter_card":"summary_large_image","twitter_misc":{"Est. tempo de leitura":"1 minuto"},"schema":{"@context":"https:\/\/schema.org","@graph":[{"@type":"WebPage","@id":"https:\/\/www.odonto.ufmg.br\/biblioteca\/sugestoes-de-aquisicao\/","url":"https:\/\/www.odonto.ufmg.br\/biblioteca\/sugestoes-de-aquisicao\/","name":"Sugest\u00f5es de Aquisi\u00e7\u00e3o - Biblioteca Professora Helena Helo\u00edsa Paix\u00e3o","isPartOf":{"@id":"https:\/\/www.odonto.ufmg.br\/biblioteca\/#website"},"datePublished":"2016-08-08T18:41:39+00:00","dateModified":"2025-10-21T22:12:04+00:00","breadcrumb":{"@id":"https:\/\/www.odonto.ufmg.br\/biblioteca\/sugestoes-de-aquisicao\/#breadcrumb"},"inLanguage":"pt-BR","potentialAction":[{"@type":"ReadAction","target":["https:\/\/www.odonto.ufmg.br\/biblioteca\/sugestoes-de-aquisicao\/"]}]},{"@type":"BreadcrumbList","@id":"https:\/\/www.odonto.ufmg.br\/biblioteca\/sugestoes-de-aquisicao\/#breadcrumb","itemListElement":[{"@type":"ListItem","position":1,"name":"In\u00edcio","item":"https:\/\/www.odonto.ufmg.br\/biblioteca\/inicio2\/"},{"@type":"ListItem","position":2,"name":"Sugest\u00f5es de Aquisi\u00e7\u00e3o"}]},{"@type":"WebSite","@id":"https:\/\/www.odonto.ufmg.br\/biblioteca\/#website","url":"https:\/\/www.odonto.ufmg.br\/biblioteca\/","name":"Biblioteca Professora Helena Helo\u00edsa Paix\u00e3o","description":"Faculdade de Odontologia UFMG","potentialAction":[{"@type":"SearchAction","target":{"@type":"EntryPoint","urlTemplate":"https:\/\/www.odonto.ufmg.br\/biblioteca\/?s={search_term_string}"},"query-input":{"@type":"PropertyValueSpecification","valueRequired":true,"valueName":"search_term_string"}}],"inLanguage":"pt-BR"}]}},"_links":{"self":[{"href":"https:\/\/www.odonto.ufmg.br\/biblioteca\/wp-json\/wp\/v2\/pages\/2851","targetHints":{"allow":["GET"]}}],"collection":[{"href":"https:\/\/www.odonto.ufmg.br\/biblioteca\/wp-json\/wp\/v2\/pages"}],"about":[{"href":"https:\/\/www.odonto.ufmg.br\/biblioteca\/wp-json\/wp\/v2\/types\/page"}],"author":[{"embeddable":true,"href":"https:\/\/www.odonto.ufmg.br\/biblioteca\/wp-json\/wp\/v2\/users\/1"}],"replies":[{"embeddable":true,"href":"https:\/\/www.odonto.ufmg.br\/biblioteca\/wp-json\/wp\/v2\/comments?post=2851"}],"version-history":[{"count":9,"href":"https:\/\/www.odonto.ufmg.br\/biblioteca\/wp-json\/wp\/v2\/pages\/2851\/revisions"}],"predecessor-version":[{"id":7779,"href":"https:\/\/www.odonto.ufmg.br\/biblioteca\/wp-json\/wp\/v2\/pages\/2851\/revisions\/7779"}],"wp:attachment":[{"href":"https:\/\/www.odonto.ufmg.br\/biblioteca\/wp-json\/wp\/v2\/media?parent=2851"}],"curies":[{"name":"wp","href":"https:\/\/api.w.org\/{rel}","templated":true}]}}