{"id":2842,"date":"2016-08-08T16:42:22","date_gmt":"2016-08-08T19:42:22","guid":{"rendered":"http:\/\/www.odonto.ufmg.br\/biblioteca\/?page_id=2842"},"modified":"2016-08-11T14:16:17","modified_gmt":"2016-08-11T17:16:17","slug":"novas-aquisicoes","status":"publish","type":"page","link":"https:\/\/www.odonto.ufmg.br\/biblioteca\/novas-aquisicoes\/","title":{"rendered":"Novas Aquisi\u00e7\u00f5es"},"content":{"rendered":"\n<style type=\"text\/css\" data-created_by=\"avia_inline_auto\" id=\"style-css-av-av_one_full-6126cab7d8fab8d08143dd2dacdf673c\">\n.flex_column.av-av_one_full-6126cab7d8fab8d08143dd2dacdf673c{\nborder-radius:0px 0px 0px 0px;\npadding:0px 0px 0px 0px;\n}\n<\/style>\n<div  class='flex_column av-av_one_full-6126cab7d8fab8d08143dd2dacdf673c av_one_full  avia-builder-el-0  el_before_av_one_half  avia-builder-el-first  first flex_column_div av-zero-column-padding  '     ><section  class='av_textblock_section av-av_textblock-0366cc7376be6c9e82a3e9cc8987b64f '   itemscope=\"itemscope\" itemtype=\"https:\/\/schema.org\/CreativeWork\" ><div class='avia_textblock'  itemprop=\"text\" ><h3>Novas Aquisi\u00e7\u00f5es Bibliogr\u00e1ficas<\/h3>\n<\/div><\/section><br \/>\n<div  class='hr av-av_hr-7baa9936fe5691b53f4ae1c79d4cc23f hr-short  avia-builder-el-2  el_after_av_textblock  el_before_av_textblock  hr-left'><span class='hr-inner '><span class=\"hr-inner-style\"><\/span><\/span><\/div><br \/>\n<section  class='av_textblock_section av-av_textblock-0366cc7376be6c9e82a3e9cc8987b64f '   itemscope=\"itemscope\" itemtype=\"https:\/\/schema.org\/CreativeWork\" ><div class='avia_textblock'  itemprop=\"text\" ><h4>Aquisi\u00e7\u00f5es de fevereiro a maio de 2016:<\/h4>\n<\/div><\/section><\/p><\/div>\n\n<style type=\"text\/css\" data-created_by=\"avia_inline_auto\" id=\"style-css-av-av_one_half-6126cab7d8fab8d08143dd2dacdf673c\">\n.flex_column.av-av_one_half-6126cab7d8fab8d08143dd2dacdf673c{\nborder-radius:0px 0px 0px 0px;\npadding:0px 0px 0px 0px;\n}\n<\/style>\n<div  class='flex_column av-av_one_half-6126cab7d8fab8d08143dd2dacdf673c av_one_half  avia-builder-el-4  el_after_av_one_full  el_before_av_one_half  first flex_column_div av-zero-column-padding  column-top-margin'     ><p><section  class='av_textblock_section av-av_textblock-0366cc7376be6c9e82a3e9cc8987b64f '   itemscope=\"itemscope\" itemtype=\"https:\/\/schema.org\/CreativeWork\" ><div class='avia_textblock'  itemprop=\"text\" ><p><a href=\"https:\/\/catalogobiblioteca.ufmg.br\/pergamum\/biblioteca\/index.php?codAcervo=607482\" target=\"_blank\"><img fetchpriority=\"high\" decoding=\"async\" class=\"alignnone wp-image-2856\" src=\"http:\/\/www.odonto.ufmg.br\/biblioteca\/wp-content\/uploads\/sites\/5\/2016\/08\/endosseous-implants-for-maxilofacial-reconstruction-180x180.jpg\" alt=\"endosseous-implants-for-maxilofacial-reconstruction\" width=\"200\" height=\"263\" srcset=\"https:\/\/www.odonto.ufmg.br\/biblioteca\/wp-content\/uploads\/sites\/5\/2016\/08\/endosseous-implants-for-maxilofacial-reconstruction-61x80.jpg 61w, https:\/\/www.odonto.ufmg.br\/biblioteca\/wp-content\/uploads\/sites\/5\/2016\/08\/endosseous-implants-for-maxilofacial-reconstruction.jpg 194w\" sizes=\"(max-width: 200px) 100vw, 200px\" \/><\/a><\/p>\n<\/div><\/section><br \/>\n\n<style type=\"text\/css\" data-created_by=\"avia_inline_auto\" id=\"style-css-av-av_textblock-3326d3317592321e340dbe8477480288\">\n#top .av_textblock_section.av-av_textblock-3326d3317592321e340dbe8477480288 .avia_textblock{\nfont-size:15px;\n}\n<\/style>\n<section  class='av_textblock_section av-av_textblock-3326d3317592321e340dbe8477480288 '   itemscope=\"itemscope\" itemtype=\"https:\/\/schema.org\/CreativeWork\" ><div class='avia_textblock'  itemprop=\"text\" ><p style=\"text-align: justify\"><strong>T\u00edtulo:<\/strong>\u00a0Endosseous implants for maxillofacial reconstruction;<\/p>\n<p style=\"text-align: justify\"><strong>Autor(es):<\/strong>\u00a0Michael S Block, John N Kent;<\/p>\n<p style=\"text-align: justify\"><strong>Chamada:<\/strong>\u00a0D74\u00a0 B651e\u00a0 1995;<\/p>\n<\/div><\/section><\/p><\/div>\n<style type=\"text\/css\" data-created_by=\"avia_inline_auto\" id=\"style-css-av-av_one_half-0aa7055fe62c3622faec82866afbaeb2\">\n.flex_column.av-av_one_half-0aa7055fe62c3622faec82866afbaeb2{\nborder-radius:0px 0px 0px 0px;\npadding:0px 0px 0px 0px;\n}\n<\/style>\n<div  class='flex_column av-av_one_half-0aa7055fe62c3622faec82866afbaeb2 av_one_half  avia-builder-el-7  el_after_av_one_half  el_before_av_one_half  flex_column_div av-zero-column-padding  column-top-margin'     ><p><section  class='av_textblock_section av-av_textblock-0366cc7376be6c9e82a3e9cc8987b64f '   itemscope=\"itemscope\" itemtype=\"https:\/\/schema.org\/CreativeWork\" ><div class='avia_textblock'  itemprop=\"text\" ><p><a href=\"https:\/\/catalogobiblioteca.ufmg.br\/pergamum\/biblioteca\/index.php?codAcervo=604935\" target=\"_blank\"><img decoding=\"async\" class=\"alignnone wp-image-2859\" src=\"http:\/\/www.odonto.ufmg.br\/biblioteca\/wp-content\/uploads\/sites\/5\/2016\/08\/perio-implantodontia-estetica-julio-cesar.jpg\" alt=\"perio-implantodontia-estetica-julio-cesar\" width=\"200\" height=\"222\" srcset=\"https:\/\/www.odonto.ufmg.br\/biblioteca\/wp-content\/uploads\/sites\/5\/2016\/08\/perio-implantodontia-estetica-julio-cesar.jpg 450w, https:\/\/www.odonto.ufmg.br\/biblioteca\/wp-content\/uploads\/sites\/5\/2016\/08\/perio-implantodontia-estetica-julio-cesar-72x80.jpg 72w, https:\/\/www.odonto.ufmg.br\/biblioteca\/wp-content\/uploads\/sites\/5\/2016\/08\/perio-implantodontia-estetica-julio-cesar-270x300.jpg 270w\" sizes=\"(max-width: 200px) 100vw, 200px\" \/><\/a><\/p>\n<\/div><\/section><br \/>\n\n<style type=\"text\/css\" data-created_by=\"avia_inline_auto\" id=\"style-css-av-av_textblock-3326d3317592321e340dbe8477480288\">\n#top .av_textblock_section.av-av_textblock-3326d3317592321e340dbe8477480288 .avia_textblock{\nfont-size:15px;\n}\n<\/style>\n<section  class='av_textblock_section av-av_textblock-3326d3317592321e340dbe8477480288 '   itemscope=\"itemscope\" itemtype=\"https:\/\/schema.org\/CreativeWork\" ><div class='avia_textblock'  itemprop=\"text\" ><p style=\"text-align: justify\"><strong>T\u00edtulo:<\/strong> Perio-implantodontia est\u00e9tica;<\/p>\n<p style=\"text-align: justify\"><strong>Autor(es):<\/strong> Julio Cesar Joly, Paulo Fernando Mesquita de Carvalho, Robert Carvalho da Silva;<\/p>\n<p style=\"text-align: justify\"><strong>Chamada:<\/strong> D74\u00a0 J75p\u00a0 2015;<\/p>\n<\/div><\/section><\/p><\/div>\n<style type=\"text\/css\" data-created_by=\"avia_inline_auto\" id=\"style-css-av-av_one_half-6126cab7d8fab8d08143dd2dacdf673c\">\n.flex_column.av-av_one_half-6126cab7d8fab8d08143dd2dacdf673c{\nborder-radius:0px 0px 0px 0px;\npadding:0px 0px 0px 0px;\n}\n<\/style>\n<div  class='flex_column av-av_one_half-6126cab7d8fab8d08143dd2dacdf673c av_one_half  avia-builder-el-10  el_after_av_one_half  el_before_av_one_half  first flex_column_div av-zero-column-padding  column-top-margin'     ><p><section  class='av_textblock_section av-av_textblock-0366cc7376be6c9e82a3e9cc8987b64f '   itemscope=\"itemscope\" itemtype=\"https:\/\/schema.org\/CreativeWork\" ><div class='avia_textblock'  itemprop=\"text\" ><p><a href=\"https:\/\/catalogobiblioteca.ufmg.br\/pergamum\/biblioteca\/index.php?codAcervo=605159\" target=\"_blank\"><img decoding=\"async\" class=\"alignnone wp-image-2864\" src=\"http:\/\/www.odonto.ufmg.br\/biblioteca\/wp-content\/uploads\/sites\/5\/2016\/08\/clinical-sedation-in-dentistry.jpg\" alt=\"clinical-sedation-in-dentistry\" width=\"200\" height=\"261\" srcset=\"https:\/\/www.odonto.ufmg.br\/biblioteca\/wp-content\/uploads\/sites\/5\/2016\/08\/clinical-sedation-in-dentistry.jpg 300w, https:\/\/www.odonto.ufmg.br\/biblioteca\/wp-content\/uploads\/sites\/5\/2016\/08\/clinical-sedation-in-dentistry-61x80.jpg 61w, https:\/\/www.odonto.ufmg.br\/biblioteca\/wp-content\/uploads\/sites\/5\/2016\/08\/clinical-sedation-in-dentistry-230x300.jpg 230w\" sizes=\"(max-width: 200px) 100vw, 200px\" \/><\/a><\/p>\n<\/div><\/section><br \/>\n\n<style type=\"text\/css\" data-created_by=\"avia_inline_auto\" id=\"style-css-av-av_textblock-3326d3317592321e340dbe8477480288\">\n#top .av_textblock_section.av-av_textblock-3326d3317592321e340dbe8477480288 .avia_textblock{\nfont-size:15px;\n}\n<\/style>\n<section  class='av_textblock_section av-av_textblock-3326d3317592321e340dbe8477480288 '   itemscope=\"itemscope\" itemtype=\"https:\/\/schema.org\/CreativeWork\" ><div class='avia_textblock'  itemprop=\"text\" ><p style=\"text-align: justify\"><strong>T\u00edtulo:<\/strong> Clinical sedation in dentistry;<\/p>\n<p style=\"text-align: justify\"><strong>Autor(es):<\/strong> N.M. Girdler, C.M. Hill, K. E. Wilson;<\/p>\n<p style=\"text-align: justify\"><strong>Chamada:<\/strong> D91\u00a0 G524c\u00a0 2009;<\/p>\n<\/div><\/section><\/p><\/div>\n<style type=\"text\/css\" data-created_by=\"avia_inline_auto\" id=\"style-css-av-av_one_half-0aa7055fe62c3622faec82866afbaeb2\">\n.flex_column.av-av_one_half-0aa7055fe62c3622faec82866afbaeb2{\nborder-radius:0px 0px 0px 0px;\npadding:0px 0px 0px 0px;\n}\n<\/style>\n<div  class='flex_column av-av_one_half-0aa7055fe62c3622faec82866afbaeb2 av_one_half  avia-builder-el-13  el_after_av_one_half  el_before_av_one_half  flex_column_div av-zero-column-padding  column-top-margin'     ><p><section  class='av_textblock_section av-av_textblock-0366cc7376be6c9e82a3e9cc8987b64f '   itemscope=\"itemscope\" itemtype=\"https:\/\/schema.org\/CreativeWork\" ><div class='avia_textblock'  itemprop=\"text\" ><p><a href=\"https:\/\/catalogobiblioteca.ufmg.br\/pergamum\/biblioteca\/index.php?codAcervo=604799\" target=\"_blank\"><img loading=\"lazy\" decoding=\"async\" class=\"alignnone wp-image-2866\" src=\"http:\/\/www.odonto.ufmg.br\/biblioteca\/wp-content\/uploads\/sites\/5\/2016\/08\/guia-ilustrado-para-infiltra\u00e7oes-esteticas-com-toxina-botulinica.jpg\" alt=\"guia-ilustrado-para-infiltra\u00e7oes-esteticas-com-toxina-botulinica\" width=\"200\" height=\"252\" srcset=\"https:\/\/www.odonto.ufmg.br\/biblioteca\/wp-content\/uploads\/sites\/5\/2016\/08\/guia-ilustrado-para-infiltra\u00e7oes-esteticas-com-toxina-botulinica.jpg 500w, https:\/\/www.odonto.ufmg.br\/biblioteca\/wp-content\/uploads\/sites\/5\/2016\/08\/guia-ilustrado-para-infiltra\u00e7oes-esteticas-com-toxina-botulinica-63x80.jpg 63w, https:\/\/www.odonto.ufmg.br\/biblioteca\/wp-content\/uploads\/sites\/5\/2016\/08\/guia-ilustrado-para-infiltra\u00e7oes-esteticas-com-toxina-botulinica-238x300.jpg 238w, https:\/\/www.odonto.ufmg.br\/biblioteca\/wp-content\/uploads\/sites\/5\/2016\/08\/guia-ilustrado-para-infiltra\u00e7oes-esteticas-com-toxina-botulinica-450x568.jpg 450w\" sizes=\"(max-width: 200px) 100vw, 200px\" \/><\/a><\/p>\n<\/div><\/section><br \/>\n\n<style type=\"text\/css\" data-created_by=\"avia_inline_auto\" id=\"style-css-av-av_textblock-3326d3317592321e340dbe8477480288\">\n#top .av_textblock_section.av-av_textblock-3326d3317592321e340dbe8477480288 .avia_textblock{\nfont-size:15px;\n}\n<\/style>\n<section  class='av_textblock_section av-av_textblock-3326d3317592321e340dbe8477480288 '   itemscope=\"itemscope\" itemtype=\"https:\/\/schema.org\/CreativeWork\" ><div class='avia_textblock'  itemprop=\"text\" ><p style=\"text-align: justify\"><strong>T\u00edtulo:<\/strong> Guia ilustrado para infiltra\u00e7\u00f5es est\u00e9ticas com toxina botul\u00ednica: \u00a0 base, localiza\u00e7\u00e3o, utilidades;<\/p>\n<p style=\"text-align: justify\"><strong>Autor(es):<\/strong> Michael Kane, Gerhard Sattler;<\/p>\n<p style=\"text-align: justify\"><strong>Chamada:<\/strong> 615.9\u00a0 K16i.Pf\u00a0 2016;<\/p>\n<\/div><\/section><\/p><\/div>\n<style type=\"text\/css\" data-created_by=\"avia_inline_auto\" id=\"style-css-av-av_one_half-6126cab7d8fab8d08143dd2dacdf673c\">\n.flex_column.av-av_one_half-6126cab7d8fab8d08143dd2dacdf673c{\nborder-radius:0px 0px 0px 0px;\npadding:0px 0px 0px 0px;\n}\n<\/style>\n<div  class='flex_column av-av_one_half-6126cab7d8fab8d08143dd2dacdf673c av_one_half  avia-builder-el-16  el_after_av_one_half  avia-builder-el-last  first flex_column_div av-zero-column-padding  column-top-margin'     ><p><section  class='av_textblock_section av-av_textblock-0366cc7376be6c9e82a3e9cc8987b64f '   itemscope=\"itemscope\" itemtype=\"https:\/\/schema.org\/CreativeWork\" ><div class='avia_textblock'  itemprop=\"text\" ><p><a href=\"https:\/\/catalogobiblioteca.ufmg.br\/pergamum\/biblioteca\/index.php?codAcervo=605106\" target=\"_blank\"><img loading=\"lazy\" decoding=\"async\" class=\"alignnone wp-image-2867\" src=\"http:\/\/www.odonto.ufmg.br\/biblioteca\/wp-content\/uploads\/sites\/5\/2016\/08\/intelecutais-indigenas.jpg\" alt=\"intelecutais-indigenas\" width=\"200\" height=\"287\" srcset=\"https:\/\/www.odonto.ufmg.br\/biblioteca\/wp-content\/uploads\/sites\/5\/2016\/08\/intelecutais-indigenas.jpg 627w, https:\/\/www.odonto.ufmg.br\/biblioteca\/wp-content\/uploads\/sites\/5\/2016\/08\/intelecutais-indigenas-56x80.jpg 56w, https:\/\/www.odonto.ufmg.br\/biblioteca\/wp-content\/uploads\/sites\/5\/2016\/08\/intelecutais-indigenas-209x300.jpg 209w, https:\/\/www.odonto.ufmg.br\/biblioteca\/wp-content\/uploads\/sites\/5\/2016\/08\/intelecutais-indigenas-491x705.jpg 491w, https:\/\/www.odonto.ufmg.br\/biblioteca\/wp-content\/uploads\/sites\/5\/2016\/08\/intelecutais-indigenas-450x646.jpg 450w\" sizes=\"(max-width: 200px) 100vw, 200px\" \/><\/a><\/p>\n<\/div><\/section><br \/>\n\n<style type=\"text\/css\" data-created_by=\"avia_inline_auto\" id=\"style-css-av-av_textblock-3326d3317592321e340dbe8477480288\">\n#top .av_textblock_section.av-av_textblock-3326d3317592321e340dbe8477480288 .avia_textblock{\nfont-size:15px;\n}\n<\/style>\n<section  class='av_textblock_section av-av_textblock-3326d3317592321e340dbe8477480288 '   itemscope=\"itemscope\" itemtype=\"https:\/\/schema.org\/CreativeWork\" ><div class='avia_textblock'  itemprop=\"text\" ><p style=\"text-align: justify\"><strong>T\u00edtulo:<\/strong> Intelectuais ind\u00edgenas e a constru\u00e7\u00e3o da universidade pluri\u00e9tnica no Brasil: \u00a0 povos ind\u00edgenas e os novos contornos do Programa de Educa\u00e7\u00e3o Tutorial;<\/p>\n<p style=\"text-align: justify\"><strong>Autor(es):<\/strong> Organiza\u00e7\u00e3o de Ana Elisa de Castro Freitas;<\/p>\n<p style=\"text-align: justify\"><strong>Chamada:<\/strong> 980.41\u00a0 I61\u00a0 2015;<\/p>\n<\/div><\/section><\/p><\/div><\/p>\n","protected":false},"excerpt":{"rendered":"","protected":false},"author":1,"featured_media":0,"parent":0,"menu_order":0,"comment_status":"closed","ping_status":"closed","template":"","meta":{"inline_featured_image":false,"footnotes":""},"class_list":["post-2842","page","type-page","status-publish","hentry"],"yoast_head":"<!-- This site is optimized with the Yoast SEO plugin v27.3 - https:\/\/yoast.com\/product\/yoast-seo-wordpress\/ -->\n<title>Novas Aquisi\u00e7\u00f5es - Biblioteca Professora Helena Helo\u00edsa Paix\u00e3o<\/title>\n<meta name=\"robots\" content=\"index, follow, max-snippet:-1, max-image-preview:large, max-video-preview:-1\" \/>\n<link rel=\"canonical\" href=\"https:\/\/www.odonto.ufmg.br\/biblioteca\/novas-aquisicoes\/\" \/>\n<meta property=\"og:locale\" content=\"pt_BR\" \/>\n<meta property=\"og:type\" content=\"article\" \/>\n<meta property=\"og:title\" content=\"Novas Aquisi\u00e7\u00f5es - Biblioteca Professora Helena Helo\u00edsa Paix\u00e3o\" \/>\n<meta property=\"og:url\" content=\"https:\/\/www.odonto.ufmg.br\/biblioteca\/novas-aquisicoes\/\" \/>\n<meta property=\"og:site_name\" content=\"Biblioteca Professora Helena Helo\u00edsa Paix\u00e3o\" \/>\n<meta property=\"article:modified_time\" content=\"2016-08-11T17:16:17+00:00\" \/>\n<meta property=\"og:image\" content=\"http:\/\/www.odonto.ufmg.br\/biblioteca\/wp-content\/uploads\/sites\/5\/2016\/08\/endosseous-implants-for-maxilofacial-reconstruction-180x180.jpg\" \/>\n<meta name=\"twitter:card\" content=\"summary_large_image\" \/>\n<meta name=\"twitter:label1\" content=\"Est. tempo de leitura\" \/>\n\t<meta name=\"twitter:data1\" content=\"3 minutos\" \/>\n<script type=\"application\/ld+json\" class=\"yoast-schema-graph\">{\"@context\":\"https:\\\/\\\/schema.org\",\"@graph\":[{\"@type\":\"WebPage\",\"@id\":\"https:\\\/\\\/www.odonto.ufmg.br\\\/biblioteca\\\/novas-aquisicoes\\\/\",\"url\":\"https:\\\/\\\/www.odonto.ufmg.br\\\/biblioteca\\\/novas-aquisicoes\\\/\",\"name\":\"Novas Aquisi\u00e7\u00f5es - Biblioteca Professora Helena Helo\u00edsa Paix\u00e3o\",\"isPartOf\":{\"@id\":\"https:\\\/\\\/www.odonto.ufmg.br\\\/biblioteca\\\/#website\"},\"primaryImageOfPage\":{\"@id\":\"https:\\\/\\\/www.odonto.ufmg.br\\\/biblioteca\\\/novas-aquisicoes\\\/#primaryimage\"},\"image\":{\"@id\":\"https:\\\/\\\/www.odonto.ufmg.br\\\/biblioteca\\\/novas-aquisicoes\\\/#primaryimage\"},\"thumbnailUrl\":\"http:\\\/\\\/www.odonto.ufmg.br\\\/biblioteca\\\/wp-content\\\/uploads\\\/sites\\\/5\\\/2016\\\/08\\\/endosseous-implants-for-maxilofacial-reconstruction-180x180.jpg\",\"datePublished\":\"2016-08-08T19:42:22+00:00\",\"dateModified\":\"2016-08-11T17:16:17+00:00\",\"breadcrumb\":{\"@id\":\"https:\\\/\\\/www.odonto.ufmg.br\\\/biblioteca\\\/novas-aquisicoes\\\/#breadcrumb\"},\"inLanguage\":\"pt-BR\",\"potentialAction\":[{\"@type\":\"ReadAction\",\"target\":[\"https:\\\/\\\/www.odonto.ufmg.br\\\/biblioteca\\\/novas-aquisicoes\\\/\"]}]},{\"@type\":\"ImageObject\",\"inLanguage\":\"pt-BR\",\"@id\":\"https:\\\/\\\/www.odonto.ufmg.br\\\/biblioteca\\\/novas-aquisicoes\\\/#primaryimage\",\"url\":\"https:\\\/\\\/www.odonto.ufmg.br\\\/biblioteca\\\/wp-content\\\/uploads\\\/sites\\\/5\\\/2016\\\/08\\\/endosseous-implants-for-maxilofacial-reconstruction.jpg\",\"contentUrl\":\"https:\\\/\\\/www.odonto.ufmg.br\\\/biblioteca\\\/wp-content\\\/uploads\\\/sites\\\/5\\\/2016\\\/08\\\/endosseous-implants-for-maxilofacial-reconstruction.jpg\",\"width\":194,\"height\":255},{\"@type\":\"BreadcrumbList\",\"@id\":\"https:\\\/\\\/www.odonto.ufmg.br\\\/biblioteca\\\/novas-aquisicoes\\\/#breadcrumb\",\"itemListElement\":[{\"@type\":\"ListItem\",\"position\":1,\"name\":\"In\u00edcio\",\"item\":\"https:\\\/\\\/www.odonto.ufmg.br\\\/biblioteca\\\/inicio2\\\/\"},{\"@type\":\"ListItem\",\"position\":2,\"name\":\"Novas Aquisi\u00e7\u00f5es\"}]},{\"@type\":\"WebSite\",\"@id\":\"https:\\\/\\\/www.odonto.ufmg.br\\\/biblioteca\\\/#website\",\"url\":\"https:\\\/\\\/www.odonto.ufmg.br\\\/biblioteca\\\/\",\"name\":\"Biblioteca Professora Helena Helo\u00edsa Paix\u00e3o\",\"description\":\"Faculdade de Odontologia UFMG\",\"potentialAction\":[{\"@type\":\"SearchAction\",\"target\":{\"@type\":\"EntryPoint\",\"urlTemplate\":\"https:\\\/\\\/www.odonto.ufmg.br\\\/biblioteca\\\/?s={search_term_string}\"},\"query-input\":{\"@type\":\"PropertyValueSpecification\",\"valueRequired\":true,\"valueName\":\"search_term_string\"}}],\"inLanguage\":\"pt-BR\"}]}<\/script>\n<!-- \/ Yoast SEO plugin. -->","yoast_head_json":{"title":"Novas Aquisi\u00e7\u00f5es - Biblioteca Professora Helena Helo\u00edsa Paix\u00e3o","robots":{"index":"index","follow":"follow","max-snippet":"max-snippet:-1","max-image-preview":"max-image-preview:large","max-video-preview":"max-video-preview:-1"},"canonical":"https:\/\/www.odonto.ufmg.br\/biblioteca\/novas-aquisicoes\/","og_locale":"pt_BR","og_type":"article","og_title":"Novas Aquisi\u00e7\u00f5es - Biblioteca Professora Helena Helo\u00edsa Paix\u00e3o","og_url":"https:\/\/www.odonto.ufmg.br\/biblioteca\/novas-aquisicoes\/","og_site_name":"Biblioteca Professora Helena Helo\u00edsa Paix\u00e3o","article_modified_time":"2016-08-11T17:16:17+00:00","og_image":[{"url":"http:\/\/www.odonto.ufmg.br\/biblioteca\/wp-content\/uploads\/sites\/5\/2016\/08\/endosseous-implants-for-maxilofacial-reconstruction-180x180.jpg","type":"","width":"","height":""}],"twitter_card":"summary_large_image","twitter_misc":{"Est. tempo de leitura":"3 minutos"},"schema":{"@context":"https:\/\/schema.org","@graph":[{"@type":"WebPage","@id":"https:\/\/www.odonto.ufmg.br\/biblioteca\/novas-aquisicoes\/","url":"https:\/\/www.odonto.ufmg.br\/biblioteca\/novas-aquisicoes\/","name":"Novas Aquisi\u00e7\u00f5es - Biblioteca Professora Helena Helo\u00edsa Paix\u00e3o","isPartOf":{"@id":"https:\/\/www.odonto.ufmg.br\/biblioteca\/#website"},"primaryImageOfPage":{"@id":"https:\/\/www.odonto.ufmg.br\/biblioteca\/novas-aquisicoes\/#primaryimage"},"image":{"@id":"https:\/\/www.odonto.ufmg.br\/biblioteca\/novas-aquisicoes\/#primaryimage"},"thumbnailUrl":"http:\/\/www.odonto.ufmg.br\/biblioteca\/wp-content\/uploads\/sites\/5\/2016\/08\/endosseous-implants-for-maxilofacial-reconstruction-180x180.jpg","datePublished":"2016-08-08T19:42:22+00:00","dateModified":"2016-08-11T17:16:17+00:00","breadcrumb":{"@id":"https:\/\/www.odonto.ufmg.br\/biblioteca\/novas-aquisicoes\/#breadcrumb"},"inLanguage":"pt-BR","potentialAction":[{"@type":"ReadAction","target":["https:\/\/www.odonto.ufmg.br\/biblioteca\/novas-aquisicoes\/"]}]},{"@type":"ImageObject","inLanguage":"pt-BR","@id":"https:\/\/www.odonto.ufmg.br\/biblioteca\/novas-aquisicoes\/#primaryimage","url":"https:\/\/www.odonto.ufmg.br\/biblioteca\/wp-content\/uploads\/sites\/5\/2016\/08\/endosseous-implants-for-maxilofacial-reconstruction.jpg","contentUrl":"https:\/\/www.odonto.ufmg.br\/biblioteca\/wp-content\/uploads\/sites\/5\/2016\/08\/endosseous-implants-for-maxilofacial-reconstruction.jpg","width":194,"height":255},{"@type":"BreadcrumbList","@id":"https:\/\/www.odonto.ufmg.br\/biblioteca\/novas-aquisicoes\/#breadcrumb","itemListElement":[{"@type":"ListItem","position":1,"name":"In\u00edcio","item":"https:\/\/www.odonto.ufmg.br\/biblioteca\/inicio2\/"},{"@type":"ListItem","position":2,"name":"Novas Aquisi\u00e7\u00f5es"}]},{"@type":"WebSite","@id":"https:\/\/www.odonto.ufmg.br\/biblioteca\/#website","url":"https:\/\/www.odonto.ufmg.br\/biblioteca\/","name":"Biblioteca Professora Helena Helo\u00edsa Paix\u00e3o","description":"Faculdade de Odontologia UFMG","potentialAction":[{"@type":"SearchAction","target":{"@type":"EntryPoint","urlTemplate":"https:\/\/www.odonto.ufmg.br\/biblioteca\/?s={search_term_string}"},"query-input":{"@type":"PropertyValueSpecification","valueRequired":true,"valueName":"search_term_string"}}],"inLanguage":"pt-BR"}]}},"_links":{"self":[{"href":"https:\/\/www.odonto.ufmg.br\/biblioteca\/wp-json\/wp\/v2\/pages\/2842","targetHints":{"allow":["GET"]}}],"collection":[{"href":"https:\/\/www.odonto.ufmg.br\/biblioteca\/wp-json\/wp\/v2\/pages"}],"about":[{"href":"https:\/\/www.odonto.ufmg.br\/biblioteca\/wp-json\/wp\/v2\/types\/page"}],"author":[{"embeddable":true,"href":"https:\/\/www.odonto.ufmg.br\/biblioteca\/wp-json\/wp\/v2\/users\/1"}],"replies":[{"embeddable":true,"href":"https:\/\/www.odonto.ufmg.br\/biblioteca\/wp-json\/wp\/v2\/comments?post=2842"}],"version-history":[{"count":16,"href":"https:\/\/www.odonto.ufmg.br\/biblioteca\/wp-json\/wp\/v2\/pages\/2842\/revisions"}],"predecessor-version":[{"id":3234,"href":"https:\/\/www.odonto.ufmg.br\/biblioteca\/wp-json\/wp\/v2\/pages\/2842\/revisions\/3234"}],"wp:attachment":[{"href":"https:\/\/www.odonto.ufmg.br\/biblioteca\/wp-json\/wp\/v2\/media?parent=2842"}],"curies":[{"name":"wp","href":"https:\/\/api.w.org\/{rel}","templated":true}]}}