{"id":2817,"date":"2016-08-08T14:12:06","date_gmt":"2016-08-08T17:12:06","guid":{"rendered":"http:\/\/www.odonto.ufmg.br\/biblioteca\/?page_id=2817"},"modified":"2025-03-13T17:35:04","modified_gmt":"2025-03-13T20:35:04","slug":"levantamento-bibliografico","status":"publish","type":"page","link":"https:\/\/www.odonto.ufmg.br\/biblioteca\/levantamento-bibliografico\/","title":{"rendered":"LEVANTAMENTO BIBLIOGR\u00c1FICO"},"content":{"rendered":"<p><span data-mce-type=\"bookmark\" style=\"width: 0px;overflow: hidden;line-height: 0\" class=\"mce_SELRES_start\">\ufeff<\/span>\n<style type=\"text\/css\" data-created_by=\"avia_inline_auto\" id=\"style-css-av-ke2vwx-73fcb02a4ab9282d11b76d61b5edc52c\">\n#top .av_textblock_section.av-ke2vwx-73fcb02a4ab9282d11b76d61b5edc52c .avia_textblock{\nfont-size:16px;\n}\n<\/style>\n<section  class='av_textblock_section av-ke2vwx-73fcb02a4ab9282d11b76d61b5edc52c '   itemscope=\"itemscope\" itemtype=\"https:\/\/schema.org\/CreativeWork\" ><div class='avia_textblock'  itemprop=\"text\" ><h4 class=\"entry-title\"><strong><span style=\"color: #000000\">LEVANTAMENTO BIBLIOGR\u00c1FICO<\/span><\/strong><\/h4>\n<div class=\"entry-content\">\n<p><span style=\"color: #000000\">O levantamento bibliogr\u00e1fico consiste numa rela\u00e7\u00e3o das bibliografias existentes nos acervos das bases de dados da \u00e1rea sobre determinado assunto e segundo as especifica\u00e7\u00f5es definidas pelo pr\u00f3prio solicitante tais como: palavras-chave (que dever\u00e3o contemplar os assuntos na sua abrang\u00eancia), idioma, per\u00edodo, etc. Trata-se de uma pr\u00e9via sele\u00e7\u00e3o de bibliografias ou documentos que poder\u00e3o ser utilizados como refer\u00eancia na constru\u00e7\u00e3o de uma monografia, disserta\u00e7\u00e3o, tese ou qualquer outro trabalho acad\u00eamico.<\/span><\/p>\n<p><strong><span style=\"color: #000000\">O servi\u00e7o \u00e9 destinado aos usu\u00e1rios vinculados \u00e0 Faculdade de Odontologia da UFMG.<\/span><\/strong><\/p>\n<p><strong><span style=\"color: #000000\">Para solicitar o levantamento, o usu\u00e1rio dever\u00e1 agendar um hor\u00e1rio e estar presente no momento da pesquisa.\u00a0<\/span><\/strong><\/p>\n<p><strong><span style=\"color: #000000\">Mais informa\u00e7\u00f5es:<\/span><\/strong><\/p>\n<p><span style=\"color: #000000\">Setor de Refer\u00eancia:<\/span><\/p>\n<p><span style=\"color: #000000\">Telefone:\u00a0(31) 3409 2485\u00a0<\/span><\/p>\n<p><span style=\"color: #000000\">E-mail: odontobibreferencia@<span class=\"skimlinks-unlinked\">ufmg.br<\/span><\/span><\/p>\n<\/div>\n<\/div><\/section><span data-mce-type=\"bookmark\" style=\"width: 0px;overflow: hidden;line-height: 0\" class=\"mce_SELRES_end\">\ufeff<\/span><\/p>\n\n<style type=\"text\/css\" data-created_by=\"avia_inline_auto\" id=\"style-css-av-iyw91d-ddc9abe99d6918ae56725349d9564087\">\n.flex_column.av-iyw91d-ddc9abe99d6918ae56725349d9564087{\nborder-radius:0px 0px 0px 0px;\npadding:0px 0px 0px 0px;\n}\n<\/style>\n<div  class='flex_column av-iyw91d-ddc9abe99d6918ae56725349d9564087 av_one_half  avia-builder-el-1  el_after_av_textblock  avia-builder-el-last  first flex_column_div av-zero-column-padding  column-top-margin'     ><form action=\"https:\/\/www.odonto.ufmg.br\/biblioteca\/levantamento-bibliografico\/\" method=\"post\" data-fields-with-error=\"Found errors in the following field(s):\" class=\"avia_ajax_form av-form-labels-visible   avia-builder-el-2  avia-builder-el-no-sibling   \" data-avia-form-id=\"1\" data-avia-redirect='' ><h3 class=''>Formul\u00e1rio<\/h3><fieldset><p class='  first_form  form_element form_fullwidth' id='element_avia_1_1'><label for=\"avia_1_1\">Nome <abbr class=\"required\" title=\"required\">*<\/abbr><\/label> <input name=\"avia_1_1\" class=\"text_input is_empty\" type=\"text\" id=\"avia_1_1\" value=\"\" \/><\/p><p class='  first_form  form_element form_fullwidth' id='element_avia_2_1'><label for=\"avia_2_1\">Matr\u00edcula<\/label> <input name=\"avia_2_1\" class=\"text_input \" type=\"text\" id=\"avia_2_1\" value=\"\" \/><\/p><p class='  first_form  form_element form_fullwidth' id='element_avia_3_1'><label for=\"avia_3_1\">E-Mail <abbr class=\"required\" title=\"required\">*<\/abbr><\/label> <input name=\"avia_3_1\" class=\"text_input is_email\" type=\"text\" id=\"avia_3_1\" value=\"\" \/><\/p><p class='  first_form  form_element form_fullwidth' id='element_avia_4_1'><label for=\"avia_4_1\">V\u00ednculo Institucional <abbr class=\"required\" title=\"required\">*<\/abbr><\/label><select  name=\"avia_4_1\" class=\"select is_empty\" id=\"avia_4_1\"><option  selected=\"selected\" value=''><\/option><option   value='Professor'>Professor<\/option><option   value='Aluno(a) P\u00f3s-Gradua\u00e7\u00e3o'>Aluno(a) P\u00f3s-Gradua\u00e7\u00e3o<\/option><option   value='Aluno(a) Gradua\u00e7\u00e3o'>Aluno(a) Gradua\u00e7\u00e3o<\/option><option   value='Funcion\u00e1rio'>Funcion\u00e1rio<\/option><option   value='Outros'>Outros<\/option><\/select><\/p><p class='  first_form  form_element form_fullwidth' id='element_avia_5_1'><label for=\"avia_5_1\">Assunto <abbr class=\"required\" title=\"required\">*<\/abbr><\/label> <input name=\"avia_5_1\" class=\"text_input is_empty\" type=\"text\" id=\"avia_5_1\" value=\"\" \/><\/p><p class='  first_form  form_element form_fullwidth' id='element_avia_6_1'><label for=\"avia_6_1\">Curso<\/label> <input name=\"avia_6_1\" class=\"text_input \" type=\"text\" id=\"avia_6_1\" value=\"\" \/><\/p><p class='  first_form  form_element form_fullwidth' id='element_avia_7_1'><label for=\"avia_7_1\">Palavras Chave <abbr class=\"required\" title=\"required\">*<\/abbr><\/label> <input name=\"avia_7_1\" class=\"text_input is_empty\" type=\"text\" id=\"avia_7_1\" value=\"\" \/><\/p><p class='  first_form  form_element form_fullwidth' id='element_avia_8_1'><label for=\"avia_8_1\">Idioma <abbr class=\"required\" title=\"required\">*<\/abbr><\/label> <input name=\"avia_8_1\" class=\"text_input is_empty\" type=\"text\" id=\"avia_8_1\" value=\"\" \/><\/p><p class='  first_form  form_element form_fullwidth' id='element_avia_9_1'><label for=\"avia_9_1\" class=\"textare_label hidden textare_label_avia_9_1\">Informa\u00e7\u00f5es Importantes<\/label><textarea  name=\"avia_9_1\" class=\"text_area \" cols=\"40\" rows=\"7\" id=\"avia_9_1\" ><\/textarea><\/p><p class=\"hidden\"><input type=\"text\" name=\"avia_10_1\" class=\"hidden \" id=\"avia_10_1\" value=\"\" \/><\/p><p class='   form_element form_fullwidth' id='element_avia_11_1'><span class='value_verifier_label'>1 + 1 = ?<\/span><input name=\"avia_11_1_verifier\" type=\"hidden\" id=\"avia_11_1_verifier\" value=\"442127514\"\/><label for=\"avia_11_1\">Please prove that you are human by solving the equation <abbr class=\"required\" title=\"required\">*<\/abbr><\/label><input name=\"avia_11_1\" class=\"text_input captcha\" type=\"text\" id=\"avia_11_1\" value=\"\"\/><\/p><p class=\"form_element \"><input type=\"hidden\" value=\"1\" name=\"avia_generated_form1\" \/><input type=\"submit\" value=\"Enviar\" class=\"button\"  data-sending-label=\"Sending\"\/><\/p><\/fieldset><\/form><div id=\"ajaxresponse_1\" class=\"ajaxresponse ajaxresponse_1 hidden\"><\/div><\/div>\n","protected":false},"excerpt":{"rendered":"<p>\ufeff\ufeff<\/p>\n","protected":false},"author":1,"featured_media":0,"parent":0,"menu_order":0,"comment_status":"closed","ping_status":"closed","template":"","meta":{"inline_featured_image":false,"footnotes":""},"class_list":["post-2817","page","type-page","status-publish","hentry"],"yoast_head":"<!-- This site is optimized with the Yoast SEO plugin v27.3 - https:\/\/yoast.com\/product\/yoast-seo-wordpress\/ -->\n<title>LEVANTAMENTO BIBLIOGR\u00c1FICO - Biblioteca Professora Helena Helo\u00edsa Paix\u00e3o<\/title>\n<meta name=\"robots\" content=\"index, follow, max-snippet:-1, max-image-preview:large, max-video-preview:-1\" \/>\n<link rel=\"canonical\" href=\"https:\/\/www.odonto.ufmg.br\/biblioteca\/levantamento-bibliografico\/\" \/>\n<meta property=\"og:locale\" content=\"pt_BR\" \/>\n<meta property=\"og:type\" content=\"article\" \/>\n<meta property=\"og:title\" content=\"LEVANTAMENTO BIBLIOGR\u00c1FICO - Biblioteca Professora Helena Helo\u00edsa Paix\u00e3o\" \/>\n<meta property=\"og:description\" content=\"\ufeff\ufeff\" \/>\n<meta property=\"og:url\" content=\"https:\/\/www.odonto.ufmg.br\/biblioteca\/levantamento-bibliografico\/\" \/>\n<meta property=\"og:site_name\" content=\"Biblioteca Professora Helena Helo\u00edsa Paix\u00e3o\" \/>\n<meta property=\"article:modified_time\" content=\"2025-03-13T20:35:04+00:00\" \/>\n<meta name=\"twitter:card\" content=\"summary_large_image\" \/>\n<script type=\"application\/ld+json\" class=\"yoast-schema-graph\">{\"@context\":\"https:\\\/\\\/schema.org\",\"@graph\":[{\"@type\":\"WebPage\",\"@id\":\"https:\\\/\\\/www.odonto.ufmg.br\\\/biblioteca\\\/levantamento-bibliografico\\\/\",\"url\":\"https:\\\/\\\/www.odonto.ufmg.br\\\/biblioteca\\\/levantamento-bibliografico\\\/\",\"name\":\"LEVANTAMENTO BIBLIOGR\u00c1FICO - Biblioteca Professora Helena Helo\u00edsa Paix\u00e3o\",\"isPartOf\":{\"@id\":\"https:\\\/\\\/www.odonto.ufmg.br\\\/biblioteca\\\/#website\"},\"datePublished\":\"2016-08-08T17:12:06+00:00\",\"dateModified\":\"2025-03-13T20:35:04+00:00\",\"breadcrumb\":{\"@id\":\"https:\\\/\\\/www.odonto.ufmg.br\\\/biblioteca\\\/levantamento-bibliografico\\\/#breadcrumb\"},\"inLanguage\":\"pt-BR\",\"potentialAction\":[{\"@type\":\"ReadAction\",\"target\":[\"https:\\\/\\\/www.odonto.ufmg.br\\\/biblioteca\\\/levantamento-bibliografico\\\/\"]}]},{\"@type\":\"BreadcrumbList\",\"@id\":\"https:\\\/\\\/www.odonto.ufmg.br\\\/biblioteca\\\/levantamento-bibliografico\\\/#breadcrumb\",\"itemListElement\":[{\"@type\":\"ListItem\",\"position\":1,\"name\":\"In\u00edcio\",\"item\":\"https:\\\/\\\/www.odonto.ufmg.br\\\/biblioteca\\\/inicio2\\\/\"},{\"@type\":\"ListItem\",\"position\":2,\"name\":\"LEVANTAMENTO BIBLIOGR\u00c1FICO\"}]},{\"@type\":\"WebSite\",\"@id\":\"https:\\\/\\\/www.odonto.ufmg.br\\\/biblioteca\\\/#website\",\"url\":\"https:\\\/\\\/www.odonto.ufmg.br\\\/biblioteca\\\/\",\"name\":\"Biblioteca Professora Helena Helo\u00edsa Paix\u00e3o\",\"description\":\"Faculdade de Odontologia UFMG\",\"potentialAction\":[{\"@type\":\"SearchAction\",\"target\":{\"@type\":\"EntryPoint\",\"urlTemplate\":\"https:\\\/\\\/www.odonto.ufmg.br\\\/biblioteca\\\/?s={search_term_string}\"},\"query-input\":{\"@type\":\"PropertyValueSpecification\",\"valueRequired\":true,\"valueName\":\"search_term_string\"}}],\"inLanguage\":\"pt-BR\"}]}<\/script>\n<!-- \/ Yoast SEO plugin. -->","yoast_head_json":{"title":"LEVANTAMENTO BIBLIOGR\u00c1FICO - Biblioteca Professora Helena Helo\u00edsa Paix\u00e3o","robots":{"index":"index","follow":"follow","max-snippet":"max-snippet:-1","max-image-preview":"max-image-preview:large","max-video-preview":"max-video-preview:-1"},"canonical":"https:\/\/www.odonto.ufmg.br\/biblioteca\/levantamento-bibliografico\/","og_locale":"pt_BR","og_type":"article","og_title":"LEVANTAMENTO BIBLIOGR\u00c1FICO - Biblioteca Professora Helena Helo\u00edsa Paix\u00e3o","og_description":"\ufeff\ufeff","og_url":"https:\/\/www.odonto.ufmg.br\/biblioteca\/levantamento-bibliografico\/","og_site_name":"Biblioteca Professora Helena Helo\u00edsa Paix\u00e3o","article_modified_time":"2025-03-13T20:35:04+00:00","twitter_card":"summary_large_image","schema":{"@context":"https:\/\/schema.org","@graph":[{"@type":"WebPage","@id":"https:\/\/www.odonto.ufmg.br\/biblioteca\/levantamento-bibliografico\/","url":"https:\/\/www.odonto.ufmg.br\/biblioteca\/levantamento-bibliografico\/","name":"LEVANTAMENTO BIBLIOGR\u00c1FICO - Biblioteca Professora Helena Helo\u00edsa Paix\u00e3o","isPartOf":{"@id":"https:\/\/www.odonto.ufmg.br\/biblioteca\/#website"},"datePublished":"2016-08-08T17:12:06+00:00","dateModified":"2025-03-13T20:35:04+00:00","breadcrumb":{"@id":"https:\/\/www.odonto.ufmg.br\/biblioteca\/levantamento-bibliografico\/#breadcrumb"},"inLanguage":"pt-BR","potentialAction":[{"@type":"ReadAction","target":["https:\/\/www.odonto.ufmg.br\/biblioteca\/levantamento-bibliografico\/"]}]},{"@type":"BreadcrumbList","@id":"https:\/\/www.odonto.ufmg.br\/biblioteca\/levantamento-bibliografico\/#breadcrumb","itemListElement":[{"@type":"ListItem","position":1,"name":"In\u00edcio","item":"https:\/\/www.odonto.ufmg.br\/biblioteca\/inicio2\/"},{"@type":"ListItem","position":2,"name":"LEVANTAMENTO BIBLIOGR\u00c1FICO"}]},{"@type":"WebSite","@id":"https:\/\/www.odonto.ufmg.br\/biblioteca\/#website","url":"https:\/\/www.odonto.ufmg.br\/biblioteca\/","name":"Biblioteca Professora Helena Helo\u00edsa Paix\u00e3o","description":"Faculdade de Odontologia UFMG","potentialAction":[{"@type":"SearchAction","target":{"@type":"EntryPoint","urlTemplate":"https:\/\/www.odonto.ufmg.br\/biblioteca\/?s={search_term_string}"},"query-input":{"@type":"PropertyValueSpecification","valueRequired":true,"valueName":"search_term_string"}}],"inLanguage":"pt-BR"}]}},"_links":{"self":[{"href":"https:\/\/www.odonto.ufmg.br\/biblioteca\/wp-json\/wp\/v2\/pages\/2817","targetHints":{"allow":["GET"]}}],"collection":[{"href":"https:\/\/www.odonto.ufmg.br\/biblioteca\/wp-json\/wp\/v2\/pages"}],"about":[{"href":"https:\/\/www.odonto.ufmg.br\/biblioteca\/wp-json\/wp\/v2\/types\/page"}],"author":[{"embeddable":true,"href":"https:\/\/www.odonto.ufmg.br\/biblioteca\/wp-json\/wp\/v2\/users\/1"}],"replies":[{"embeddable":true,"href":"https:\/\/www.odonto.ufmg.br\/biblioteca\/wp-json\/wp\/v2\/comments?post=2817"}],"version-history":[{"count":14,"href":"https:\/\/www.odonto.ufmg.br\/biblioteca\/wp-json\/wp\/v2\/pages\/2817\/revisions"}],"predecessor-version":[{"id":6644,"href":"https:\/\/www.odonto.ufmg.br\/biblioteca\/wp-json\/wp\/v2\/pages\/2817\/revisions\/6644"}],"wp:attachment":[{"href":"https:\/\/www.odonto.ufmg.br\/biblioteca\/wp-json\/wp\/v2\/media?parent=2817"}],"curies":[{"name":"wp","href":"https:\/\/api.w.org\/{rel}","templated":true}]}}