{"id":2814,"date":"2016-08-08T14:09:57","date_gmt":"2016-08-08T17:09:57","guid":{"rendered":"http:\/\/www.odonto.ufmg.br\/biblioteca\/?page_id=2814"},"modified":"2025-02-06T19:27:44","modified_gmt":"2025-02-06T22:27:44","slug":"emprestimo-entre-bibliotecas","status":"publish","type":"page","link":"https:\/\/www.odonto.ufmg.br\/biblioteca\/emprestimo-entre-bibliotecas\/","title":{"rendered":"EMPR\u00c9STIMO ENTRE BIBLIOTECAS"},"content":{"rendered":"\n<style type=\"text\/css\" data-created_by=\"avia_inline_auto\" id=\"style-css-av-2z3q6m-335d1bdd593da32883316df2df525aa0\">\n#top .av_textblock_section.av-2z3q6m-335d1bdd593da32883316df2df525aa0 .avia_textblock{\nfont-size:16px;\n}\n<\/style>\n<section  class='av_textblock_section av-2z3q6m-335d1bdd593da32883316df2df525aa0 '   itemscope=\"itemscope\" itemtype=\"https:\/\/schema.org\/CreativeWork\" ><div class='avia_textblock'  itemprop=\"text\" ><h3 style=\"text-align: justify\"><span style=\"color: #000000\">Empr\u00e9stimo entre Bibliotecas<\/span><\/h3>\n<p style=\"text-align: justify\"><span style=\"color: #000000\">O Empr\u00e9stimo entre bibliotecas \u00e9 restrito aos\u00a0livros, teses e disserta\u00e7\u00f5es, excluindo-se obras de cole\u00e7\u00e3o especial, consulta interna e refer\u00eancia.<\/span><\/p>\n<p style=\"text-align: justify\"><span style=\"color: #000000\">Quantidade de material autorizado por institui\u00e7\u00e3o: 10 obras;<\/span><br \/>\n<span style=\"color: #000000\"> Prazo de empr\u00e9stimo: 7 dias;<\/span><\/p>\n<p style=\"text-align: justify\"><span style=\"color: #000000\">(v\u00e1lido mesmo para as institui\u00e7\u00f5es que possuam mais de uma biblioteca)<\/span><\/p>\n<p style=\"text-align: justify\"><strong><span style=\"color: #000000\">Empr\u00e9stimo:<\/span><\/strong><\/p>\n<ul style=\"text-align: justify\">\n<li><span style=\"color: #000000\">Para solicitar o empr\u00e9stimo, o usu\u00e1rio dever\u00e1 apresentar o formul\u00e1rio preenchido, assinado e carimbado pelo bibliotec\u00e1rio autorizado;<\/span><\/li>\n<li><span style=\"color: #000000\">\u00c9 importante que seja informado no formul\u00e1rio o nome do aluno que realizar\u00e1 o empr\u00e9stimo.<\/span><\/li>\n<\/ul>\n<p style=\"text-align: justify\"><strong><span style=\"color: #000000\">Renova\u00e7\u00e3o:<\/span><\/strong><\/p>\n<p style=\"text-align: justify\"><span style=\"color: #000000\">A solicita\u00e7\u00e3o de renova\u00e7\u00e3o dever\u00e1 ser realizada pelo bibliotec\u00e1rio respons\u00e1vel, considerando:<\/span><\/p>\n<ul style=\"text-align: justify\">\n<li><span style=\"color: #000000\">Empr\u00e9stimos dentro do prazo de vencimento;<\/span><\/li>\n<li><span style=\"color: #000000\">N\u00e3o exist\u00eancia de reserva para o t\u00edtulo;<\/span><\/li>\n<li><span style=\"color: #000000\">Institui\u00e7\u00f5es em situa\u00e7\u00e3o regular junto \u00e0 UFMG.<\/span><\/li>\n<\/ul>\n<p style=\"text-align: justify\"><strong><span style=\"color: #000000\">Penalidades:<\/span><\/strong><\/p>\n<ul style=\"text-align: justify\">\n<li><span style=\"color: #000000\">O atraso na devolu\u00e7\u00e3o implicar\u00e1 no pagamento da multa, no valor em vigor no Sistema de Bibliotecas.<\/span><\/li>\n<li><span style=\"color: #000000\">No caso de extravio ou danos de t\u00edtulos do acervo da UFMG, a institui\u00e7\u00e3o solicitante dever\u00e1 efetuar a substitui\u00e7\u00e3o imediata do exemplar por t\u00edtulo id\u00eantico ou t\u00edtulo equivalente, que ser\u00e1 indicado pela biblioteca fornecedora, em caso de t\u00edtulos esgotados.<\/span><\/li>\n<\/ul>\n<p style=\"text-align: justify\"><span style=\"color: #000000\"><strong><span style=\"color: #000000\">Importante: <\/span><\/strong>se o exemplar extraviado\/danificado pertencer a uma cole\u00e7\u00e3o e na impossibilidade de aquisi\u00e7\u00e3o apenas desse volume, o usu\u00e1rio dever\u00e1 adquirir toda a cole\u00e7\u00e3o a fim de repor o volume espec\u00edfico.<\/span><\/p>\n<\/div><\/section>\n","protected":false},"excerpt":{"rendered":"","protected":false},"author":1,"featured_media":0,"parent":0,"menu_order":0,"comment_status":"closed","ping_status":"closed","template":"","meta":{"inline_featured_image":false,"footnotes":""},"class_list":["post-2814","page","type-page","status-publish","hentry"],"yoast_head":"<!-- This site is optimized with the Yoast SEO plugin v27.3 - https:\/\/yoast.com\/product\/yoast-seo-wordpress\/ -->\n<title>EMPR\u00c9STIMO ENTRE BIBLIOTECAS - Biblioteca Professora Helena Helo\u00edsa Paix\u00e3o<\/title>\n<meta name=\"robots\" content=\"index, follow, max-snippet:-1, max-image-preview:large, max-video-preview:-1\" \/>\n<link rel=\"canonical\" href=\"https:\/\/www.odonto.ufmg.br\/biblioteca\/emprestimo-entre-bibliotecas\/\" \/>\n<meta property=\"og:locale\" content=\"pt_BR\" \/>\n<meta property=\"og:type\" content=\"article\" \/>\n<meta property=\"og:title\" content=\"EMPR\u00c9STIMO ENTRE BIBLIOTECAS - Biblioteca Professora Helena Helo\u00edsa Paix\u00e3o\" \/>\n<meta property=\"og:url\" content=\"https:\/\/www.odonto.ufmg.br\/biblioteca\/emprestimo-entre-bibliotecas\/\" \/>\n<meta property=\"og:site_name\" content=\"Biblioteca Professora Helena Helo\u00edsa Paix\u00e3o\" \/>\n<meta property=\"article:modified_time\" content=\"2025-02-06T22:27:44+00:00\" \/>\n<meta name=\"twitter:card\" content=\"summary_large_image\" \/>\n<meta name=\"twitter:label1\" content=\"Est. tempo de leitura\" \/>\n\t<meta name=\"twitter:data1\" content=\"2 minutos\" \/>\n<script type=\"application\/ld+json\" class=\"yoast-schema-graph\">{\"@context\":\"https:\\\/\\\/schema.org\",\"@graph\":[{\"@type\":\"WebPage\",\"@id\":\"https:\\\/\\\/www.odonto.ufmg.br\\\/biblioteca\\\/emprestimo-entre-bibliotecas\\\/\",\"url\":\"https:\\\/\\\/www.odonto.ufmg.br\\\/biblioteca\\\/emprestimo-entre-bibliotecas\\\/\",\"name\":\"EMPR\u00c9STIMO ENTRE BIBLIOTECAS - Biblioteca Professora Helena Helo\u00edsa Paix\u00e3o\",\"isPartOf\":{\"@id\":\"https:\\\/\\\/www.odonto.ufmg.br\\\/biblioteca\\\/#website\"},\"datePublished\":\"2016-08-08T17:09:57+00:00\",\"dateModified\":\"2025-02-06T22:27:44+00:00\",\"breadcrumb\":{\"@id\":\"https:\\\/\\\/www.odonto.ufmg.br\\\/biblioteca\\\/emprestimo-entre-bibliotecas\\\/#breadcrumb\"},\"inLanguage\":\"pt-BR\",\"potentialAction\":[{\"@type\":\"ReadAction\",\"target\":[\"https:\\\/\\\/www.odonto.ufmg.br\\\/biblioteca\\\/emprestimo-entre-bibliotecas\\\/\"]}]},{\"@type\":\"BreadcrumbList\",\"@id\":\"https:\\\/\\\/www.odonto.ufmg.br\\\/biblioteca\\\/emprestimo-entre-bibliotecas\\\/#breadcrumb\",\"itemListElement\":[{\"@type\":\"ListItem\",\"position\":1,\"name\":\"In\u00edcio\",\"item\":\"https:\\\/\\\/www.odonto.ufmg.br\\\/biblioteca\\\/inicio2\\\/\"},{\"@type\":\"ListItem\",\"position\":2,\"name\":\"EMPR\u00c9STIMO ENTRE BIBLIOTECAS\"}]},{\"@type\":\"WebSite\",\"@id\":\"https:\\\/\\\/www.odonto.ufmg.br\\\/biblioteca\\\/#website\",\"url\":\"https:\\\/\\\/www.odonto.ufmg.br\\\/biblioteca\\\/\",\"name\":\"Biblioteca Professora Helena Helo\u00edsa Paix\u00e3o\",\"description\":\"Faculdade de Odontologia UFMG\",\"potentialAction\":[{\"@type\":\"SearchAction\",\"target\":{\"@type\":\"EntryPoint\",\"urlTemplate\":\"https:\\\/\\\/www.odonto.ufmg.br\\\/biblioteca\\\/?s={search_term_string}\"},\"query-input\":{\"@type\":\"PropertyValueSpecification\",\"valueRequired\":true,\"valueName\":\"search_term_string\"}}],\"inLanguage\":\"pt-BR\"}]}<\/script>\n<!-- \/ Yoast SEO plugin. -->","yoast_head_json":{"title":"EMPR\u00c9STIMO ENTRE BIBLIOTECAS - Biblioteca Professora Helena Helo\u00edsa Paix\u00e3o","robots":{"index":"index","follow":"follow","max-snippet":"max-snippet:-1","max-image-preview":"max-image-preview:large","max-video-preview":"max-video-preview:-1"},"canonical":"https:\/\/www.odonto.ufmg.br\/biblioteca\/emprestimo-entre-bibliotecas\/","og_locale":"pt_BR","og_type":"article","og_title":"EMPR\u00c9STIMO ENTRE BIBLIOTECAS - Biblioteca Professora Helena Helo\u00edsa Paix\u00e3o","og_url":"https:\/\/www.odonto.ufmg.br\/biblioteca\/emprestimo-entre-bibliotecas\/","og_site_name":"Biblioteca Professora Helena Helo\u00edsa Paix\u00e3o","article_modified_time":"2025-02-06T22:27:44+00:00","twitter_card":"summary_large_image","twitter_misc":{"Est. tempo de leitura":"2 minutos"},"schema":{"@context":"https:\/\/schema.org","@graph":[{"@type":"WebPage","@id":"https:\/\/www.odonto.ufmg.br\/biblioteca\/emprestimo-entre-bibliotecas\/","url":"https:\/\/www.odonto.ufmg.br\/biblioteca\/emprestimo-entre-bibliotecas\/","name":"EMPR\u00c9STIMO ENTRE BIBLIOTECAS - Biblioteca Professora Helena Helo\u00edsa Paix\u00e3o","isPartOf":{"@id":"https:\/\/www.odonto.ufmg.br\/biblioteca\/#website"},"datePublished":"2016-08-08T17:09:57+00:00","dateModified":"2025-02-06T22:27:44+00:00","breadcrumb":{"@id":"https:\/\/www.odonto.ufmg.br\/biblioteca\/emprestimo-entre-bibliotecas\/#breadcrumb"},"inLanguage":"pt-BR","potentialAction":[{"@type":"ReadAction","target":["https:\/\/www.odonto.ufmg.br\/biblioteca\/emprestimo-entre-bibliotecas\/"]}]},{"@type":"BreadcrumbList","@id":"https:\/\/www.odonto.ufmg.br\/biblioteca\/emprestimo-entre-bibliotecas\/#breadcrumb","itemListElement":[{"@type":"ListItem","position":1,"name":"In\u00edcio","item":"https:\/\/www.odonto.ufmg.br\/biblioteca\/inicio2\/"},{"@type":"ListItem","position":2,"name":"EMPR\u00c9STIMO ENTRE BIBLIOTECAS"}]},{"@type":"WebSite","@id":"https:\/\/www.odonto.ufmg.br\/biblioteca\/#website","url":"https:\/\/www.odonto.ufmg.br\/biblioteca\/","name":"Biblioteca Professora Helena Helo\u00edsa Paix\u00e3o","description":"Faculdade de Odontologia UFMG","potentialAction":[{"@type":"SearchAction","target":{"@type":"EntryPoint","urlTemplate":"https:\/\/www.odonto.ufmg.br\/biblioteca\/?s={search_term_string}"},"query-input":{"@type":"PropertyValueSpecification","valueRequired":true,"valueName":"search_term_string"}}],"inLanguage":"pt-BR"}]}},"_links":{"self":[{"href":"https:\/\/www.odonto.ufmg.br\/biblioteca\/wp-json\/wp\/v2\/pages\/2814","targetHints":{"allow":["GET"]}}],"collection":[{"href":"https:\/\/www.odonto.ufmg.br\/biblioteca\/wp-json\/wp\/v2\/pages"}],"about":[{"href":"https:\/\/www.odonto.ufmg.br\/biblioteca\/wp-json\/wp\/v2\/types\/page"}],"author":[{"embeddable":true,"href":"https:\/\/www.odonto.ufmg.br\/biblioteca\/wp-json\/wp\/v2\/users\/1"}],"replies":[{"embeddable":true,"href":"https:\/\/www.odonto.ufmg.br\/biblioteca\/wp-json\/wp\/v2\/comments?post=2814"}],"version-history":[{"count":10,"href":"https:\/\/www.odonto.ufmg.br\/biblioteca\/wp-json\/wp\/v2\/pages\/2814\/revisions"}],"predecessor-version":[{"id":6282,"href":"https:\/\/www.odonto.ufmg.br\/biblioteca\/wp-json\/wp\/v2\/pages\/2814\/revisions\/6282"}],"wp:attachment":[{"href":"https:\/\/www.odonto.ufmg.br\/biblioteca\/wp-json\/wp\/v2\/media?parent=2814"}],"curies":[{"name":"wp","href":"https:\/\/api.w.org\/{rel}","templated":true}]}}