{"id":2810,"date":"2016-08-08T14:03:36","date_gmt":"2016-08-08T17:03:36","guid":{"rendered":"http:\/\/www.odonto.ufmg.br\/biblioteca\/?page_id=2810"},"modified":"2025-03-13T17:33:47","modified_gmt":"2025-03-13T20:33:47","slug":"ficha-catalografica","status":"publish","type":"page","link":"https:\/\/www.odonto.ufmg.br\/biblioteca\/ficha-catalografica\/","title":{"rendered":"FICHA CATALOGR\u00c1FICA"},"content":{"rendered":"\n<style type=\"text\/css\" data-created_by=\"avia_inline_auto\" id=\"style-css-av-39llkq-f07ee9d7cc60084403beca0626507b0c\">\n#top .av_textblock_section.av-39llkq-f07ee9d7cc60084403beca0626507b0c .avia_textblock{\nfont-size:16px;\n}\n<\/style>\n<section  class='av_textblock_section av-39llkq-f07ee9d7cc60084403beca0626507b0c '   itemscope=\"itemscope\" itemtype=\"https:\/\/schema.org\/CreativeWork\" ><div class='avia_textblock'  itemprop=\"text\" ><h4 class=\"entry-title\"><strong><span style=\"color: #000000\">ELABORA\u00c7\u00c3O DA FICHA CATALOGR\u00c1FICA<\/span><\/strong><\/h4>\n<div class=\"entry-content\">\n<p><span style=\"color: #000000\">Ap\u00f3s a defesa do trabalho acad\u00eamico, o usu\u00e1rio deve encaminhar uma c\u00f3pia em formato PDF para o Setor de Refer\u00eancia da Biblioteca. O bibliotec\u00e1rio respons\u00e1vel ir\u00e1 verificar se a normaliza\u00e7\u00e3o est\u00e1 conforme a 3\u00aa edi\u00e7\u00e3o do <span style=\"color: #0000ff\"><a style=\"color: #0000ff\" href=\"https:\/\/www.odonto.ufmg.br\/biblioteca\/wp-content\/uploads\/sites\/5\/2024\/04\/Guia-de-normalizacao-da-Pos-graduacao-FAO-UFMG-3ed.2024.pdf\">Guia de normaliza\u00e7\u00e3o de trabalhos acad\u00eamicos para a P\u00f3s-Gradua\u00e7\u00e3o da Faculdade de Odontologia da UFMG<\/a><\/span>, a fim de elaborar a ficha catalogr\u00e1fica. Para mais detalhes, leia as informa\u00e7\u00f5es que constam no fluxograma abaixo:<\/span><\/p>\n<\/div>\n<p><a href=\"https:\/\/www.odonto.ufmg.br\/biblioteca\/ficha-catalografica\/attachment\/fluxograma-guia-2\/\" rel=\"attachment wp-att-6234\"><img fetchpriority=\"high\" decoding=\"async\" class=\"alignnone size-medium wp-image-6234\" src=\"http:\/\/www.odonto.ufmg.br\/biblioteca\/wp-content\/uploads\/sites\/5\/2025\/02\/fluxo-guia-jpg-247x300.jpg\" alt=\"\" width=\"247\" height=\"300\" srcset=\"https:\/\/www.odonto.ufmg.br\/biblioteca\/wp-content\/uploads\/sites\/5\/2025\/02\/fluxo-guia-jpg-247x300.jpg 247w, https:\/\/www.odonto.ufmg.br\/biblioteca\/wp-content\/uploads\/sites\/5\/2025\/02\/fluxo-guia-jpg-66x80.jpg 66w, https:\/\/www.odonto.ufmg.br\/biblioteca\/wp-content\/uploads\/sites\/5\/2025\/02\/fluxo-guia-jpg-581x705.jpg 581w, https:\/\/www.odonto.ufmg.br\/biblioteca\/wp-content\/uploads\/sites\/5\/2025\/02\/fluxo-guia-jpg.jpg 757w\" sizes=\"(max-width: 247px) 100vw, 247px\" \/><\/a><a href=\"https:\/\/www.odonto.ufmg.br\/biblioteca\/clique_aqui-removebg-preview\/\"><img decoding=\"async\" class=\"alignnone wp-image-6239\" src=\"http:\/\/www.odonto.ufmg.br\/biblioteca\/wp-content\/uploads\/sites\/5\/2025\/02\/clique_aqui-removebg-preview-300x292.png\" alt=\"\" width=\"55\" height=\"54\" srcset=\"https:\/\/www.odonto.ufmg.br\/biblioteca\/wp-content\/uploads\/sites\/5\/2025\/02\/clique_aqui-removebg-preview-300x292.png 300w, https:\/\/www.odonto.ufmg.br\/biblioteca\/wp-content\/uploads\/sites\/5\/2025\/02\/clique_aqui-removebg-preview-80x78.png 80w, https:\/\/www.odonto.ufmg.br\/biblioteca\/wp-content\/uploads\/sites\/5\/2025\/02\/clique_aqui-removebg-preview-36x36.png 36w, https:\/\/www.odonto.ufmg.br\/biblioteca\/wp-content\/uploads\/sites\/5\/2025\/02\/clique_aqui-removebg-preview-180x180.png 180w, https:\/\/www.odonto.ufmg.br\/biblioteca\/wp-content\/uploads\/sites\/5\/2025\/02\/clique_aqui-removebg-preview.png 399w\" sizes=\"(max-width: 55px) 100vw, 55px\" \/><\/a><\/p>\n<div><\/div>\n<div class=\"entry-content\">\n<p><strong><span style=\"color: #000000\">Mais informa\u00e7\u00f5es:<\/span><\/strong><\/p>\n<p><span style=\"color: #000000\">Entrar em contato com o bibliotec\u00e1rio(a) do Setor de Refer\u00eancia<\/span><\/p>\n<p><span style=\"color: #000000\">E-mail: odontobibreferencia@ufmg.br<\/span><\/p>\n<p><span style=\"color: #000000\">Telefone (31)3409 2485<\/span><\/p>\n<p><strong><span style=\"color: #000000\">Obs: \u00a0 O usu\u00e1rio, que n\u00e3o tiver pend\u00eancias \u00a0no Sistema de Bibliotecas,\u00a0 dever\u00e1 solicitar o Nada Consta pelo e-mail: cadastrobibodonto@odonto.ufmg.br<\/span><\/strong><\/p>\n<\/div>\n<\/div><\/section>\n","protected":false},"excerpt":{"rendered":"","protected":false},"author":1,"featured_media":0,"parent":0,"menu_order":0,"comment_status":"closed","ping_status":"closed","template":"","meta":{"inline_featured_image":false,"footnotes":""},"class_list":["post-2810","page","type-page","status-publish","hentry"],"yoast_head":"<!-- This site is optimized with the Yoast SEO plugin v27.3 - https:\/\/yoast.com\/product\/yoast-seo-wordpress\/ -->\n<title>FICHA CATALOGR\u00c1FICA - Biblioteca Professora Helena Helo\u00edsa Paix\u00e3o<\/title>\n<meta name=\"robots\" content=\"index, follow, max-snippet:-1, max-image-preview:large, max-video-preview:-1\" \/>\n<link rel=\"canonical\" href=\"https:\/\/www.odonto.ufmg.br\/biblioteca\/ficha-catalografica\/\" \/>\n<meta property=\"og:locale\" content=\"pt_BR\" \/>\n<meta property=\"og:type\" content=\"article\" \/>\n<meta property=\"og:title\" content=\"FICHA CATALOGR\u00c1FICA - Biblioteca Professora Helena Helo\u00edsa Paix\u00e3o\" \/>\n<meta property=\"og:url\" content=\"https:\/\/www.odonto.ufmg.br\/biblioteca\/ficha-catalografica\/\" \/>\n<meta property=\"og:site_name\" content=\"Biblioteca Professora Helena Helo\u00edsa Paix\u00e3o\" \/>\n<meta property=\"article:modified_time\" content=\"2025-03-13T20:33:47+00:00\" \/>\n<meta property=\"og:image\" content=\"https:\/\/www.odonto.ufmg.br\/biblioteca\/wp-content\/uploads\/sites\/5\/2025\/02\/fluxo-guia-jpg.jpg\" \/>\n\t<meta property=\"og:image:width\" content=\"757\" \/>\n\t<meta property=\"og:image:height\" content=\"919\" \/>\n\t<meta property=\"og:image:type\" content=\"image\/jpeg\" \/>\n<meta name=\"twitter:card\" content=\"summary_large_image\" \/>\n<meta name=\"twitter:label1\" content=\"Est. tempo de leitura\" \/>\n\t<meta name=\"twitter:data1\" content=\"2 minutos\" \/>\n<script type=\"application\/ld+json\" class=\"yoast-schema-graph\">{\"@context\":\"https:\\\/\\\/schema.org\",\"@graph\":[{\"@type\":\"WebPage\",\"@id\":\"https:\\\/\\\/www.odonto.ufmg.br\\\/biblioteca\\\/ficha-catalografica\\\/\",\"url\":\"https:\\\/\\\/www.odonto.ufmg.br\\\/biblioteca\\\/ficha-catalografica\\\/\",\"name\":\"FICHA CATALOGR\u00c1FICA - Biblioteca Professora Helena Helo\u00edsa Paix\u00e3o\",\"isPartOf\":{\"@id\":\"https:\\\/\\\/www.odonto.ufmg.br\\\/biblioteca\\\/#website\"},\"primaryImageOfPage\":{\"@id\":\"https:\\\/\\\/www.odonto.ufmg.br\\\/biblioteca\\\/ficha-catalografica\\\/#primaryimage\"},\"image\":{\"@id\":\"https:\\\/\\\/www.odonto.ufmg.br\\\/biblioteca\\\/ficha-catalografica\\\/#primaryimage\"},\"thumbnailUrl\":\"http:\\\/\\\/www.odonto.ufmg.br\\\/biblioteca\\\/wp-content\\\/uploads\\\/sites\\\/5\\\/2025\\\/02\\\/fluxo-guia-jpg-247x300.jpg\",\"datePublished\":\"2016-08-08T17:03:36+00:00\",\"dateModified\":\"2025-03-13T20:33:47+00:00\",\"breadcrumb\":{\"@id\":\"https:\\\/\\\/www.odonto.ufmg.br\\\/biblioteca\\\/ficha-catalografica\\\/#breadcrumb\"},\"inLanguage\":\"pt-BR\",\"potentialAction\":[{\"@type\":\"ReadAction\",\"target\":[\"https:\\\/\\\/www.odonto.ufmg.br\\\/biblioteca\\\/ficha-catalografica\\\/\"]}]},{\"@type\":\"ImageObject\",\"inLanguage\":\"pt-BR\",\"@id\":\"https:\\\/\\\/www.odonto.ufmg.br\\\/biblioteca\\\/ficha-catalografica\\\/#primaryimage\",\"url\":\"https:\\\/\\\/www.odonto.ufmg.br\\\/biblioteca\\\/wp-content\\\/uploads\\\/sites\\\/5\\\/2025\\\/02\\\/fluxo-guia-jpg.jpg\",\"contentUrl\":\"https:\\\/\\\/www.odonto.ufmg.br\\\/biblioteca\\\/wp-content\\\/uploads\\\/sites\\\/5\\\/2025\\\/02\\\/fluxo-guia-jpg.jpg\",\"width\":757,\"height\":919},{\"@type\":\"BreadcrumbList\",\"@id\":\"https:\\\/\\\/www.odonto.ufmg.br\\\/biblioteca\\\/ficha-catalografica\\\/#breadcrumb\",\"itemListElement\":[{\"@type\":\"ListItem\",\"position\":1,\"name\":\"In\u00edcio\",\"item\":\"https:\\\/\\\/www.odonto.ufmg.br\\\/biblioteca\\\/inicio2\\\/\"},{\"@type\":\"ListItem\",\"position\":2,\"name\":\"FICHA CATALOGR\u00c1FICA\"}]},{\"@type\":\"WebSite\",\"@id\":\"https:\\\/\\\/www.odonto.ufmg.br\\\/biblioteca\\\/#website\",\"url\":\"https:\\\/\\\/www.odonto.ufmg.br\\\/biblioteca\\\/\",\"name\":\"Biblioteca Professora Helena Helo\u00edsa Paix\u00e3o\",\"description\":\"Faculdade de Odontologia UFMG\",\"potentialAction\":[{\"@type\":\"SearchAction\",\"target\":{\"@type\":\"EntryPoint\",\"urlTemplate\":\"https:\\\/\\\/www.odonto.ufmg.br\\\/biblioteca\\\/?s={search_term_string}\"},\"query-input\":{\"@type\":\"PropertyValueSpecification\",\"valueRequired\":true,\"valueName\":\"search_term_string\"}}],\"inLanguage\":\"pt-BR\"}]}<\/script>\n<!-- \/ Yoast SEO plugin. -->","yoast_head_json":{"title":"FICHA CATALOGR\u00c1FICA - Biblioteca Professora Helena Helo\u00edsa Paix\u00e3o","robots":{"index":"index","follow":"follow","max-snippet":"max-snippet:-1","max-image-preview":"max-image-preview:large","max-video-preview":"max-video-preview:-1"},"canonical":"https:\/\/www.odonto.ufmg.br\/biblioteca\/ficha-catalografica\/","og_locale":"pt_BR","og_type":"article","og_title":"FICHA CATALOGR\u00c1FICA - Biblioteca Professora Helena Helo\u00edsa Paix\u00e3o","og_url":"https:\/\/www.odonto.ufmg.br\/biblioteca\/ficha-catalografica\/","og_site_name":"Biblioteca Professora Helena Helo\u00edsa Paix\u00e3o","article_modified_time":"2025-03-13T20:33:47+00:00","og_image":[{"width":757,"height":919,"url":"https:\/\/www.odonto.ufmg.br\/biblioteca\/wp-content\/uploads\/sites\/5\/2025\/02\/fluxo-guia-jpg.jpg","type":"image\/jpeg"}],"twitter_card":"summary_large_image","twitter_misc":{"Est. tempo de leitura":"2 minutos"},"schema":{"@context":"https:\/\/schema.org","@graph":[{"@type":"WebPage","@id":"https:\/\/www.odonto.ufmg.br\/biblioteca\/ficha-catalografica\/","url":"https:\/\/www.odonto.ufmg.br\/biblioteca\/ficha-catalografica\/","name":"FICHA CATALOGR\u00c1FICA - Biblioteca Professora Helena Helo\u00edsa Paix\u00e3o","isPartOf":{"@id":"https:\/\/www.odonto.ufmg.br\/biblioteca\/#website"},"primaryImageOfPage":{"@id":"https:\/\/www.odonto.ufmg.br\/biblioteca\/ficha-catalografica\/#primaryimage"},"image":{"@id":"https:\/\/www.odonto.ufmg.br\/biblioteca\/ficha-catalografica\/#primaryimage"},"thumbnailUrl":"http:\/\/www.odonto.ufmg.br\/biblioteca\/wp-content\/uploads\/sites\/5\/2025\/02\/fluxo-guia-jpg-247x300.jpg","datePublished":"2016-08-08T17:03:36+00:00","dateModified":"2025-03-13T20:33:47+00:00","breadcrumb":{"@id":"https:\/\/www.odonto.ufmg.br\/biblioteca\/ficha-catalografica\/#breadcrumb"},"inLanguage":"pt-BR","potentialAction":[{"@type":"ReadAction","target":["https:\/\/www.odonto.ufmg.br\/biblioteca\/ficha-catalografica\/"]}]},{"@type":"ImageObject","inLanguage":"pt-BR","@id":"https:\/\/www.odonto.ufmg.br\/biblioteca\/ficha-catalografica\/#primaryimage","url":"https:\/\/www.odonto.ufmg.br\/biblioteca\/wp-content\/uploads\/sites\/5\/2025\/02\/fluxo-guia-jpg.jpg","contentUrl":"https:\/\/www.odonto.ufmg.br\/biblioteca\/wp-content\/uploads\/sites\/5\/2025\/02\/fluxo-guia-jpg.jpg","width":757,"height":919},{"@type":"BreadcrumbList","@id":"https:\/\/www.odonto.ufmg.br\/biblioteca\/ficha-catalografica\/#breadcrumb","itemListElement":[{"@type":"ListItem","position":1,"name":"In\u00edcio","item":"https:\/\/www.odonto.ufmg.br\/biblioteca\/inicio2\/"},{"@type":"ListItem","position":2,"name":"FICHA CATALOGR\u00c1FICA"}]},{"@type":"WebSite","@id":"https:\/\/www.odonto.ufmg.br\/biblioteca\/#website","url":"https:\/\/www.odonto.ufmg.br\/biblioteca\/","name":"Biblioteca Professora Helena Helo\u00edsa Paix\u00e3o","description":"Faculdade de Odontologia UFMG","potentialAction":[{"@type":"SearchAction","target":{"@type":"EntryPoint","urlTemplate":"https:\/\/www.odonto.ufmg.br\/biblioteca\/?s={search_term_string}"},"query-input":{"@type":"PropertyValueSpecification","valueRequired":true,"valueName":"search_term_string"}}],"inLanguage":"pt-BR"}]}},"_links":{"self":[{"href":"https:\/\/www.odonto.ufmg.br\/biblioteca\/wp-json\/wp\/v2\/pages\/2810","targetHints":{"allow":["GET"]}}],"collection":[{"href":"https:\/\/www.odonto.ufmg.br\/biblioteca\/wp-json\/wp\/v2\/pages"}],"about":[{"href":"https:\/\/www.odonto.ufmg.br\/biblioteca\/wp-json\/wp\/v2\/types\/page"}],"author":[{"embeddable":true,"href":"https:\/\/www.odonto.ufmg.br\/biblioteca\/wp-json\/wp\/v2\/users\/1"}],"replies":[{"embeddable":true,"href":"https:\/\/www.odonto.ufmg.br\/biblioteca\/wp-json\/wp\/v2\/comments?post=2810"}],"version-history":[{"count":20,"href":"https:\/\/www.odonto.ufmg.br\/biblioteca\/wp-json\/wp\/v2\/pages\/2810\/revisions"}],"predecessor-version":[{"id":6642,"href":"https:\/\/www.odonto.ufmg.br\/biblioteca\/wp-json\/wp\/v2\/pages\/2810\/revisions\/6642"}],"wp:attachment":[{"href":"https:\/\/www.odonto.ufmg.br\/biblioteca\/wp-json\/wp\/v2\/media?parent=2810"}],"curies":[{"name":"wp","href":"https:\/\/api.w.org\/{rel}","templated":true}]}}