{"id":2807,"date":"2016-08-08T14:00:23","date_gmt":"2016-08-08T17:00:23","guid":{"rendered":"http:\/\/www.odonto.ufmg.br\/biblioteca\/?page_id=2807"},"modified":"2025-03-10T20:04:50","modified_gmt":"2025-03-10T23:04:50","slug":"comutacao-bibliografica-2","status":"publish","type":"page","link":"https:\/\/www.odonto.ufmg.br\/biblioteca\/comutacao-bibliografica-2\/","title":{"rendered":"COMUTA\u00c7\u00c3O BIBLIOGR\u00c1FICA (COMUT)"},"content":{"rendered":"<p><span data-mce-type=\"bookmark\" style=\"width: 0px;overflow: hidden;line-height: 0\" class=\"mce_SELRES_start\">\ufeff<\/span>\n<style type=\"text\/css\" data-created_by=\"avia_inline_auto\" id=\"style-css-av-2exzmv-a98144fbd2618e3a225f659957d6fa62\">\n#top .av_textblock_section.av-2exzmv-a98144fbd2618e3a225f659957d6fa62 .avia_textblock{\nfont-size:16px;\ntext-align:justify;\n}\n<\/style>\n<section  class='av_textblock_section av-2exzmv-a98144fbd2618e3a225f659957d6fa62 '   itemscope=\"itemscope\" itemtype=\"https:\/\/schema.org\/CreativeWork\" ><div class='avia_textblock'  itemprop=\"text\" ><p align=\"justify\"><strong>COMUTA\u00c7\u00c3O BIBLIOGR\u00c1FICA (COMUT)<\/strong><\/p>\n<p><span style=\"color: #000000\">\u00c9 um servi\u00e7o oferecido por meio da coopera\u00e7\u00e3o entre a Biblioteca e o Instituto Brasileiro de Informa\u00e7\u00e3o em Ci\u00eancia e Tecnologia (IBICT) que possibilita \u00e0 comunidade acad\u00eamica e de pesquisa, a obten\u00e7\u00e3o de c\u00f3pias de documentos t\u00e9cnicos-cient\u00edficos dispon\u00edveis em acervos de bibliotecas brasileiras. Ressalta-se que esse servi\u00e7o \u00e9 exclusivo para os professores, alunos, pesquisadores e funcion\u00e1rios vinculados \u00e0 Faculdade de Odontologia da UFMG.<\/span><\/p>\n<p><span style=\"color: #000000\">Dentre \u00a0os documentos que podem ser solicitados, encontram-se:<\/span><\/p>\n<ul>\n<li style=\"list-style-type: none\">\n<ul>\n<li style=\"list-style-type: none\">\n<ul>\n<li><span style=\"color: #000000\">peri\u00f3dicos t\u00e9cnico-cient\u00edficos;<\/span><\/li>\n<li><span style=\"color: #000000\">teses, disserta\u00e7\u00f5es e monografias;<\/span><\/li>\n<li><span style=\"color: #000000\">anais de congressos nacionais e internacionais;<\/span><\/li>\n<li><span style=\"color: #000000\">relat\u00f3rios t\u00e9cnicos;<\/span><\/li>\n<li><span style=\"color: #000000\">partes de documentos (cap\u00edtulos de livros), desde que sejam autorizados pela Lei de Direitos Autorais.<\/span><\/li>\n<\/ul>\n<\/li>\n<\/ul>\n<\/li>\n<\/ul>\n<p><span style=\"color: #000000\">Antes de solicitar o Comut na Biblioteca, \u00e9 importante que o usu\u00e1rio verifique a disponibilidade do documento no Cat\u00e1logo online da UFMG e no Portal de Peri\u00f3dicos Capes. Isso ajuda a garantir que o material desejado n\u00e3o esteja acess\u00edvel por esses meios antes de fazer a solicita\u00e7\u00e3o.<\/span><\/p>\n<ul>\n<li style=\"list-style-type: none\">\n<ul>\n<li style=\"list-style-type: none\">\n<ul>\n<li><a href=\"https:\/\/catalogobiblioteca.ufmg.br\/\" target=\"_blank\" rel=\"noopener\">Cat\u00e1logo online da UFMG<\/a>;<\/li>\n<li><a href=\"http:\/\/www.periodicos.capes.gov.br\/\" target=\"_blank\" rel=\"noopener\">Portal de Peri\u00f3dicos da<\/a><a href=\"http:\/\/www.periodicos.capes.gov.br\/\" target=\"_blank\" rel=\"noopener\"> CAPES<\/a>;<\/li>\n<\/ul>\n<\/li>\n<\/ul>\n<\/li>\n<\/ul>\n<p><span style=\"color: #000000\">A solicita\u00e7\u00e3o do comut poder\u00e1 ser feita:<\/span><\/p>\n<ul>\n<li style=\"list-style-type: none\">\n<ul>\n<li style=\"list-style-type: none\">\n<ul>\n<li><span style=\"color: #000000\">por e-mail (enviar a lista com as refer\u00eancias completas);<\/span><\/li>\n<li><span style=\"color: #000000\">pessoalmente mediante a entrega do<\/span> <a href=\"http:\/\/www.odonto.ufmg.br\/biblioteca\/wp-content\/uploads\/sites\/5\/2016\/07\/comutacao-bibliografica.pdf\">formul\u00e1rio<\/a> <span style=\"color: #000000\">preenchido e assinado pelo usu\u00e1rio.<\/span><\/li>\n<\/ul>\n<\/li>\n<\/ul>\n<\/li>\n<\/ul>\n<p><span style=\"color: #000000\">O prazo de atendimento de um pedido varia entre 2 a 5 dias \u00fateis. Ap\u00f3s a chegada do documento solicitado na Biblioteca, o usu\u00e1rio receber\u00e1 um e-mail informando o valor que dever\u00e1 ser pago por meio da Guia de Recolhimento da Uni\u00e3o(GRU).\u00a0 O recibo do pagamento dever\u00e1 ser enviado para o e-mail do Setor de Comut.<\/span><\/p>\n<p><span style=\"color: #000000\"><strong>Pre\u00e7o:<\/strong><\/span><\/p>\n<p><span style=\"color: #000000\">O custo de cada documento \u00e9 de R$2,20 a cada 5 p\u00e1ginas.<\/span><\/p>\n<p><span style=\"color: #000000\"><strong>Mais informa\u00e7\u00f5es:<\/strong><\/span><\/p>\n<p><span style=\"color: #000000\">E-mail: bibc@odonto.ufmg.br<\/span><\/p>\n<p><span style=\"color: #000000\">Telefone: (31) 3409-2438.<\/span><\/p>\n<p><span style=\"color: #000000\">Funcion\u00e1ria respons\u00e1vel: Val\u00e9ria Ferreira de Jesus Lauriano.<\/span><\/p>\n<\/div><\/section><span data-mce-type=\"bookmark\" style=\"width: 0px;overflow: hidden;line-height: 0\" class=\"mce_SELRES_end\">\ufeff<\/span><\/p>\n","protected":false},"excerpt":{"rendered":"<p>\ufeff\ufeff<\/p>\n","protected":false},"author":1,"featured_media":0,"parent":0,"menu_order":0,"comment_status":"closed","ping_status":"closed","template":"","meta":{"inline_featured_image":false,"footnotes":""},"class_list":["post-2807","page","type-page","status-publish","hentry"],"yoast_head":"<!-- This site is optimized with the Yoast SEO plugin v27.3 - https:\/\/yoast.com\/product\/yoast-seo-wordpress\/ -->\n<title>COMUTA\u00c7\u00c3O BIBLIOGR\u00c1FICA (COMUT) - Biblioteca Professora Helena Helo\u00edsa Paix\u00e3o<\/title>\n<meta name=\"robots\" content=\"index, follow, max-snippet:-1, max-image-preview:large, max-video-preview:-1\" \/>\n<link rel=\"canonical\" href=\"https:\/\/www.odonto.ufmg.br\/biblioteca\/comutacao-bibliografica-2\/\" \/>\n<meta property=\"og:locale\" content=\"pt_BR\" \/>\n<meta property=\"og:type\" content=\"article\" \/>\n<meta property=\"og:title\" content=\"COMUTA\u00c7\u00c3O BIBLIOGR\u00c1FICA (COMUT) - Biblioteca Professora Helena Helo\u00edsa Paix\u00e3o\" \/>\n<meta property=\"og:description\" content=\"\ufeff\ufeff\" \/>\n<meta property=\"og:url\" content=\"https:\/\/www.odonto.ufmg.br\/biblioteca\/comutacao-bibliografica-2\/\" \/>\n<meta property=\"og:site_name\" content=\"Biblioteca Professora Helena Helo\u00edsa Paix\u00e3o\" \/>\n<meta property=\"article:modified_time\" content=\"2025-03-10T23:04:50+00:00\" \/>\n<meta name=\"twitter:card\" content=\"summary_large_image\" \/>\n<meta name=\"twitter:label1\" content=\"Est. tempo de leitura\" \/>\n\t<meta name=\"twitter:data1\" content=\"2 minutos\" \/>\n<script type=\"application\/ld+json\" class=\"yoast-schema-graph\">{\"@context\":\"https:\\\/\\\/schema.org\",\"@graph\":[{\"@type\":\"WebPage\",\"@id\":\"https:\\\/\\\/www.odonto.ufmg.br\\\/biblioteca\\\/comutacao-bibliografica-2\\\/\",\"url\":\"https:\\\/\\\/www.odonto.ufmg.br\\\/biblioteca\\\/comutacao-bibliografica-2\\\/\",\"name\":\"COMUTA\u00c7\u00c3O BIBLIOGR\u00c1FICA (COMUT) - Biblioteca Professora Helena Helo\u00edsa Paix\u00e3o\",\"isPartOf\":{\"@id\":\"https:\\\/\\\/www.odonto.ufmg.br\\\/biblioteca\\\/#website\"},\"datePublished\":\"2016-08-08T17:00:23+00:00\",\"dateModified\":\"2025-03-10T23:04:50+00:00\",\"breadcrumb\":{\"@id\":\"https:\\\/\\\/www.odonto.ufmg.br\\\/biblioteca\\\/comutacao-bibliografica-2\\\/#breadcrumb\"},\"inLanguage\":\"pt-BR\",\"potentialAction\":[{\"@type\":\"ReadAction\",\"target\":[\"https:\\\/\\\/www.odonto.ufmg.br\\\/biblioteca\\\/comutacao-bibliografica-2\\\/\"]}]},{\"@type\":\"BreadcrumbList\",\"@id\":\"https:\\\/\\\/www.odonto.ufmg.br\\\/biblioteca\\\/comutacao-bibliografica-2\\\/#breadcrumb\",\"itemListElement\":[{\"@type\":\"ListItem\",\"position\":1,\"name\":\"In\u00edcio\",\"item\":\"https:\\\/\\\/www.odonto.ufmg.br\\\/biblioteca\\\/inicio2\\\/\"},{\"@type\":\"ListItem\",\"position\":2,\"name\":\"COMUTA\u00c7\u00c3O BIBLIOGR\u00c1FICA (COMUT)\"}]},{\"@type\":\"WebSite\",\"@id\":\"https:\\\/\\\/www.odonto.ufmg.br\\\/biblioteca\\\/#website\",\"url\":\"https:\\\/\\\/www.odonto.ufmg.br\\\/biblioteca\\\/\",\"name\":\"Biblioteca Professora Helena Helo\u00edsa Paix\u00e3o\",\"description\":\"Faculdade de Odontologia UFMG\",\"potentialAction\":[{\"@type\":\"SearchAction\",\"target\":{\"@type\":\"EntryPoint\",\"urlTemplate\":\"https:\\\/\\\/www.odonto.ufmg.br\\\/biblioteca\\\/?s={search_term_string}\"},\"query-input\":{\"@type\":\"PropertyValueSpecification\",\"valueRequired\":true,\"valueName\":\"search_term_string\"}}],\"inLanguage\":\"pt-BR\"}]}<\/script>\n<!-- \/ Yoast SEO plugin. -->","yoast_head_json":{"title":"COMUTA\u00c7\u00c3O BIBLIOGR\u00c1FICA (COMUT) - Biblioteca Professora Helena Helo\u00edsa Paix\u00e3o","robots":{"index":"index","follow":"follow","max-snippet":"max-snippet:-1","max-image-preview":"max-image-preview:large","max-video-preview":"max-video-preview:-1"},"canonical":"https:\/\/www.odonto.ufmg.br\/biblioteca\/comutacao-bibliografica-2\/","og_locale":"pt_BR","og_type":"article","og_title":"COMUTA\u00c7\u00c3O BIBLIOGR\u00c1FICA (COMUT) - Biblioteca Professora Helena Helo\u00edsa Paix\u00e3o","og_description":"\ufeff\ufeff","og_url":"https:\/\/www.odonto.ufmg.br\/biblioteca\/comutacao-bibliografica-2\/","og_site_name":"Biblioteca Professora Helena Helo\u00edsa Paix\u00e3o","article_modified_time":"2025-03-10T23:04:50+00:00","twitter_card":"summary_large_image","twitter_misc":{"Est. tempo de leitura":"2 minutos"},"schema":{"@context":"https:\/\/schema.org","@graph":[{"@type":"WebPage","@id":"https:\/\/www.odonto.ufmg.br\/biblioteca\/comutacao-bibliografica-2\/","url":"https:\/\/www.odonto.ufmg.br\/biblioteca\/comutacao-bibliografica-2\/","name":"COMUTA\u00c7\u00c3O BIBLIOGR\u00c1FICA (COMUT) - Biblioteca Professora Helena Helo\u00edsa Paix\u00e3o","isPartOf":{"@id":"https:\/\/www.odonto.ufmg.br\/biblioteca\/#website"},"datePublished":"2016-08-08T17:00:23+00:00","dateModified":"2025-03-10T23:04:50+00:00","breadcrumb":{"@id":"https:\/\/www.odonto.ufmg.br\/biblioteca\/comutacao-bibliografica-2\/#breadcrumb"},"inLanguage":"pt-BR","potentialAction":[{"@type":"ReadAction","target":["https:\/\/www.odonto.ufmg.br\/biblioteca\/comutacao-bibliografica-2\/"]}]},{"@type":"BreadcrumbList","@id":"https:\/\/www.odonto.ufmg.br\/biblioteca\/comutacao-bibliografica-2\/#breadcrumb","itemListElement":[{"@type":"ListItem","position":1,"name":"In\u00edcio","item":"https:\/\/www.odonto.ufmg.br\/biblioteca\/inicio2\/"},{"@type":"ListItem","position":2,"name":"COMUTA\u00c7\u00c3O BIBLIOGR\u00c1FICA (COMUT)"}]},{"@type":"WebSite","@id":"https:\/\/www.odonto.ufmg.br\/biblioteca\/#website","url":"https:\/\/www.odonto.ufmg.br\/biblioteca\/","name":"Biblioteca Professora Helena Helo\u00edsa Paix\u00e3o","description":"Faculdade de Odontologia UFMG","potentialAction":[{"@type":"SearchAction","target":{"@type":"EntryPoint","urlTemplate":"https:\/\/www.odonto.ufmg.br\/biblioteca\/?s={search_term_string}"},"query-input":{"@type":"PropertyValueSpecification","valueRequired":true,"valueName":"search_term_string"}}],"inLanguage":"pt-BR"}]}},"_links":{"self":[{"href":"https:\/\/www.odonto.ufmg.br\/biblioteca\/wp-json\/wp\/v2\/pages\/2807","targetHints":{"allow":["GET"]}}],"collection":[{"href":"https:\/\/www.odonto.ufmg.br\/biblioteca\/wp-json\/wp\/v2\/pages"}],"about":[{"href":"https:\/\/www.odonto.ufmg.br\/biblioteca\/wp-json\/wp\/v2\/types\/page"}],"author":[{"embeddable":true,"href":"https:\/\/www.odonto.ufmg.br\/biblioteca\/wp-json\/wp\/v2\/users\/1"}],"replies":[{"embeddable":true,"href":"https:\/\/www.odonto.ufmg.br\/biblioteca\/wp-json\/wp\/v2\/comments?post=2807"}],"version-history":[{"count":20,"href":"https:\/\/www.odonto.ufmg.br\/biblioteca\/wp-json\/wp\/v2\/pages\/2807\/revisions"}],"predecessor-version":[{"id":6546,"href":"https:\/\/www.odonto.ufmg.br\/biblioteca\/wp-json\/wp\/v2\/pages\/2807\/revisions\/6546"}],"wp:attachment":[{"href":"https:\/\/www.odonto.ufmg.br\/biblioteca\/wp-json\/wp\/v2\/media?parent=2807"}],"curies":[{"name":"wp","href":"https:\/\/api.w.org\/{rel}","templated":true}]}}