{"id":2619,"date":"2016-08-02T13:25:11","date_gmt":"2016-08-02T16:25:11","guid":{"rendered":"http:\/\/www.odonto.ufmg.br\/biblioteca\/?page_id=2619"},"modified":"2016-08-08T15:19:38","modified_gmt":"2016-08-08T18:19:38","slug":"bases-de-pesquisa","status":"publish","type":"page","link":"https:\/\/www.odonto.ufmg.br\/biblioteca\/bases-de-pesquisa\/","title":{"rendered":"Bases de Pesquisa"},"content":{"rendered":"<div id='av_section_1'  class='avia-section av-av_section-d18d8c2c81d10022ebd21ffa95322c35 main_color avia-section-default avia-no-shadow  avia-builder-el-0  el_before_av_one_third  avia-builder-el-first  avia-bg-style-scroll container_wrap sidebar_right'  ><div class='container av-section-cont-open' ><main  role=\"main\" itemprop=\"mainContentOfPage\"  class='template-page content  av-content-small alpha units'><div class='post-entry post-entry-type-page post-entry-2619'><div class='entry-content-wrapper clearfix'>\n\n<style type=\"text\/css\" data-created_by=\"avia_inline_auto\" id=\"style-css-av-av_textblock-fae8699d538200a543ba402659dba9b0\">\n#top .av_textblock_section.av-av_textblock-fae8699d538200a543ba402659dba9b0 .avia_textblock{\nfont-size:16px;\n}\n<\/style>\n<section  class='av_textblock_section av-av_textblock-fae8699d538200a543ba402659dba9b0 '   itemscope=\"itemscope\" itemtype=\"https:\/\/schema.org\/CreativeWork\" ><div class='avia_textblock'  itemprop=\"text\" ><h4>Abaixo relacionamos algumas bases de pesquisa pertinentes\u00a0\u00e0 \u00e1rea de odontologia<\/h4>\n<\/div><\/section>\n<\/div><\/div><\/main><!-- close content main element --><\/div><\/div><div id='after_section_1'  class='main_color av_default_container_wrap container_wrap sidebar_right'  ><div class='container av-section-cont-open' ><div class='template-page content  av-content-small alpha units'><div class='post-entry post-entry-type-page post-entry-2619'><div class='entry-content-wrapper clearfix'>\n\n<style type=\"text\/css\" data-created_by=\"avia_inline_auto\" id=\"style-css-av-av_one_third-6126cab7d8fab8d08143dd2dacdf673c\">\n.flex_column.av-av_one_third-6126cab7d8fab8d08143dd2dacdf673c{\nborder-radius:0px 0px 0px 0px;\npadding:0px 0px 0px 0px;\n}\n<\/style>\n<div  class='flex_column av-av_one_third-6126cab7d8fab8d08143dd2dacdf673c av_one_third  avia-builder-el-2  el_after_av_section  el_before_av_one_third  avia-builder-el-first  first flex_column_div av-zero-column-padding  '     ><p>\n<style type=\"text\/css\" data-created_by=\"avia_inline_auto\" id=\"style-css-av-av_image-d44c5242745f33d0b17cf45544c1f2ab\">\n.avia-image-container.av-av_image-d44c5242745f33d0b17cf45544c1f2ab img.avia_image{\nbox-shadow:none;\n}\n.avia-image-container.av-av_image-d44c5242745f33d0b17cf45544c1f2ab .av-image-caption-overlay-center{\ncolor:#ffffff;\n}\n<\/style>\n<div  class='avia-image-container av-av_image-d44c5242745f33d0b17cf45544c1f2ab av-styling- av-img-linked avia-align-center  avia-builder-el-3  el_before_av_textblock  avia-builder-el-first '   itemprop=\"image\" itemscope=\"itemscope\" itemtype=\"https:\/\/schema.org\/ImageObject\" ><div class=\"avia-image-container-inner\"><div class=\"avia-image-overlay-wrap\"><a href=\"http:\/\/bvsalud.org\/\" class='avia_image '  target=\"_blank\"  rel=\"noopener noreferrer\" aria-label='icon-bvs'><img fetchpriority=\"high\" fetchpriority=\"high\" decoding=\"async\" fetchpriority=\"high\" class='wp-image-2620 avia-img-lazy-loading-not-2620 avia_image ' src=\"https:\/\/www.odonto.ufmg.br\/biblioteca\/wp-content\/uploads\/sites\/5\/2016\/08\/icon-bvs.png\" alt='' title='icon-bvs'  height=\"80\" width=\"302\"  itemprop=\"thumbnailUrl\" srcset=\"https:\/\/www.odonto.ufmg.br\/biblioteca\/wp-content\/uploads\/sites\/5\/2016\/08\/icon-bvs.png 302w, https:\/\/www.odonto.ufmg.br\/biblioteca\/wp-content\/uploads\/sites\/5\/2016\/08\/icon-bvs-80x21.png 80w, https:\/\/www.odonto.ufmg.br\/biblioteca\/wp-content\/uploads\/sites\/5\/2016\/08\/icon-bvs-300x79.png 300w\" sizes=\"(max-width: 302px) 100vw, 302px\" \/><\/a><\/div><\/div><\/div><br \/>\n<section  class='av_textblock_section av-av_textblock-0366cc7376be6c9e82a3e9cc8987b64f '   itemscope=\"itemscope\" itemtype=\"https:\/\/schema.org\/CreativeWork\" ><div class='avia_textblock'  itemprop=\"text\" ><h5 style=\"text-align: justify\">Acesso ao portal de pesquisa da Biblioteca Virtual de Sa\u00fade (BVS\/BIREME)<\/h5>\n<p style=\"text-align: justify\">&#8220;O Portal Regional da BVS \u00e9 o espa\u00e7o de integra\u00e7\u00e3o de fontes de informa\u00e7\u00e3o em sa\u00fade que promove a democratiza\u00e7\u00e3o e amplia\u00e7\u00e3o do acesso \u00e0 informa\u00e7\u00e3o cient\u00edfica e t\u00e9cnica em sa\u00fade na Am\u00e9rica Latina e Caribe (AL&amp;C). \u00c9 desenvolvido e operado pela BIREME em 3 idiomas (ingl\u00eas, portugu\u00eas e espanhol).&#8221;<\/p>\n<p style=\"text-align: justify\">Informa\u00e7\u00e3o retirada do site.<\/p>\n<\/div><\/section><\/p><\/div>\n<style type=\"text\/css\" data-created_by=\"avia_inline_auto\" id=\"style-css-av-av_one_third-0aa7055fe62c3622faec82866afbaeb2\">\n.flex_column.av-av_one_third-0aa7055fe62c3622faec82866afbaeb2{\nborder-radius:0px 0px 0px 0px;\npadding:0px 0px 0px 0px;\n}\n<\/style>\n<div  class='flex_column av-av_one_third-0aa7055fe62c3622faec82866afbaeb2 av_one_third  avia-builder-el-5  el_after_av_one_third  el_before_av_one_third  flex_column_div av-zero-column-padding  '     ><p>\n<style type=\"text\/css\" data-created_by=\"avia_inline_auto\" id=\"style-css-av-av_image-ac66e0f96427a93911c8878c1601d7ea\">\n.avia-image-container.av-av_image-ac66e0f96427a93911c8878c1601d7ea img.avia_image{\nbox-shadow:none;\n}\n.avia-image-container.av-av_image-ac66e0f96427a93911c8878c1601d7ea .av-image-caption-overlay-center{\ncolor:#ffffff;\n}\n<\/style>\n<div  class='avia-image-container av-av_image-ac66e0f96427a93911c8878c1601d7ea av-styling- av-img-linked avia-align-center  avia-builder-el-6  el_before_av_textblock  avia-builder-el-first '   itemprop=\"image\" itemscope=\"itemscope\" itemtype=\"https:\/\/schema.org\/ImageObject\" ><div class=\"avia-image-container-inner\"><div class=\"avia-image-overlay-wrap\"><a href=\"http:\/\/odontologia.bvs.br\/\" class='avia_image '  target=\"_blank\"  rel=\"noopener noreferrer\" aria-label='bvs-odontologia-logo'><img fetchpriority=\"high\" fetchpriority=\"high\" decoding=\"async\" fetchpriority=\"high\" class='wp-image-2623 avia-img-lazy-loading-not-2623 avia_image ' src=\"https:\/\/www.odonto.ufmg.br\/biblioteca\/wp-content\/uploads\/sites\/5\/2016\/08\/bvs-odontologia-logo.png\" alt='' title='bvs-odontologia-logo'  height=\"104\" width=\"368\"  itemprop=\"thumbnailUrl\" srcset=\"https:\/\/www.odonto.ufmg.br\/biblioteca\/wp-content\/uploads\/sites\/5\/2016\/08\/bvs-odontologia-logo.png 368w, https:\/\/www.odonto.ufmg.br\/biblioteca\/wp-content\/uploads\/sites\/5\/2016\/08\/bvs-odontologia-logo-80x23.png 80w, https:\/\/www.odonto.ufmg.br\/biblioteca\/wp-content\/uploads\/sites\/5\/2016\/08\/bvs-odontologia-logo-300x85.png 300w\" sizes=\"(max-width: 368px) 100vw, 368px\" \/><\/a><\/div><\/div><\/div><br \/>\n<section  class='av_textblock_section av-av_textblock-0366cc7376be6c9e82a3e9cc8987b64f '   itemscope=\"itemscope\" itemtype=\"https:\/\/schema.org\/CreativeWork\" ><div class='avia_textblock'  itemprop=\"text\" ><h5 style=\"text-align: justify\">Acesso ao portal de pesquisa da BVS Odontologia<\/h5>\n<p style=\"text-align: justify\">Portal Regional da BVS com conte\u00fado de base odontol\u00f3gica contendo as seguintes base de dados:<\/p>\n<ul style=\"text-align: justify\">\n<li>Literatura cient\u00edfica (BBO, LILACS, Scielo, dentre outros);<\/li>\n<li>Cat\u00e1logo das Bibliotecas SIEO (ABO-RJ, UEL, UERJ, UFMG, UFPA, UFRGS, UNESP, UNICAMP, USP, dentre outras institui\u00e7\u00f5es);<\/li>\n<li>Revistas Cient\u00edficas em Odontologia;<\/li>\n<li>Acesso a demais documentos relevantes.<\/li>\n<\/ul>\n<\/div><\/section><\/p><\/div>\n<style type=\"text\/css\" data-created_by=\"avia_inline_auto\" id=\"style-css-av-av_one_third-0aa7055fe62c3622faec82866afbaeb2\">\n.flex_column.av-av_one_third-0aa7055fe62c3622faec82866afbaeb2{\nborder-radius:0px 0px 0px 0px;\npadding:0px 0px 0px 0px;\n}\n<\/style>\n<div  class='flex_column av-av_one_third-0aa7055fe62c3622faec82866afbaeb2 av_one_third  avia-builder-el-8  el_after_av_one_third  el_before_av_hr  flex_column_div av-zero-column-padding  '     ><p>\n<style type=\"text\/css\" data-created_by=\"avia_inline_auto\" id=\"style-css-av-av_image-9fe90a1cd8048836c36cf499d5575b09\">\n.avia-image-container.av-av_image-9fe90a1cd8048836c36cf499d5575b09 img.avia_image{\nbox-shadow:none;\n}\n.avia-image-container.av-av_image-9fe90a1cd8048836c36cf499d5575b09 .av-image-caption-overlay-center{\ncolor:#ffffff;\n}\n<\/style>\n<div  class='avia-image-container av-av_image-9fe90a1cd8048836c36cf499d5575b09 av-styling- av-img-linked avia-align-center  avia-builder-el-9  el_before_av_textblock  avia-builder-el-first '   itemprop=\"image\" itemscope=\"itemscope\" itemtype=\"https:\/\/schema.org\/ImageObject\" ><div class=\"avia-image-container-inner\"><div class=\"avia-image-overlay-wrap\"><a href=\"http:\/\/bvsalud.org\/portal-lis\/\" class='avia_image '  target=\"_blank\"  rel=\"noopener noreferrer\" aria-label='lis-logo'><img fetchpriority=\"high\" fetchpriority=\"high\" decoding=\"async\" fetchpriority=\"high\" class='wp-image-2624 avia-img-lazy-loading-not-2624 avia_image ' src=\"https:\/\/www.odonto.ufmg.br\/biblioteca\/wp-content\/uploads\/sites\/5\/2016\/08\/lis-logo.png\" alt='' title='lis-logo'  height=\"95\" width=\"333\"  itemprop=\"thumbnailUrl\" srcset=\"https:\/\/www.odonto.ufmg.br\/biblioteca\/wp-content\/uploads\/sites\/5\/2016\/08\/lis-logo.png 333w, https:\/\/www.odonto.ufmg.br\/biblioteca\/wp-content\/uploads\/sites\/5\/2016\/08\/lis-logo-80x23.png 80w, https:\/\/www.odonto.ufmg.br\/biblioteca\/wp-content\/uploads\/sites\/5\/2016\/08\/lis-logo-300x86.png 300w\" sizes=\"(max-width: 333px) 100vw, 333px\" \/><\/a><\/div><\/div><\/div><br \/>\n<section  class='av_textblock_section av-av_textblock-0366cc7376be6c9e82a3e9cc8987b64f '   itemscope=\"itemscope\" itemtype=\"https:\/\/schema.org\/CreativeWork\" ><div class='avia_textblock'  itemprop=\"text\" ><h5 class=\"entry-title\" style=\"text-align: justify\">Localizador de Informa\u00e7\u00e3o em Sa\u00fade \u2013\u00a0LIS<\/h5>\n<p style=\"text-align: justify\">Portal da Biblioteca Virtual em Sa\u00fade que cont\u00e9m o cat\u00e1logo de fontes de informa\u00e7\u00e3o em sa\u00fade dispon\u00edveis na Internet e selecionadas segundo crit\u00e9rios de qualidade. Descreve o conte\u00fado destas fontes e oferece links para as mesmas na Internet.<br \/>\nA metodologia LIS \u00e9 resultado da coopera\u00e7\u00e3o t\u00e9cnica entre o Centro Nacional de Informaci\u00f3n de Ciencias M\u00e9dicas (CNICM), a Red Telem\u00e1tica de Salud de Cuba (INFOMED) e a BIREME.<br \/>\nA metodologia segue normas e formatos internacionais j\u00e1 amplamente adotados em bibliotecas e centros de documenta\u00e7\u00e3o e em uso atualmente na Internet. \u00c9 baseada no GILS (Global Information Locator Service) e no formato Dublin Core, com alguns campos de dados adicionais.<\/p>\n<\/div><\/section><\/p><\/div><div  class='hr av-av_hr-dcd2069817a0e3d34ae04cad8f3443c7 hr-default  avia-builder-el-11  el_after_av_one_third  el_before_av_one_third '><span class='hr-inner '><span class=\"hr-inner-style\"><\/span><\/span><\/div><\/p>\n\n<style type=\"text\/css\" data-created_by=\"avia_inline_auto\" id=\"style-css-av-av_one_third-6126cab7d8fab8d08143dd2dacdf673c\">\n.flex_column.av-av_one_third-6126cab7d8fab8d08143dd2dacdf673c{\nborder-radius:0px 0px 0px 0px;\npadding:0px 0px 0px 0px;\n}\n<\/style>\n<div  class='flex_column av-av_one_third-6126cab7d8fab8d08143dd2dacdf673c av_one_third  avia-builder-el-12  el_after_av_hr  el_before_av_one_third  first flex_column_div av-zero-column-padding  '     ><p>\n<style type=\"text\/css\" data-created_by=\"avia_inline_auto\" id=\"style-css-av-av_image-563c101d36085f9ebe6f3c4f4fccd829\">\n.avia-image-container.av-av_image-563c101d36085f9ebe6f3c4f4fccd829 img.avia_image{\nbox-shadow:none;\n}\n.avia-image-container.av-av_image-563c101d36085f9ebe6f3c4f4fccd829 .av-image-caption-overlay-center{\ncolor:#ffffff;\n}\n<\/style>\n<div  class='avia-image-container av-av_image-563c101d36085f9ebe6f3c4f4fccd829 av-styling- av-img-linked avia-align-center  avia-builder-el-13  el_before_av_textblock  avia-builder-el-first '   itemprop=\"image\" itemscope=\"itemscope\" itemtype=\"https:\/\/schema.org\/ImageObject\" ><div class=\"avia-image-container-inner\"><div class=\"avia-image-overlay-wrap\"><a href=\"http:\/\/www.periodicos.capes.gov.br\/\" class='avia_image '  target=\"_blank\"  rel=\"noopener noreferrer\" aria-label='logoperiodicos'><img fetchpriority=\"high\" fetchpriority=\"high\" decoding=\"async\" fetchpriority=\"high\" class='wp-image-2559 avia-img-lazy-loading-not-2559 avia_image ' src=\"https:\/\/www.odonto.ufmg.br\/biblioteca\/wp-content\/uploads\/sites\/5\/2015\/12\/logoperiodicos.jpg\" alt='' title='logoperiodicos'  height=\"58\" width=\"300\"  itemprop=\"thumbnailUrl\" srcset=\"https:\/\/www.odonto.ufmg.br\/biblioteca\/wp-content\/uploads\/sites\/5\/2015\/12\/logoperiodicos.jpg 300w, https:\/\/www.odonto.ufmg.br\/biblioteca\/wp-content\/uploads\/sites\/5\/2015\/12\/logoperiodicos-80x15.jpg 80w\" sizes=\"(max-width: 300px) 100vw, 300px\" \/><\/a><\/div><\/div><\/div><br \/>\n<section  class='av_textblock_section av-av_textblock-0366cc7376be6c9e82a3e9cc8987b64f '   itemscope=\"itemscope\" itemtype=\"https:\/\/schema.org\/CreativeWork\" ><div class='avia_textblock'  itemprop=\"text\" ><h5 class=\"entry-title\" style=\"text-align: justify\">Peri\u00f3dicos da CAPES<\/h5>\n<p style=\"text-align: justify\">&#8220;O Portal de Peri\u00f3dicos da Capes oferece acesso a textos completos dispon\u00edveis em mais de 37 mil publica\u00e7\u00f5es peri\u00f3dicas, internacionais e nacionais, e \u00e0 diversas bases de dados que re\u00fanem desde refer\u00eancias e resumos de trabalhos acad\u00eamicos e cient\u00edficos at\u00e9 normas t\u00e9cnicas, patentes, teses e disserta\u00e7\u00f5es dentre outros tipos de materiais, cobrindo todas as \u00e1reas do conhecimento. Inclui tamb\u00e9m uma sele\u00e7\u00e3o de importantes fontes de informa\u00e7\u00e3o cient\u00edfica e tecnol\u00f3gica de acesso gratuito na web.&#8221;<\/p>\n<p style=\"text-align: justify\">Retirado do site.<\/p>\n<\/div><\/section><\/p><\/div>\n<style type=\"text\/css\" data-created_by=\"avia_inline_auto\" id=\"style-css-av-av_one_third-0aa7055fe62c3622faec82866afbaeb2\">\n.flex_column.av-av_one_third-0aa7055fe62c3622faec82866afbaeb2{\nborder-radius:0px 0px 0px 0px;\npadding:0px 0px 0px 0px;\n}\n<\/style>\n<div  class='flex_column av-av_one_third-0aa7055fe62c3622faec82866afbaeb2 av_one_third  avia-builder-el-15  el_after_av_one_third  el_before_av_one_third  flex_column_div av-zero-column-padding  '     ><p>\n<style type=\"text\/css\" data-created_by=\"avia_inline_auto\" id=\"style-css-av-av_image-bb5f196e39e09471d6e2a47e3d5da69e\">\n.avia-image-container.av-av_image-bb5f196e39e09471d6e2a47e3d5da69e img.avia_image{\nbox-shadow:none;\n}\n.avia-image-container.av-av_image-bb5f196e39e09471d6e2a47e3d5da69e .av-image-caption-overlay-center{\ncolor:#ffffff;\n}\n<\/style>\n<div  class='avia-image-container av-av_image-bb5f196e39e09471d6e2a47e3d5da69e av-styling- av-img-linked avia-align-center  avia-builder-el-16  el_before_av_textblock  avia-builder-el-first '   itemprop=\"image\" itemscope=\"itemscope\" itemtype=\"https:\/\/schema.org\/ImageObject\" ><div class=\"avia-image-container-inner\"><div class=\"avia-image-overlay-wrap\"><a href=\"http:\/\/www.ncbi.nlm.nih.gov\/pubmed\" class='avia_image '  target=\"_blank\"  rel=\"noopener noreferrer\" aria-label='pubmed'><img fetchpriority=\"high\" fetchpriority=\"high\" decoding=\"async\" fetchpriority=\"high\" class='wp-image-2626 avia-img-lazy-loading-not-2626 avia_image ' src=\"https:\/\/www.odonto.ufmg.br\/biblioteca\/wp-content\/uploads\/sites\/5\/2016\/08\/pubmed.jpg\" alt='' title='pubmed'  height=\"52\" width=\"151\"  itemprop=\"thumbnailUrl\" srcset=\"https:\/\/www.odonto.ufmg.br\/biblioteca\/wp-content\/uploads\/sites\/5\/2016\/08\/pubmed.jpg 151w, https:\/\/www.odonto.ufmg.br\/biblioteca\/wp-content\/uploads\/sites\/5\/2016\/08\/pubmed-80x28.jpg 80w\" sizes=\"(max-width: 151px) 100vw, 151px\" \/><\/a><\/div><\/div><\/div><br \/>\n<section  class='av_textblock_section av-av_textblock-0366cc7376be6c9e82a3e9cc8987b64f '   itemscope=\"itemscope\" itemtype=\"https:\/\/schema.org\/CreativeWork\" ><div class='avia_textblock'  itemprop=\"text\" ><h5 class=\"entry-title\" style=\"text-align: justify\">PubMed<\/h5>\n<p style=\"text-align: justify\">Sistema de pesquisa bibliogr\u00e1fica desenvolvido pelo National Center for Biotechnology Information (NCBI), uma divis\u00e3o da National Library of Medicine (NLM), em Bethesda, Maryland. Alguns editores de peri\u00f3dicos submetem suas cita\u00e7\u00f5es ao NCBI e fornecem acesso ao texto completo (full-text) dos artigos dos peri\u00f3dicos. Para busca simples insira os conceitos-chave de sua pesquisa.<\/p>\n<p style=\"text-align: justify\">A maioria dos artigos est\u00e1 dispon\u00edvel em ingl\u00eas.<\/p>\n<\/div><\/section><\/p><\/div>\n<style type=\"text\/css\" data-created_by=\"avia_inline_auto\" id=\"style-css-av-av_one_third-0aa7055fe62c3622faec82866afbaeb2\">\n.flex_column.av-av_one_third-0aa7055fe62c3622faec82866afbaeb2{\nborder-radius:0px 0px 0px 0px;\npadding:0px 0px 0px 0px;\n}\n<\/style>\n<div  class='flex_column av-av_one_third-0aa7055fe62c3622faec82866afbaeb2 av_one_third  avia-builder-el-18  el_after_av_one_third  avia-builder-el-last  flex_column_div av-zero-column-padding  '     ><p>\n<style type=\"text\/css\" data-created_by=\"avia_inline_auto\" id=\"style-css-av-av_image-54472bea639d8bb899d3aaa742b1f78d\">\n.avia-image-container.av-av_image-54472bea639d8bb899d3aaa742b1f78d img.avia_image{\nbox-shadow:none;\n}\n.avia-image-container.av-av_image-54472bea639d8bb899d3aaa742b1f78d .av-image-caption-overlay-center{\ncolor:#ffffff;\n}\n<\/style>\n<div  class='avia-image-container av-av_image-54472bea639d8bb899d3aaa742b1f78d av-styling- av-img-linked avia-align-center  avia-builder-el-19  el_before_av_textblock  avia-builder-el-first '   itemprop=\"image\" itemscope=\"itemscope\" itemtype=\"https:\/\/schema.org\/ImageObject\" ><div class=\"avia-image-container-inner\"><div class=\"avia-image-overlay-wrap\"><a href=\"http:\/\/revodonto.bvsalud.org\/\" class='avia_image '  target=\"_blank\"  rel=\"noopener noreferrer\" aria-label='revodonto-150x55'><img fetchpriority=\"high\" fetchpriority=\"high\" decoding=\"async\" fetchpriority=\"high\" class='wp-image-2627 avia-img-lazy-loading-not-2627 avia_image ' src=\"https:\/\/www.odonto.ufmg.br\/biblioteca\/wp-content\/uploads\/sites\/5\/2016\/08\/revodonto-150x55.jpg\" alt='' title='revodonto-150x55'  height=\"55\" width=\"150\"  itemprop=\"thumbnailUrl\" srcset=\"https:\/\/www.odonto.ufmg.br\/biblioteca\/wp-content\/uploads\/sites\/5\/2016\/08\/revodonto-150x55.jpg 150w, https:\/\/www.odonto.ufmg.br\/biblioteca\/wp-content\/uploads\/sites\/5\/2016\/08\/revodonto-150x55-80x29.jpg 80w\" sizes=\"(max-width: 150px) 100vw, 150px\" \/><\/a><\/div><\/div><\/div><br \/>\n<section  class='av_textblock_section av-av_textblock-0366cc7376be6c9e82a3e9cc8987b64f '   itemscope=\"itemscope\" itemtype=\"https:\/\/schema.org\/CreativeWork\" ><div class='avia_textblock'  itemprop=\"text\" ><h5 class=\"entry-title\" style=\"text-align: justify\">Rev@Odonto<\/h5>\n<p style=\"text-align: justify\">O objetivo deste site \u00e9 disponibilizar peri\u00f3dicos cient\u00edficos de interesse para a \u00e1rea odontol\u00f3gica, em ambiente digital e com acesso aberto promovendo a democratiza\u00e7\u00e3o do acesso ao conhecimento cient\u00edfico produzido na \u00e1rea de Odontologia e \u00e1reas afins, por meio de acesso universal e gratuito \u00e0s publica\u00e7\u00f5es de peri\u00f3dicos cient\u00edficos de Odontologia, facilitando a busca e recupera\u00e7\u00e3o da informa\u00e7\u00e3o, atrav\u00e9s de uma plataforma de acesso unificada, a partir de um mesmo endere\u00e7o e utilizando a metodologia SciELO, garantindo a compatibiliza\u00e7\u00e3o das publica\u00e7\u00f5es.<\/p>\n<\/div><\/section><\/p><\/div><\/p>\n","protected":false},"excerpt":{"rendered":"","protected":false},"author":1,"featured_media":0,"parent":0,"menu_order":0,"comment_status":"closed","ping_status":"closed","template":"","meta":{"inline_featured_image":false,"footnotes":""},"class_list":["post-2619","page","type-page","status-publish","hentry"],"yoast_head":"<!-- This site is optimized with the Yoast SEO plugin v27.3 - https:\/\/yoast.com\/product\/yoast-seo-wordpress\/ -->\n<title>Bases de Pesquisa - Biblioteca Professora Helena Helo\u00edsa Paix\u00e3o<\/title>\n<meta name=\"robots\" content=\"index, follow, max-snippet:-1, max-image-preview:large, max-video-preview:-1\" \/>\n<link rel=\"canonical\" href=\"https:\/\/www.odonto.ufmg.br\/biblioteca\/bases-de-pesquisa\/\" \/>\n<meta property=\"og:locale\" content=\"pt_BR\" \/>\n<meta property=\"og:type\" content=\"article\" \/>\n<meta property=\"og:title\" content=\"Bases de Pesquisa - Biblioteca Professora Helena Helo\u00edsa Paix\u00e3o\" \/>\n<meta property=\"og:url\" content=\"https:\/\/www.odonto.ufmg.br\/biblioteca\/bases-de-pesquisa\/\" \/>\n<meta property=\"og:site_name\" content=\"Biblioteca Professora Helena Helo\u00edsa Paix\u00e3o\" \/>\n<meta property=\"article:modified_time\" content=\"2016-08-08T18:19:38+00:00\" \/>\n<meta name=\"twitter:card\" content=\"summary_large_image\" \/>\n<meta name=\"twitter:label1\" content=\"Est. tempo de leitura\" \/>\n\t<meta name=\"twitter:data1\" content=\"7 minutos\" \/>\n<script type=\"application\/ld+json\" class=\"yoast-schema-graph\">{\"@context\":\"https:\\\/\\\/schema.org\",\"@graph\":[{\"@type\":\"WebPage\",\"@id\":\"https:\\\/\\\/www.odonto.ufmg.br\\\/biblioteca\\\/bases-de-pesquisa\\\/\",\"url\":\"https:\\\/\\\/www.odonto.ufmg.br\\\/biblioteca\\\/bases-de-pesquisa\\\/\",\"name\":\"Bases de Pesquisa - Biblioteca Professora Helena Helo\u00edsa Paix\u00e3o\",\"isPartOf\":{\"@id\":\"https:\\\/\\\/www.odonto.ufmg.br\\\/biblioteca\\\/#website\"},\"datePublished\":\"2016-08-02T16:25:11+00:00\",\"dateModified\":\"2016-08-08T18:19:38+00:00\",\"breadcrumb\":{\"@id\":\"https:\\\/\\\/www.odonto.ufmg.br\\\/biblioteca\\\/bases-de-pesquisa\\\/#breadcrumb\"},\"inLanguage\":\"pt-BR\",\"potentialAction\":[{\"@type\":\"ReadAction\",\"target\":[\"https:\\\/\\\/www.odonto.ufmg.br\\\/biblioteca\\\/bases-de-pesquisa\\\/\"]}]},{\"@type\":\"BreadcrumbList\",\"@id\":\"https:\\\/\\\/www.odonto.ufmg.br\\\/biblioteca\\\/bases-de-pesquisa\\\/#breadcrumb\",\"itemListElement\":[{\"@type\":\"ListItem\",\"position\":1,\"name\":\"In\u00edcio\",\"item\":\"https:\\\/\\\/www.odonto.ufmg.br\\\/biblioteca\\\/inicio2\\\/\"},{\"@type\":\"ListItem\",\"position\":2,\"name\":\"Bases de Pesquisa\"}]},{\"@type\":\"WebSite\",\"@id\":\"https:\\\/\\\/www.odonto.ufmg.br\\\/biblioteca\\\/#website\",\"url\":\"https:\\\/\\\/www.odonto.ufmg.br\\\/biblioteca\\\/\",\"name\":\"Biblioteca Professora Helena Helo\u00edsa Paix\u00e3o\",\"description\":\"Faculdade de Odontologia UFMG\",\"potentialAction\":[{\"@type\":\"SearchAction\",\"target\":{\"@type\":\"EntryPoint\",\"urlTemplate\":\"https:\\\/\\\/www.odonto.ufmg.br\\\/biblioteca\\\/?s={search_term_string}\"},\"query-input\":{\"@type\":\"PropertyValueSpecification\",\"valueRequired\":true,\"valueName\":\"search_term_string\"}}],\"inLanguage\":\"pt-BR\"}]}<\/script>\n<!-- \/ Yoast SEO plugin. -->","yoast_head_json":{"title":"Bases de Pesquisa - Biblioteca Professora Helena Helo\u00edsa Paix\u00e3o","robots":{"index":"index","follow":"follow","max-snippet":"max-snippet:-1","max-image-preview":"max-image-preview:large","max-video-preview":"max-video-preview:-1"},"canonical":"https:\/\/www.odonto.ufmg.br\/biblioteca\/bases-de-pesquisa\/","og_locale":"pt_BR","og_type":"article","og_title":"Bases de Pesquisa - Biblioteca Professora Helena Helo\u00edsa Paix\u00e3o","og_url":"https:\/\/www.odonto.ufmg.br\/biblioteca\/bases-de-pesquisa\/","og_site_name":"Biblioteca Professora Helena Helo\u00edsa Paix\u00e3o","article_modified_time":"2016-08-08T18:19:38+00:00","twitter_card":"summary_large_image","twitter_misc":{"Est. tempo de leitura":"7 minutos"},"schema":{"@context":"https:\/\/schema.org","@graph":[{"@type":"WebPage","@id":"https:\/\/www.odonto.ufmg.br\/biblioteca\/bases-de-pesquisa\/","url":"https:\/\/www.odonto.ufmg.br\/biblioteca\/bases-de-pesquisa\/","name":"Bases de Pesquisa - Biblioteca Professora Helena Helo\u00edsa Paix\u00e3o","isPartOf":{"@id":"https:\/\/www.odonto.ufmg.br\/biblioteca\/#website"},"datePublished":"2016-08-02T16:25:11+00:00","dateModified":"2016-08-08T18:19:38+00:00","breadcrumb":{"@id":"https:\/\/www.odonto.ufmg.br\/biblioteca\/bases-de-pesquisa\/#breadcrumb"},"inLanguage":"pt-BR","potentialAction":[{"@type":"ReadAction","target":["https:\/\/www.odonto.ufmg.br\/biblioteca\/bases-de-pesquisa\/"]}]},{"@type":"BreadcrumbList","@id":"https:\/\/www.odonto.ufmg.br\/biblioteca\/bases-de-pesquisa\/#breadcrumb","itemListElement":[{"@type":"ListItem","position":1,"name":"In\u00edcio","item":"https:\/\/www.odonto.ufmg.br\/biblioteca\/inicio2\/"},{"@type":"ListItem","position":2,"name":"Bases de Pesquisa"}]},{"@type":"WebSite","@id":"https:\/\/www.odonto.ufmg.br\/biblioteca\/#website","url":"https:\/\/www.odonto.ufmg.br\/biblioteca\/","name":"Biblioteca Professora Helena Helo\u00edsa Paix\u00e3o","description":"Faculdade de Odontologia UFMG","potentialAction":[{"@type":"SearchAction","target":{"@type":"EntryPoint","urlTemplate":"https:\/\/www.odonto.ufmg.br\/biblioteca\/?s={search_term_string}"},"query-input":{"@type":"PropertyValueSpecification","valueRequired":true,"valueName":"search_term_string"}}],"inLanguage":"pt-BR"}]}},"_links":{"self":[{"href":"https:\/\/www.odonto.ufmg.br\/biblioteca\/wp-json\/wp\/v2\/pages\/2619","targetHints":{"allow":["GET"]}}],"collection":[{"href":"https:\/\/www.odonto.ufmg.br\/biblioteca\/wp-json\/wp\/v2\/pages"}],"about":[{"href":"https:\/\/www.odonto.ufmg.br\/biblioteca\/wp-json\/wp\/v2\/types\/page"}],"author":[{"embeddable":true,"href":"https:\/\/www.odonto.ufmg.br\/biblioteca\/wp-json\/wp\/v2\/users\/1"}],"replies":[{"embeddable":true,"href":"https:\/\/www.odonto.ufmg.br\/biblioteca\/wp-json\/wp\/v2\/comments?post=2619"}],"version-history":[{"count":9,"href":"https:\/\/www.odonto.ufmg.br\/biblioteca\/wp-json\/wp\/v2\/pages\/2619\/revisions"}],"predecessor-version":[{"id":3356,"href":"https:\/\/www.odonto.ufmg.br\/biblioteca\/wp-json\/wp\/v2\/pages\/2619\/revisions\/3356"}],"wp:attachment":[{"href":"https:\/\/www.odonto.ufmg.br\/biblioteca\/wp-json\/wp\/v2\/media?parent=2619"}],"curies":[{"name":"wp","href":"https:\/\/api.w.org\/{rel}","templated":true}]}}