{"id":2448,"date":"2016-01-06T11:39:40","date_gmt":"2016-01-06T13:39:40","guid":{"rendered":"http:\/\/www.odonto.ufmg.br\/biblioteca\/?page_id=2448"},"modified":"2025-09-02T14:31:30","modified_gmt":"2025-09-02T17:31:30","slug":"formularios-e-guias","status":"publish","type":"page","link":"https:\/\/www.odonto.ufmg.br\/biblioteca\/formularios-e-guias\/","title":{"rendered":"Formul\u00e1rios e Guias"},"content":{"rendered":"\n<style type=\"text\/css\" data-created_by=\"avia_inline_auto\" id=\"style-css-av-4r5ylc-7b7c05fbc6ad4907f8468474804041cc\">\n.flex_column.av-4r5ylc-7b7c05fbc6ad4907f8468474804041cc{\nborder-radius:0px 0px 0px 0px;\npadding:0px 0px 0px 0px;\n}\n<\/style>\n<div  class='flex_column av-4r5ylc-7b7c05fbc6ad4907f8468474804041cc av_one_full  avia-builder-el-0  avia-builder-el-no-sibling  first flex_column_div av-zero-column-padding  '     ><style type=\"text\/css\" data-created_by=\"avia_inline_auto\" id=\"style-css-av-2lwjf4-53e906f1b33e04ef7335f85edb12028c\">\n#top .av_textblock_section.av-2lwjf4-53e906f1b33e04ef7335f85edb12028c .avia_textblock{\nfont-size:16px;\n}\n<\/style>\n<section  class='av_textblock_section av-2lwjf4-53e906f1b33e04ef7335f85edb12028c '   itemscope=\"itemscope\" itemtype=\"https:\/\/schema.org\/CreativeWork\" ><div class='avia_textblock'  itemprop=\"text\" ><h3>Nessa p\u00e1gina voc\u00ea encontrar\u00e1 os links para formul\u00e1rios e guias que s\u00e3o requeridos para alguns servi\u00e7os da Biblioteca.<\/h3>\n<hr \/>\n<h5>Formul\u00e1rio de Comuta\u00e7\u00e3o Bibliogr\u00e1fica<\/h5>\n<p>O Programa COMUT permite a\u00a0obten\u00e7\u00e3o de c\u00f3pias de documentos t\u00e9cnico-cient\u00edficos dispon\u00edveis nos acervos das principais bibliotecas brasileiras e em servi\u00e7os de informa\u00e7\u00e3o internacionais. Entre os documentos acess\u00edveis encontram-se:<\/p>\n<ul>\n<li>Peri\u00f3dicos t\u00e9cnicos-cient\u00edficos;<\/li>\n<li>Teses e disserta\u00e7\u00f5es;<\/li>\n<li>Anais de congressos nacionais e internacionais;<\/li>\n<li>Relat\u00f3rios t\u00e9cnicos;<\/li>\n<li>Partes de documentos (cap\u00edtulos de \u00a0livros), desde que seja autorizados pela Lei de Direitos Autorais.<\/li>\n<\/ul>\n<p>Para solicitar algum material, por favor, encaminhe \u00e0 Biblioteca o formul\u00e1rio devidamente preenchido.<\/p>\n<p>Para obter o formul\u00e1rio, <a href=\"http:\/\/www.odonto.ufmg.br\/biblioteca\/wp-content\/uploads\/sites\/5\/2016\/07\/comutacao-bibliografica.pdf\" target=\"_blank\" rel=\"noopener\">clique aqui<\/a>.<\/p>\n<hr \/>\n<h5>Guias de Pagamento<\/h5>\n<p>Abaixo est\u00e3o listadas as Guias de Recolhimento da Uni\u00e3o (GRU), cada uma para o seu respectivo servi\u00e7o:<\/p>\n<ul>\n<li>Multas por atraso na entrega de livros, <a href=\"http:\/\/www.odonto.ufmg.br\/biblioteca\/wp-content\/uploads\/sites\/5\/2022\/05\/gru-multa-1.pdf\" target=\"_blank\" rel=\"noopener\">clique aqui<\/a>;<\/li>\n<li>Pernoite de escaninho e outros servi\u00e7os, <a href=\"http:\/\/www.odonto.ufmg.br\/biblioteca\/wp-content\/uploads\/sites\/5\/2022\/05\/gru-pernoite.pdf\" target=\"_blank\" rel=\"noopener\">clique aqui<\/a>;<\/li>\n<li>Comuta\u00e7\u00e3o bibliogr\u00e1fica, <a href=\"http:\/\/www.odonto.ufmg.br\/biblioteca\/wp-content\/uploads\/sites\/5\/2022\/05\/GRU-Comut-1..pdf\" target=\"_blank\" rel=\"noopener\">clique aqui<\/a>;<\/li>\n<\/ul>\n<p>Para execu\u00e7\u00e3o dos servi\u00e7os, favor realizar\u00a0o pagamento da GRU em uma ag\u00eancia do Banco do Brasil, com o respectivo valor correspondente, e encaminhar o recibo de pagamento ao setor da Biblioteca respons\u00e1vel.<\/p>\n<\/div><\/section><\/div>\n","protected":false},"excerpt":{"rendered":"","protected":false},"author":5,"featured_media":0,"parent":0,"menu_order":0,"comment_status":"closed","ping_status":"closed","template":"","meta":{"inline_featured_image":false,"footnotes":""},"class_list":["post-2448","page","type-page","status-publish","hentry"],"yoast_head":"<!-- This site is optimized with the Yoast SEO plugin v27.3 - https:\/\/yoast.com\/product\/yoast-seo-wordpress\/ -->\n<title>Formul\u00e1rios e Guias - Biblioteca Professora Helena Helo\u00edsa Paix\u00e3o<\/title>\n<meta name=\"robots\" content=\"index, follow, max-snippet:-1, max-image-preview:large, max-video-preview:-1\" \/>\n<link rel=\"canonical\" href=\"https:\/\/www.odonto.ufmg.br\/biblioteca\/formularios-e-guias\/\" \/>\n<meta property=\"og:locale\" content=\"pt_BR\" \/>\n<meta property=\"og:type\" content=\"article\" \/>\n<meta property=\"og:title\" content=\"Formul\u00e1rios e Guias - Biblioteca Professora Helena Helo\u00edsa Paix\u00e3o\" \/>\n<meta property=\"og:url\" content=\"https:\/\/www.odonto.ufmg.br\/biblioteca\/formularios-e-guias\/\" \/>\n<meta property=\"og:site_name\" content=\"Biblioteca Professora Helena Helo\u00edsa Paix\u00e3o\" \/>\n<meta property=\"article:modified_time\" content=\"2025-09-02T17:31:30+00:00\" \/>\n<meta name=\"twitter:card\" content=\"summary_large_image\" \/>\n<meta name=\"twitter:label1\" content=\"Est. tempo de leitura\" \/>\n\t<meta name=\"twitter:data1\" content=\"1 minuto\" \/>\n<script type=\"application\/ld+json\" class=\"yoast-schema-graph\">{\"@context\":\"https:\\\/\\\/schema.org\",\"@graph\":[{\"@type\":\"WebPage\",\"@id\":\"https:\\\/\\\/www.odonto.ufmg.br\\\/biblioteca\\\/formularios-e-guias\\\/\",\"url\":\"https:\\\/\\\/www.odonto.ufmg.br\\\/biblioteca\\\/formularios-e-guias\\\/\",\"name\":\"Formul\u00e1rios e Guias - Biblioteca Professora Helena Helo\u00edsa Paix\u00e3o\",\"isPartOf\":{\"@id\":\"https:\\\/\\\/www.odonto.ufmg.br\\\/biblioteca\\\/#website\"},\"datePublished\":\"2016-01-06T13:39:40+00:00\",\"dateModified\":\"2025-09-02T17:31:30+00:00\",\"breadcrumb\":{\"@id\":\"https:\\\/\\\/www.odonto.ufmg.br\\\/biblioteca\\\/formularios-e-guias\\\/#breadcrumb\"},\"inLanguage\":\"pt-BR\",\"potentialAction\":[{\"@type\":\"ReadAction\",\"target\":[\"https:\\\/\\\/www.odonto.ufmg.br\\\/biblioteca\\\/formularios-e-guias\\\/\"]}]},{\"@type\":\"BreadcrumbList\",\"@id\":\"https:\\\/\\\/www.odonto.ufmg.br\\\/biblioteca\\\/formularios-e-guias\\\/#breadcrumb\",\"itemListElement\":[{\"@type\":\"ListItem\",\"position\":1,\"name\":\"In\u00edcio\",\"item\":\"https:\\\/\\\/www.odonto.ufmg.br\\\/biblioteca\\\/inicio2\\\/\"},{\"@type\":\"ListItem\",\"position\":2,\"name\":\"Formul\u00e1rios e Guias\"}]},{\"@type\":\"WebSite\",\"@id\":\"https:\\\/\\\/www.odonto.ufmg.br\\\/biblioteca\\\/#website\",\"url\":\"https:\\\/\\\/www.odonto.ufmg.br\\\/biblioteca\\\/\",\"name\":\"Biblioteca Professora Helena Helo\u00edsa Paix\u00e3o\",\"description\":\"Faculdade de Odontologia UFMG\",\"potentialAction\":[{\"@type\":\"SearchAction\",\"target\":{\"@type\":\"EntryPoint\",\"urlTemplate\":\"https:\\\/\\\/www.odonto.ufmg.br\\\/biblioteca\\\/?s={search_term_string}\"},\"query-input\":{\"@type\":\"PropertyValueSpecification\",\"valueRequired\":true,\"valueName\":\"search_term_string\"}}],\"inLanguage\":\"pt-BR\"}]}<\/script>\n<!-- \/ Yoast SEO plugin. -->","yoast_head_json":{"title":"Formul\u00e1rios e Guias - Biblioteca Professora Helena Helo\u00edsa Paix\u00e3o","robots":{"index":"index","follow":"follow","max-snippet":"max-snippet:-1","max-image-preview":"max-image-preview:large","max-video-preview":"max-video-preview:-1"},"canonical":"https:\/\/www.odonto.ufmg.br\/biblioteca\/formularios-e-guias\/","og_locale":"pt_BR","og_type":"article","og_title":"Formul\u00e1rios e Guias - Biblioteca Professora Helena Helo\u00edsa Paix\u00e3o","og_url":"https:\/\/www.odonto.ufmg.br\/biblioteca\/formularios-e-guias\/","og_site_name":"Biblioteca Professora Helena Helo\u00edsa Paix\u00e3o","article_modified_time":"2025-09-02T17:31:30+00:00","twitter_card":"summary_large_image","twitter_misc":{"Est. tempo de leitura":"1 minuto"},"schema":{"@context":"https:\/\/schema.org","@graph":[{"@type":"WebPage","@id":"https:\/\/www.odonto.ufmg.br\/biblioteca\/formularios-e-guias\/","url":"https:\/\/www.odonto.ufmg.br\/biblioteca\/formularios-e-guias\/","name":"Formul\u00e1rios e Guias - Biblioteca Professora Helena Helo\u00edsa Paix\u00e3o","isPartOf":{"@id":"https:\/\/www.odonto.ufmg.br\/biblioteca\/#website"},"datePublished":"2016-01-06T13:39:40+00:00","dateModified":"2025-09-02T17:31:30+00:00","breadcrumb":{"@id":"https:\/\/www.odonto.ufmg.br\/biblioteca\/formularios-e-guias\/#breadcrumb"},"inLanguage":"pt-BR","potentialAction":[{"@type":"ReadAction","target":["https:\/\/www.odonto.ufmg.br\/biblioteca\/formularios-e-guias\/"]}]},{"@type":"BreadcrumbList","@id":"https:\/\/www.odonto.ufmg.br\/biblioteca\/formularios-e-guias\/#breadcrumb","itemListElement":[{"@type":"ListItem","position":1,"name":"In\u00edcio","item":"https:\/\/www.odonto.ufmg.br\/biblioteca\/inicio2\/"},{"@type":"ListItem","position":2,"name":"Formul\u00e1rios e Guias"}]},{"@type":"WebSite","@id":"https:\/\/www.odonto.ufmg.br\/biblioteca\/#website","url":"https:\/\/www.odonto.ufmg.br\/biblioteca\/","name":"Biblioteca Professora Helena Helo\u00edsa Paix\u00e3o","description":"Faculdade de Odontologia UFMG","potentialAction":[{"@type":"SearchAction","target":{"@type":"EntryPoint","urlTemplate":"https:\/\/www.odonto.ufmg.br\/biblioteca\/?s={search_term_string}"},"query-input":{"@type":"PropertyValueSpecification","valueRequired":true,"valueName":"search_term_string"}}],"inLanguage":"pt-BR"}]}},"_links":{"self":[{"href":"https:\/\/www.odonto.ufmg.br\/biblioteca\/wp-json\/wp\/v2\/pages\/2448","targetHints":{"allow":["GET"]}}],"collection":[{"href":"https:\/\/www.odonto.ufmg.br\/biblioteca\/wp-json\/wp\/v2\/pages"}],"about":[{"href":"https:\/\/www.odonto.ufmg.br\/biblioteca\/wp-json\/wp\/v2\/types\/page"}],"author":[{"embeddable":true,"href":"https:\/\/www.odonto.ufmg.br\/biblioteca\/wp-json\/wp\/v2\/users\/5"}],"replies":[{"embeddable":true,"href":"https:\/\/www.odonto.ufmg.br\/biblioteca\/wp-json\/wp\/v2\/comments?post=2448"}],"version-history":[{"count":8,"href":"https:\/\/www.odonto.ufmg.br\/biblioteca\/wp-json\/wp\/v2\/pages\/2448\/revisions"}],"predecessor-version":[{"id":7342,"href":"https:\/\/www.odonto.ufmg.br\/biblioteca\/wp-json\/wp\/v2\/pages\/2448\/revisions\/7342"}],"wp:attachment":[{"href":"https:\/\/www.odonto.ufmg.br\/biblioteca\/wp-json\/wp\/v2\/media?parent=2448"}],"curies":[{"name":"wp","href":"https:\/\/api.w.org\/{rel}","templated":true}]}}