{"id":2444,"date":"2016-01-06T11:36:24","date_gmt":"2016-01-06T13:36:24","guid":{"rendered":"http:\/\/www.odonto.ufmg.br\/biblioteca\/?page_id=2444"},"modified":"2025-09-19T16:11:41","modified_gmt":"2025-09-19T19:11:41","slug":"sobre","status":"publish","type":"page","link":"https:\/\/www.odonto.ufmg.br\/biblioteca\/sobre\/","title":{"rendered":"Sobre"},"content":{"rendered":"<section  class='av_textblock_section av-m5vbigac-9a95cd1966bcc171ff813c7cc11fbe87 '   itemscope=\"itemscope\" itemtype=\"https:\/\/schema.org\/CreativeWork\" ><div class='avia_textblock'  itemprop=\"text\" ><h4 style=\"text-align: center\"><strong><span style=\"color: #000000\">HIST\u00d3RIA DA BIBLIOTECA<\/span><\/strong><\/h4>\n<\/div><\/section>\n\n<style type=\"text\/css\" data-created_by=\"avia_inline_auto\" id=\"style-css-av-vziqpo-4a0d93540935389e1ef56d425c6c2b23\">\n.flex_column.av-vziqpo-4a0d93540935389e1ef56d425c6c2b23{\nborder-radius:0px 0px 0px 0px;\npadding:0px 0px 0px 0px;\n}\n<\/style>\n<div  class='flex_column av-vziqpo-4a0d93540935389e1ef56d425c6c2b23 av_one_full  avia-builder-el-1  el_after_av_textblock  avia-builder-el-last  first flex_column_div av-zero-column-padding  column-top-margin'     ><p><section  class='av_textblock_section av-ux6n2k-b7d56e6fdd69939320177bf83575a522 '   itemscope=\"itemscope\" itemtype=\"https:\/\/schema.org\/CreativeWork\" ><div class='avia_textblock'  itemprop=\"text\" ><p><span style=\"color: #000000\">A Escola Livre de Odontologia de Belo Horizonte foi criada em 1907 e funcionava no centro de Belo Horizonte. Somente em 2000 foi transferida para o campus Pampulha.<\/span><\/p>\n<h4><span style=\"color: #000000\"><strong>Passeio arquitet\u00f4nico<\/strong><\/span><\/h4>\n<p><span style=\"color: #000000\">Em 1912, foi criado o curso de Farm\u00e1cia, anexo ao de Odontologia. Desde ent\u00e3o, as duas escolas realizaram um verdadeiro passeio arquitet\u00f4nico pela cidade de Belo Horizonte \u2013 passaram pela Pra\u00e7a da Liberdade, Rua Timbiras, Rua Conde de Linhares \u2013 at\u00e9 o desmembramento das faculdades em 1963. A Faculdade de Odontologia permaneceu no bairro Cidade Jardim, no chamado \u201cPr\u00e9dio Velho\u201d, e a de Farm\u00e1cia passou para a Avenida Oleg\u00e1rio Maciel, no bairro Santo Agostinho.<\/span><\/p>\n<h4><span style=\"color: #000000\"><strong>Acervo<\/strong><\/span><\/h4>\n<p><span style=\"color: #000000\">A Biblioteca da Faculdade de Odontologia possui um acervo de 13.092 exemplares, que inclui livros, teses, disserta\u00e7\u00f5es, monografias e outros materiais, al\u00e9m de 392 t\u00edtulos de peri\u00f3dicos. Integra o Sistema de Informa\u00e7\u00e3o Especializado na \u00c1rea de Odontologia (SIEO) e realiza a alimenta\u00e7\u00e3o das bases de dados Literatura Latino-Americana e do Caribe em Ci\u00eancias da Sa\u00fade (LILACS) e Bibliografia Brasileira de Odontologia (BBO), impulsionando o interc\u00e2mbio e a divulga\u00e7\u00e3o das produ\u00e7\u00f5es cient\u00edficas da Faculdade de Odontologia da UFMG.<\/span><\/p>\n<h4><span style=\"color: #000000\"><strong>A homenageada<\/strong><\/span><\/h4>\n<p><span style=\"color: #000000\">A Professora Helena Helo\u00edsa Paix\u00e3o fez mestrado em Educa\u00e7\u00e3o e doutorado em Sociologia, tendo sido uma das principais respons\u00e1veis pela perspectiva sociol\u00f3gica adotada na Faculdade de Odontologia. Com alma de bibliotec\u00e1ria, gostava muito de ler e de compartilhar o conhecimento, inclusive traduzindo obras que s\u00f3 estavam dispon\u00edveis em franc\u00eas. O amor dela pelos livros n\u00e3o \u00e9 por acaso \u2013 cresceu rodeada por eles, com a m\u00e3e, Wanda, que atuava no Instituto de Educa\u00e7\u00e3o e o pai, Oswaldo, um a\u00e7ougueiro autodidata. O olhar voltado ao social e ao pol\u00edtico j\u00e1 se mostrava evidente durante os anos de gradua\u00e7\u00e3o, ao longo da tensa d\u00e9cada de 60, quando a ent\u00e3o estudante de Servi\u00e7o Social demonstrou intensa milit\u00e2ncia contra a ditadura militar.<\/span><\/p>\n<p><strong><span style=\"color: #000000\">Fonte com adapta\u00e7\u00f5es<\/span>:<\/strong><span style=\"color: #0000ff\"> <a style=\"color: #0000ff\" href=\"https:\/\/www.bu.ufmg.br\/bu_atual\/biblioteca\/biblioteca-da-faculdade-de-odontologia\/\">www.bu.ufmg.br<\/a><\/span><\/p>\n<p><span style=\"color: #000000\">Informa\u00e7\u00e3o atualizada em: 12\/03\/2025<\/span><\/p>\n<\/div><\/section><br \/>\n<section  class='av_textblock_section av-m5vamkbz-56510e05f663d0d82360e65449a64aae '   itemscope=\"itemscope\" itemtype=\"https:\/\/schema.org\/CreativeWork\" ><div class='avia_textblock'  itemprop=\"text\" ><h4 style=\"text-align: center\"><span style=\"color: #000000\">REGULAMENTO<\/span><\/h4>\n<\/div><\/section><br \/>\n\n<style type=\"text\/css\" data-created_by=\"avia_inline_auto\" id=\"style-css-av-ux6n2k-7-c2b10ee2051f0cc767d228d2431251f3\">\n#top .av_textblock_section.av-ux6n2k-7-c2b10ee2051f0cc767d228d2431251f3 .avia_textblock{\ncolor:#0014f4;\n}\n<\/style>\n<section  class='av_textblock_section av-ux6n2k-7-c2b10ee2051f0cc767d228d2431251f3 '   itemscope=\"itemscope\" itemtype=\"https:\/\/schema.org\/CreativeWork\" ><div class='avia_textblock av_inherit_color'  itemprop=\"text\" ><p><span style=\"color: #003300\">O<\/span> <a href=\"https:\/\/www.odonto.ufmg.br\/biblioteca\/sobre\/attachment\/regulamento-biblioteca-fao-ufmg_2023-aprovado-pela-congregacao-em-20102023\/\">Regulamento<\/a> <span style=\"color: #003300\">da Biblioteca Profa. Helena Helo\u00edsa Paix\u00e3o\u00a0 foi aprovado no dia 20 de outubro de 2023 pela Egr\u00e9gia Congrega\u00e7\u00e3o da Faculdade de Odontologia da UFMG.<\/span><\/p>\n<\/div><\/section><br \/>\n<section  class='av_textblock_section av-nt7qyk-33777bdd7c792cb4029d6b0885a70c8e '   itemscope=\"itemscope\" itemtype=\"https:\/\/schema.org\/CreativeWork\" ><div class='avia_textblock'  itemprop=\"text\" ><p style=\"text-align: center\">*<\/p>\n<\/div><\/section><br \/>\n<section  class='av_textblock_section av-3629yk-63c9ed5b5544f024b9939ab84a1d4671 '   itemscope=\"itemscope\" itemtype=\"https:\/\/schema.org\/CreativeWork\" ><div class='avia_textblock'  itemprop=\"text\" ><h4 style=\"text-align: center\"><strong><span style=\"color: #800000\"><span style=\"vertical-align: inherit\"><span style=\"vertical-align: inherit\">NOSSA EQUIPE<\/span><\/span><\/span><\/strong><\/h4>\n<\/div><\/section><br \/>\n<section  class='av_textblock_section av-2ayt18-fd4a49c1379d907c7cd62be57ced3704 '   itemscope=\"itemscope\" itemtype=\"https:\/\/schema.org\/CreativeWork\" ><div class='avia_textblock'  itemprop=\"text\" ><p style=\"text-align: center\">*<\/p>\n<\/div><\/section><br \/>\n<section  class='av_textblock_section av-m5vafxmo-6294a051d9cea31f661e11d746f8cbaa '   itemscope=\"itemscope\" itemtype=\"https:\/\/schema.org\/CreativeWork\" ><div class='avia_textblock'  itemprop=\"text\" ><h4 style=\"text-align: left\"><strong><span style=\"color: #800000\"><span style=\"vertical-align: inherit\"><span style=\"vertical-align: inherit\">BIBLIOTEC\u00c1RIOS<\/span><\/span><\/span><\/strong><\/h4>\n<\/div><\/section><br \/>\n\n<style type=\"text\/css\" data-created_by=\"avia_inline_auto\" id=\"style-css-av-lblfkanr-6ac4c5ed390ce454c3e1ee5428dd8780\">\n.avia-team-member.av-lblfkanr-6ac4c5ed390ce454c3e1ee5428dd8780 .team-img-container img{\nborder-style:hidden;\n}\n<\/style>\n<section  class='avia-team-member av-lblfkanr-6ac4c5ed390ce454c3e1ee5428dd8780  avia-builder-el-9  el_after_av_textblock  el_before_av_team_member '  itemscope=\"itemscope\" itemtype=\"https:\/\/schema.org\/Person\" ><h3 class='team-member-name '  itemprop=\"name\" >Mateus Henrique Silva Trindade<\/h3><div class='team-member-job-title '  itemprop=\"jobTitle\" >Bibliotec\u00e1rio - Coordenador<\/div><div class='team-member-description '  itemprop=\"description\" ><p>Tel.: (31) 3409 - 2480<br \/>\nE-mail: bib@odonto.ufmg.br<\/p>\n<\/div><span class='hidden team-member-affiliation'  itemprop=\"affiliation\" >Biblioteca Professora Helena Helo\u00edsa Paix\u00e3o<\/span><\/section><br \/>\n\n<style type=\"text\/css\" data-created_by=\"avia_inline_auto\" id=\"style-css-av-l3psxo-5-90a3f8a187de4ef9957e201b8057d4cc\">\n.avia-team-member.av-l3psxo-5-90a3f8a187de4ef9957e201b8057d4cc .team-img-container img{\nborder-style:hidden;\n}\n<\/style>\n<section  class='avia-team-member av-l3psxo-5-90a3f8a187de4ef9957e201b8057d4cc  avia-builder-el-10  el_after_av_team_member  el_before_av_team_member '  itemscope=\"itemscope\" itemtype=\"https:\/\/schema.org\/Person\" ><h3 class='team-member-name '  itemprop=\"name\" >Luciana Gon\u00e7alves Silva Souza<\/h3><div class='team-member-job-title '  itemprop=\"jobTitle\" >Bibliotec\u00e1ria - Setor de Refer\u00eancia<\/div><div class='team-member-description '  itemprop=\"description\" ><p>Tel.: (31) 3409 - 2485<br \/>\nE-mail: odontobibreferencia@ufmg.br<\/p>\n<\/div><span class='hidden team-member-affiliation'  itemprop=\"affiliation\" >Biblioteca Professora Helena Helo\u00edsa Paix\u00e3o<\/span><\/section><br \/>\n\n<style type=\"text\/css\" data-created_by=\"avia_inline_auto\" id=\"style-css-av-l3psxo-7717b5fbad09f852c90addc2c540c020\">\n.avia-team-member.av-l3psxo-7717b5fbad09f852c90addc2c540c020 .team-img-container img{\nborder-style:hidden;\n}\n<\/style>\n<section  class='avia-team-member av-l3psxo-7717b5fbad09f852c90addc2c540c020  avia-builder-el-11  el_after_av_team_member  el_before_av_team_member '  itemscope=\"itemscope\" itemtype=\"https:\/\/schema.org\/Person\" ><h3 class='team-member-name '  itemprop=\"name\" >Miriam C\u00e2ndida de Jesus<\/h3><div class='team-member-job-title '  itemprop=\"jobTitle\" >Bibliotec\u00e1ria - Setor de Refer\u00eancia<\/div><div class='team-member-description '  itemprop=\"description\" ><p>Tel.: (31) 3409 - 2485<br \/>\nE-mail: odontobibreferencia@ufmg.br<\/p>\n<\/div><span class='hidden team-member-affiliation'  itemprop=\"affiliation\" >Biblioteca Professora Helena Helo\u00edsa Paix\u00e3o<\/span><\/section><br \/>\n\n<style type=\"text\/css\" data-created_by=\"avia_inline_auto\" id=\"style-css-av-fe16ks-d05205eeb4301807c348579318461d39\">\n.avia-team-member.av-fe16ks-d05205eeb4301807c348579318461d39 .team-img-container img{\nborder-style:hidden;\n}\n<\/style>\n<section  class='avia-team-member av-fe16ks-d05205eeb4301807c348579318461d39  avia-builder-el-12  el_after_av_team_member  el_before_av_team_member '  itemscope=\"itemscope\" itemtype=\"https:\/\/schema.org\/Person\" ><h3 class='team-member-name '  itemprop=\"name\" >S\u00e9rgio Barbosa dos Santos<\/h3><div class='team-member-job-title '  itemprop=\"jobTitle\" >Bibliotec\u00e1rio - Setor de Processamento T\u00e9cnico<\/div><div class='team-member-description '  itemprop=\"description\" ><p>Tel.: (31) 3409 - 2481<br \/>\nE-mail: bib@odonto.ufmg.br<\/p>\n<\/div><span class='hidden team-member-affiliation'  itemprop=\"affiliation\" >Biblioteca Professora Helena Helo\u00edsa Paix\u00e3o<\/span><\/section><br \/>\n\n<style type=\"text\/css\" data-created_by=\"avia_inline_auto\" id=\"style-css-av-fe16ks-4-a5237cfe8a27bd1c3e15723ff238b7a7\">\n.avia-team-member.av-fe16ks-4-a5237cfe8a27bd1c3e15723ff238b7a7 .team-img-container img{\nborder-style:hidden;\n}\n<\/style>\n<section  class='avia-team-member av-fe16ks-4-a5237cfe8a27bd1c3e15723ff238b7a7  avia-builder-el-13  el_after_av_team_member  el_before_av_hr '  itemscope=\"itemscope\" itemtype=\"https:\/\/schema.org\/Person\" ><h3 class='team-member-name '  itemprop=\"name\" >Thales Eduardo Correia Duarte<\/h3><div class='team-member-job-title '  itemprop=\"jobTitle\" >Bibliotec\u00e1rio - Setor de Processamento T\u00e9cnico<\/div><div class='team-member-description '  itemprop=\"description\" ><p>Tel.: (31) 3409 - 2482<br \/>\nE-mail: bib@odonto.ufmg.br<\/p>\n<\/div><span class='hidden team-member-affiliation'  itemprop=\"affiliation\" >Biblioteca Professora Helena Helo\u00edsa Paix\u00e3o<\/span><\/section><br \/>\n<div  class='hr av-6zwzd8-3009f49ef34f99cd32bbedefc96b99f2 hr-short  avia-builder-el-14  el_after_av_team_member  el_before_av_textblock  hr-left'><span class='hr-inner '><span class=\"hr-inner-style\"><\/span><\/span><\/div><br \/>\n<section  class='av_textblock_section av-m5vajs8y-f9668d603a2d836994546bddadde4bb4 '   itemscope=\"itemscope\" itemtype=\"https:\/\/schema.org\/CreativeWork\" ><div class='avia_textblock'  itemprop=\"text\" ><h4 style=\"text-align: left\"><strong><span style=\"color: #800000\"><span style=\"vertical-align: inherit\"><span style=\"vertical-align: inherit\">ASSISTENTES ADMINISTRATIVOS<\/span><\/span><\/span><\/strong><\/h4>\n<\/div><\/section><br \/>\n\n<style type=\"text\/css\" data-created_by=\"avia_inline_auto\" id=\"style-css-av-2mvouk-ef626526588bec4c3093a22df76d8f93\">\n.avia-team-member.av-2mvouk-ef626526588bec4c3093a22df76d8f93 .team-img-container img{\nborder-style:hidden;\n}\n<\/style>\n<section  class='avia-team-member av-2mvouk-ef626526588bec4c3093a22df76d8f93  avia-builder-el-16  el_after_av_textblock  el_before_av_team_member '  itemscope=\"itemscope\" itemtype=\"https:\/\/schema.org\/Person\" ><h3 class='team-member-name '  itemprop=\"name\" >Cl\u00e1udia M\u00e1rcia Dias Silva<\/h3><div class='team-member-job-title '  itemprop=\"jobTitle\" >Assistente em Administra\u00e7\u00e3o - Setor de Empr\u00e9stimo (cadastro, emiss\u00e3o de Nada Consta)<\/div><div class='team-member-description '  itemprop=\"description\" ><p>Tel.: (31) 3409 - 2438<br \/>\nE-mail: cadastrobibodonto@odonto.ufmg.br.<\/p>\n<\/div><span class='hidden team-member-affiliation'  itemprop=\"affiliation\" >Biblioteca Professora Helena Helo\u00edsa Paix\u00e3o<\/span><\/section><br \/>\n\n<style type=\"text\/css\" data-created_by=\"avia_inline_auto\" id=\"style-css-av-dxr3y4-263172793e218fb71e49beb25d918129\">\n.avia-team-member.av-dxr3y4-263172793e218fb71e49beb25d918129 .team-img-container img{\nborder-style:hidden;\n}\n<\/style>\n<section  class='avia-team-member av-dxr3y4-263172793e218fb71e49beb25d918129  avia-builder-el-17  el_after_av_team_member  el_before_av_hr '  itemscope=\"itemscope\" itemtype=\"https:\/\/schema.org\/Person\" ><h3 class='team-member-name '  itemprop=\"name\" >Val\u00e9ria Ferreira de Jesus Lauriano<\/h3><div class='team-member-job-title '  itemprop=\"jobTitle\" >Auxiliar em Administra\u00e7\u00e3o - Setor de Peri\u00f3dicos\/Comuta\u00e7\u00e3o\/Circula\u00e7\u00e3o<\/div><div class='team-member-description '  itemprop=\"description\" ><p>Tel.: (31) 3409 - 2438<br \/>\nE-mail: bibc@odonto.ufmg.br<\/p>\n<\/div><span class='hidden team-member-affiliation'  itemprop=\"affiliation\" >Biblioteca Professora Helena Helo\u00edsa Paix\u00e3o<\/span><\/section><br \/>\n<div  class='hr av-28lxh8-f19589176585ec6b226ebed0b408245e hr-short  avia-builder-el-18  el_after_av_team_member  el_before_av_textblock  hr-left'><span class='hr-inner '><span class=\"hr-inner-style\"><\/span><\/span><\/div><br \/>\n<section  class='av_textblock_section av-m86chv2w-8dbbb5b2b92c18f6f0440043f359a649 '   itemscope=\"itemscope\" itemtype=\"https:\/\/schema.org\/CreativeWork\" ><div class='avia_textblock'  itemprop=\"text\" ><h4 style=\"text-align: left\"><strong><span style=\"color: #800000\"><span style=\"vertical-align: inherit\"><span style=\"vertical-align: inherit\">ESTAGI\u00c1RIOS FUMP<\/span><\/span><\/span><\/strong><\/h4>\n<\/div><\/section><br \/>\n\n<style type=\"text\/css\" data-created_by=\"avia_inline_auto\" id=\"style-css-av-m86ciuif-28642e2dc97eff093000938c90cebb52\">\n.avia-team-member.av-m86ciuif-28642e2dc97eff093000938c90cebb52 .team-img-container img{\nborder-style:hidden;\n}\n<\/style>\n<section  class='avia-team-member av-m86ciuif-28642e2dc97eff093000938c90cebb52  avia-builder-el-20  el_after_av_textblock  el_before_av_team_member '  itemscope=\"itemscope\" itemtype=\"https:\/\/schema.org\/Person\" ><h3 class='team-member-name '  itemprop=\"name\" >Estela Maria Teixeira Senra<\/h3><div class='team-member-job-title '  itemprop=\"jobTitle\" > Setor de Empr\u00e9stimo<\/div><div class='team-member-description '  itemprop=\"description\" ><p>Tel.: (31) 3409 - 2483<br \/>\nE-mail:bib@odonto.ufmg.br<\/p>\n<\/div><span class='hidden team-member-affiliation'  itemprop=\"affiliation\" >Biblioteca Professora Helena Helo\u00edsa Paix\u00e3o<\/span><\/section><br \/>\n\n<style type=\"text\/css\" data-created_by=\"avia_inline_auto\" id=\"style-css-av-mfr7u49s-2d30d9546c106b75b22883818befcb58\">\n.avia-team-member.av-mfr7u49s-2d30d9546c106b75b22883818befcb58 .team-img-container img{\nborder-style:hidden;\n}\n<\/style>\n<section  class='avia-team-member av-mfr7u49s-2d30d9546c106b75b22883818befcb58  avia-builder-el-21  el_after_av_team_member  avia-builder-el-last '  itemscope=\"itemscope\" itemtype=\"https:\/\/schema.org\/Person\" ><h3 class='team-member-name '  itemprop=\"name\" >Amy J\u00falia de Souza<\/h3><div class='team-member-job-title '  itemprop=\"jobTitle\" > Setor de Empr\u00e9stimo<\/div><div class='team-member-description '  itemprop=\"description\" ><p>Tel.: (31) 3409 - 2483<br \/>\nE-mail:bib@odonto.ufmg.br<\/p>\n<\/div><span class='hidden team-member-affiliation'  itemprop=\"affiliation\" >Biblioteca Professora Helena Helo\u00edsa Paix\u00e3o<\/span><\/section><\/p><\/div>\n","protected":false},"excerpt":{"rendered":"","protected":false},"author":5,"featured_media":0,"parent":0,"menu_order":0,"comment_status":"closed","ping_status":"closed","template":"","meta":{"inline_featured_image":false,"footnotes":""},"class_list":["post-2444","page","type-page","status-publish","hentry"],"yoast_head":"<!-- This site is optimized with the Yoast SEO plugin v27.3 - https:\/\/yoast.com\/product\/yoast-seo-wordpress\/ -->\n<title>Sobre - Biblioteca Professora Helena Helo\u00edsa Paix\u00e3o<\/title>\n<meta name=\"robots\" content=\"index, follow, max-snippet:-1, max-image-preview:large, max-video-preview:-1\" \/>\n<link rel=\"canonical\" href=\"https:\/\/www.odonto.ufmg.br\/biblioteca\/sobre\/\" \/>\n<meta property=\"og:locale\" content=\"pt_BR\" \/>\n<meta property=\"og:type\" content=\"article\" \/>\n<meta property=\"og:title\" content=\"Sobre - Biblioteca Professora Helena Helo\u00edsa Paix\u00e3o\" \/>\n<meta property=\"og:url\" content=\"https:\/\/www.odonto.ufmg.br\/biblioteca\/sobre\/\" \/>\n<meta property=\"og:site_name\" content=\"Biblioteca Professora Helena Helo\u00edsa Paix\u00e3o\" \/>\n<meta property=\"article:modified_time\" content=\"2025-09-19T19:11:41+00:00\" \/>\n<meta name=\"twitter:card\" content=\"summary_large_image\" \/>\n<meta name=\"twitter:label1\" content=\"Est. tempo de leitura\" \/>\n\t<meta name=\"twitter:data1\" content=\"3 minutos\" \/>\n<script type=\"application\/ld+json\" class=\"yoast-schema-graph\">{\"@context\":\"https:\\\/\\\/schema.org\",\"@graph\":[{\"@type\":\"WebPage\",\"@id\":\"https:\\\/\\\/www.odonto.ufmg.br\\\/biblioteca\\\/sobre\\\/\",\"url\":\"https:\\\/\\\/www.odonto.ufmg.br\\\/biblioteca\\\/sobre\\\/\",\"name\":\"Sobre - Biblioteca Professora Helena Helo\u00edsa Paix\u00e3o\",\"isPartOf\":{\"@id\":\"https:\\\/\\\/www.odonto.ufmg.br\\\/biblioteca\\\/#website\"},\"datePublished\":\"2016-01-06T13:36:24+00:00\",\"dateModified\":\"2025-09-19T19:11:41+00:00\",\"breadcrumb\":{\"@id\":\"https:\\\/\\\/www.odonto.ufmg.br\\\/biblioteca\\\/sobre\\\/#breadcrumb\"},\"inLanguage\":\"pt-BR\",\"potentialAction\":[{\"@type\":\"ReadAction\",\"target\":[\"https:\\\/\\\/www.odonto.ufmg.br\\\/biblioteca\\\/sobre\\\/\"]}]},{\"@type\":\"BreadcrumbList\",\"@id\":\"https:\\\/\\\/www.odonto.ufmg.br\\\/biblioteca\\\/sobre\\\/#breadcrumb\",\"itemListElement\":[{\"@type\":\"ListItem\",\"position\":1,\"name\":\"In\u00edcio\",\"item\":\"https:\\\/\\\/www.odonto.ufmg.br\\\/biblioteca\\\/inicio2\\\/\"},{\"@type\":\"ListItem\",\"position\":2,\"name\":\"Sobre\"}]},{\"@type\":\"WebSite\",\"@id\":\"https:\\\/\\\/www.odonto.ufmg.br\\\/biblioteca\\\/#website\",\"url\":\"https:\\\/\\\/www.odonto.ufmg.br\\\/biblioteca\\\/\",\"name\":\"Biblioteca Professora Helena Helo\u00edsa Paix\u00e3o\",\"description\":\"Faculdade de Odontologia UFMG\",\"potentialAction\":[{\"@type\":\"SearchAction\",\"target\":{\"@type\":\"EntryPoint\",\"urlTemplate\":\"https:\\\/\\\/www.odonto.ufmg.br\\\/biblioteca\\\/?s={search_term_string}\"},\"query-input\":{\"@type\":\"PropertyValueSpecification\",\"valueRequired\":true,\"valueName\":\"search_term_string\"}}],\"inLanguage\":\"pt-BR\"}]}<\/script>\n<!-- \/ Yoast SEO plugin. -->","yoast_head_json":{"title":"Sobre - Biblioteca Professora Helena Helo\u00edsa Paix\u00e3o","robots":{"index":"index","follow":"follow","max-snippet":"max-snippet:-1","max-image-preview":"max-image-preview:large","max-video-preview":"max-video-preview:-1"},"canonical":"https:\/\/www.odonto.ufmg.br\/biblioteca\/sobre\/","og_locale":"pt_BR","og_type":"article","og_title":"Sobre - Biblioteca Professora Helena Helo\u00edsa Paix\u00e3o","og_url":"https:\/\/www.odonto.ufmg.br\/biblioteca\/sobre\/","og_site_name":"Biblioteca Professora Helena Helo\u00edsa Paix\u00e3o","article_modified_time":"2025-09-19T19:11:41+00:00","twitter_card":"summary_large_image","twitter_misc":{"Est. tempo de leitura":"3 minutos"},"schema":{"@context":"https:\/\/schema.org","@graph":[{"@type":"WebPage","@id":"https:\/\/www.odonto.ufmg.br\/biblioteca\/sobre\/","url":"https:\/\/www.odonto.ufmg.br\/biblioteca\/sobre\/","name":"Sobre - Biblioteca Professora Helena Helo\u00edsa Paix\u00e3o","isPartOf":{"@id":"https:\/\/www.odonto.ufmg.br\/biblioteca\/#website"},"datePublished":"2016-01-06T13:36:24+00:00","dateModified":"2025-09-19T19:11:41+00:00","breadcrumb":{"@id":"https:\/\/www.odonto.ufmg.br\/biblioteca\/sobre\/#breadcrumb"},"inLanguage":"pt-BR","potentialAction":[{"@type":"ReadAction","target":["https:\/\/www.odonto.ufmg.br\/biblioteca\/sobre\/"]}]},{"@type":"BreadcrumbList","@id":"https:\/\/www.odonto.ufmg.br\/biblioteca\/sobre\/#breadcrumb","itemListElement":[{"@type":"ListItem","position":1,"name":"In\u00edcio","item":"https:\/\/www.odonto.ufmg.br\/biblioteca\/inicio2\/"},{"@type":"ListItem","position":2,"name":"Sobre"}]},{"@type":"WebSite","@id":"https:\/\/www.odonto.ufmg.br\/biblioteca\/#website","url":"https:\/\/www.odonto.ufmg.br\/biblioteca\/","name":"Biblioteca Professora Helena Helo\u00edsa Paix\u00e3o","description":"Faculdade de Odontologia UFMG","potentialAction":[{"@type":"SearchAction","target":{"@type":"EntryPoint","urlTemplate":"https:\/\/www.odonto.ufmg.br\/biblioteca\/?s={search_term_string}"},"query-input":{"@type":"PropertyValueSpecification","valueRequired":true,"valueName":"search_term_string"}}],"inLanguage":"pt-BR"}]}},"_links":{"self":[{"href":"https:\/\/www.odonto.ufmg.br\/biblioteca\/wp-json\/wp\/v2\/pages\/2444","targetHints":{"allow":["GET"]}}],"collection":[{"href":"https:\/\/www.odonto.ufmg.br\/biblioteca\/wp-json\/wp\/v2\/pages"}],"about":[{"href":"https:\/\/www.odonto.ufmg.br\/biblioteca\/wp-json\/wp\/v2\/types\/page"}],"author":[{"embeddable":true,"href":"https:\/\/www.odonto.ufmg.br\/biblioteca\/wp-json\/wp\/v2\/users\/5"}],"replies":[{"embeddable":true,"href":"https:\/\/www.odonto.ufmg.br\/biblioteca\/wp-json\/wp\/v2\/comments?post=2444"}],"version-history":[{"count":101,"href":"https:\/\/www.odonto.ufmg.br\/biblioteca\/wp-json\/wp\/v2\/pages\/2444\/revisions"}],"predecessor-version":[{"id":7336,"href":"https:\/\/www.odonto.ufmg.br\/biblioteca\/wp-json\/wp\/v2\/pages\/2444\/revisions\/7336"}],"wp:attachment":[{"href":"https:\/\/www.odonto.ufmg.br\/biblioteca\/wp-json\/wp\/v2\/media?parent=2444"}],"curies":[{"name":"wp","href":"https:\/\/api.w.org\/{rel}","templated":true}]}}