{"id":1847,"date":"2017-06-14T10:38:25","date_gmt":"2017-06-14T13:38:25","guid":{"rendered":"https:\/\/www.odonto.ufmg.br\/110anos\/?page_id=1847"},"modified":"2017-06-14T15:03:16","modified_gmt":"2017-06-14T18:03:16","slug":"selo","status":"publish","type":"page","link":"https:\/\/www.odonto.ufmg.br\/110anos\/selo\/","title":{"rendered":"Selo"},"content":{"rendered":"\n<style type=\"text\/css\" data-created_by=\"avia_inline_auto\" id=\"style-css-av-av_heading-57a97eb78194d52f9547f91df3a59c7b\">\n#top .av-special-heading.av-av_heading-57a97eb78194d52f9547f91df3a59c7b{\npadding-bottom:10px;\ncolor:#831d1c;\n}\nbody .av-special-heading.av-av_heading-57a97eb78194d52f9547f91df3a59c7b .av-special-heading-tag .heading-char{\nfont-size:25px;\n}\n.av-special-heading.av-av_heading-57a97eb78194d52f9547f91df3a59c7b .special-heading-inner-border{\nborder-color:#831d1c;\n}\n.av-special-heading.av-av_heading-57a97eb78194d52f9547f91df3a59c7b .av-subheading{\nfont-size:15px;\n}\n<\/style>\n<div  class='av-special-heading av-av_heading-57a97eb78194d52f9547f91df3a59c7b av-special-heading-h3 custom-color-heading  avia-builder-el-0  el_before_av_textblock  avia-builder-el-first '><h3 class='av-special-heading-tag '  itemprop=\"headline\"  >Selo<\/h3><div class=\"special-heading-border\"><div class=\"special-heading-inner-border\"><\/div><\/div><\/div>\n<section  class='av_textblock_section av-av_textblock-0366cc7376be6c9e82a3e9cc8987b64f '   itemscope=\"itemscope\" itemtype=\"https:\/\/schema.org\/CreativeWork\" ><div class='avia_textblock'  itemprop=\"text\" ><p>O selo de 110 anos da Faculdade de Odontologia da Universidade Federal de Minas Gerais foi criado com o objetivo de \u00a0apresentar como concep\u00e7\u00e3o a articula\u00e7\u00e3o do conceito de tradi\u00e7\u00e3o presente na constitui\u00e7\u00e3o e na hist\u00f3ria da Faculdade de Odontologia e o conceito de movimento, que busca revelar os avan\u00e7os e o desenvolvimento da pr\u00e1tica, do ensino e da pesquisa em Odontologia.<\/p>\n<p><img decoding=\"async\" class=\"aligncenter wp-image-1850 size-large\" src=\"https:\/\/www.odonto.ufmg.br\/110anos\/wp-content\/uploads\/sites\/17\/2017\/06\/logo-fao-110-1030x507.png\" alt=\"\" width=\"1030\" height=\"507\" srcset=\"https:\/\/www.odonto.ufmg.br\/110anos\/wp-content\/uploads\/sites\/17\/2017\/06\/logo-fao-110-1030x507.png 1030w, https:\/\/www.odonto.ufmg.br\/110anos\/wp-content\/uploads\/sites\/17\/2017\/06\/logo-fao-110-300x148.png 300w, https:\/\/www.odonto.ufmg.br\/110anos\/wp-content\/uploads\/sites\/17\/2017\/06\/logo-fao-110-768x378.png 768w, https:\/\/www.odonto.ufmg.br\/110anos\/wp-content\/uploads\/sites\/17\/2017\/06\/logo-fao-110-1500x739.png 1500w, https:\/\/www.odonto.ufmg.br\/110anos\/wp-content\/uploads\/sites\/17\/2017\/06\/logo-fao-110-705x347.png 705w, https:\/\/www.odonto.ufmg.br\/110anos\/wp-content\/uploads\/sites\/17\/2017\/06\/logo-fao-110-450x222.png 450w\" sizes=\"(max-width: 1030px) 100vw, 1030px\" \/><\/p>\n<p>O selo foi criado por Wederson Eust\u00e1quio Maduro, t\u00e9cnico de inform\u00e1tica com experi\u00eancia em comunica\u00e7\u00e3o visual e cedido \u00e0\u00a0 Faculdade de Odontologia.<\/p>\n<div id=\"attachment_1853\" style=\"width: 419px\" class=\"wp-caption aligncenter\"><img decoding=\"async\" aria-describedby=\"caption-attachment-1853\" class=\"wp-image-1853\" src=\"https:\/\/www.odonto.ufmg.br\/110anos\/wp-content\/uploads\/sites\/17\/2017\/06\/wederson-773x1030.jpg\" alt=\"\" width=\"409\" height=\"545\" srcset=\"https:\/\/www.odonto.ufmg.br\/110anos\/wp-content\/uploads\/sites\/17\/2017\/06\/wederson-773x1030.jpg 773w, https:\/\/www.odonto.ufmg.br\/110anos\/wp-content\/uploads\/sites\/17\/2017\/06\/wederson-225x300.jpg 225w, https:\/\/www.odonto.ufmg.br\/110anos\/wp-content\/uploads\/sites\/17\/2017\/06\/wederson-768x1024.jpg 768w, https:\/\/www.odonto.ufmg.br\/110anos\/wp-content\/uploads\/sites\/17\/2017\/06\/wederson-529x705.jpg 529w, https:\/\/www.odonto.ufmg.br\/110anos\/wp-content\/uploads\/sites\/17\/2017\/06\/wederson-450x600.jpg 450w, https:\/\/www.odonto.ufmg.br\/110anos\/wp-content\/uploads\/sites\/17\/2017\/06\/wederson.jpg 780w\" sizes=\"(max-width: 409px) 100vw, 409px\" \/><p id=\"caption-attachment-1853\" class=\"wp-caption-text\">Sr Wederson Maduro, criador da logo dos 110 anos.<\/p><\/div>\n<\/div><\/section>\n","protected":false},"excerpt":{"rendered":"","protected":false},"author":5,"featured_media":0,"parent":0,"menu_order":0,"comment_status":"closed","ping_status":"closed","template":"","meta":{"inline_featured_image":false,"footnotes":""},"class_list":["post-1847","page","type-page","status-publish","hentry"],"yoast_head":"<!-- This site is optimized with the Yoast SEO plugin v27.3 - https:\/\/yoast.com\/product\/yoast-seo-wordpress\/ -->\n<title>Selo - 110 anos Faculdade de Odontologia da UFMG<\/title>\n<meta name=\"robots\" content=\"index, follow, max-snippet:-1, max-image-preview:large, max-video-preview:-1\" \/>\n<link rel=\"canonical\" href=\"https:\/\/www.odonto.ufmg.br\/110anos\/selo\/\" \/>\n<meta property=\"og:locale\" content=\"pt_BR\" \/>\n<meta property=\"og:type\" content=\"article\" \/>\n<meta property=\"og:title\" content=\"Selo - 110 anos Faculdade de Odontologia da UFMG\" \/>\n<meta property=\"og:url\" content=\"https:\/\/www.odonto.ufmg.br\/110anos\/selo\/\" \/>\n<meta property=\"og:site_name\" content=\"110 anos Faculdade de Odontologia da UFMG\" \/>\n<meta property=\"article:modified_time\" content=\"2017-06-14T18:03:16+00:00\" \/>\n<meta property=\"og:image\" content=\"https:\/\/www.odonto.ufmg.br\/110anos\/wp-content\/uploads\/sites\/17\/2017\/06\/logo-fao-110-1030x507.png\" \/>\n<meta name=\"twitter:card\" content=\"summary_large_image\" \/>\n<meta name=\"twitter:label1\" content=\"Est. tempo de leitura\" \/>\n\t<meta name=\"twitter:data1\" content=\"1 minuto\" \/>\n<script type=\"application\/ld+json\" class=\"yoast-schema-graph\">{\"@context\":\"https:\\\/\\\/schema.org\",\"@graph\":[{\"@type\":\"WebPage\",\"@id\":\"https:\\\/\\\/www.odonto.ufmg.br\\\/110anos\\\/selo\\\/\",\"url\":\"https:\\\/\\\/www.odonto.ufmg.br\\\/110anos\\\/selo\\\/\",\"name\":\"Selo - 110 anos Faculdade de Odontologia da UFMG\",\"isPartOf\":{\"@id\":\"https:\\\/\\\/www.odonto.ufmg.br\\\/110anos\\\/#website\"},\"primaryImageOfPage\":{\"@id\":\"https:\\\/\\\/www.odonto.ufmg.br\\\/110anos\\\/selo\\\/#primaryimage\"},\"image\":{\"@id\":\"https:\\\/\\\/www.odonto.ufmg.br\\\/110anos\\\/selo\\\/#primaryimage\"},\"thumbnailUrl\":\"https:\\\/\\\/www.odonto.ufmg.br\\\/110anos\\\/wp-content\\\/uploads\\\/sites\\\/17\\\/2017\\\/06\\\/logo-fao-110-1030x507.png\",\"datePublished\":\"2017-06-14T13:38:25+00:00\",\"dateModified\":\"2017-06-14T18:03:16+00:00\",\"breadcrumb\":{\"@id\":\"https:\\\/\\\/www.odonto.ufmg.br\\\/110anos\\\/selo\\\/#breadcrumb\"},\"inLanguage\":\"pt-BR\",\"potentialAction\":[{\"@type\":\"ReadAction\",\"target\":[\"https:\\\/\\\/www.odonto.ufmg.br\\\/110anos\\\/selo\\\/\"]}]},{\"@type\":\"ImageObject\",\"inLanguage\":\"pt-BR\",\"@id\":\"https:\\\/\\\/www.odonto.ufmg.br\\\/110anos\\\/selo\\\/#primaryimage\",\"url\":\"https:\\\/\\\/www.odonto.ufmg.br\\\/110anos\\\/wp-content\\\/uploads\\\/sites\\\/17\\\/2017\\\/06\\\/logo-fao-110.png\",\"contentUrl\":\"https:\\\/\\\/www.odonto.ufmg.br\\\/110anos\\\/wp-content\\\/uploads\\\/sites\\\/17\\\/2017\\\/06\\\/logo-fao-110.png\",\"width\":3981,\"height\":1960},{\"@type\":\"BreadcrumbList\",\"@id\":\"https:\\\/\\\/www.odonto.ufmg.br\\\/110anos\\\/selo\\\/#breadcrumb\",\"itemListElement\":[{\"@type\":\"ListItem\",\"position\":1,\"name\":\"In\u00edcio\",\"item\":\"https:\\\/\\\/www.odonto.ufmg.br\\\/110anos\\\/\"},{\"@type\":\"ListItem\",\"position\":2,\"name\":\"Selo\"}]},{\"@type\":\"WebSite\",\"@id\":\"https:\\\/\\\/www.odonto.ufmg.br\\\/110anos\\\/#website\",\"url\":\"https:\\\/\\\/www.odonto.ufmg.br\\\/110anos\\\/\",\"name\":\"110 anos Faculdade de Odontologia da UFMG\",\"description\":\"Site Comemorativo dos 110 anos da Faculdade de Odontologia da UFMG\",\"potentialAction\":[{\"@type\":\"SearchAction\",\"target\":{\"@type\":\"EntryPoint\",\"urlTemplate\":\"https:\\\/\\\/www.odonto.ufmg.br\\\/110anos\\\/?s={search_term_string}\"},\"query-input\":{\"@type\":\"PropertyValueSpecification\",\"valueRequired\":true,\"valueName\":\"search_term_string\"}}],\"inLanguage\":\"pt-BR\"}]}<\/script>\n<!-- \/ Yoast SEO plugin. -->","yoast_head_json":{"title":"Selo - 110 anos Faculdade de Odontologia da UFMG","robots":{"index":"index","follow":"follow","max-snippet":"max-snippet:-1","max-image-preview":"max-image-preview:large","max-video-preview":"max-video-preview:-1"},"canonical":"https:\/\/www.odonto.ufmg.br\/110anos\/selo\/","og_locale":"pt_BR","og_type":"article","og_title":"Selo - 110 anos Faculdade de Odontologia da UFMG","og_url":"https:\/\/www.odonto.ufmg.br\/110anos\/selo\/","og_site_name":"110 anos Faculdade de Odontologia da UFMG","article_modified_time":"2017-06-14T18:03:16+00:00","og_image":[{"url":"https:\/\/www.odonto.ufmg.br\/110anos\/wp-content\/uploads\/sites\/17\/2017\/06\/logo-fao-110-1030x507.png","type":"","width":"","height":""}],"twitter_card":"summary_large_image","twitter_misc":{"Est. tempo de leitura":"1 minuto"},"schema":{"@context":"https:\/\/schema.org","@graph":[{"@type":"WebPage","@id":"https:\/\/www.odonto.ufmg.br\/110anos\/selo\/","url":"https:\/\/www.odonto.ufmg.br\/110anos\/selo\/","name":"Selo - 110 anos Faculdade de Odontologia da UFMG","isPartOf":{"@id":"https:\/\/www.odonto.ufmg.br\/110anos\/#website"},"primaryImageOfPage":{"@id":"https:\/\/www.odonto.ufmg.br\/110anos\/selo\/#primaryimage"},"image":{"@id":"https:\/\/www.odonto.ufmg.br\/110anos\/selo\/#primaryimage"},"thumbnailUrl":"https:\/\/www.odonto.ufmg.br\/110anos\/wp-content\/uploads\/sites\/17\/2017\/06\/logo-fao-110-1030x507.png","datePublished":"2017-06-14T13:38:25+00:00","dateModified":"2017-06-14T18:03:16+00:00","breadcrumb":{"@id":"https:\/\/www.odonto.ufmg.br\/110anos\/selo\/#breadcrumb"},"inLanguage":"pt-BR","potentialAction":[{"@type":"ReadAction","target":["https:\/\/www.odonto.ufmg.br\/110anos\/selo\/"]}]},{"@type":"ImageObject","inLanguage":"pt-BR","@id":"https:\/\/www.odonto.ufmg.br\/110anos\/selo\/#primaryimage","url":"https:\/\/www.odonto.ufmg.br\/110anos\/wp-content\/uploads\/sites\/17\/2017\/06\/logo-fao-110.png","contentUrl":"https:\/\/www.odonto.ufmg.br\/110anos\/wp-content\/uploads\/sites\/17\/2017\/06\/logo-fao-110.png","width":3981,"height":1960},{"@type":"BreadcrumbList","@id":"https:\/\/www.odonto.ufmg.br\/110anos\/selo\/#breadcrumb","itemListElement":[{"@type":"ListItem","position":1,"name":"In\u00edcio","item":"https:\/\/www.odonto.ufmg.br\/110anos\/"},{"@type":"ListItem","position":2,"name":"Selo"}]},{"@type":"WebSite","@id":"https:\/\/www.odonto.ufmg.br\/110anos\/#website","url":"https:\/\/www.odonto.ufmg.br\/110anos\/","name":"110 anos Faculdade de Odontologia da UFMG","description":"Site Comemorativo dos 110 anos da Faculdade de Odontologia da UFMG","potentialAction":[{"@type":"SearchAction","target":{"@type":"EntryPoint","urlTemplate":"https:\/\/www.odonto.ufmg.br\/110anos\/?s={search_term_string}"},"query-input":{"@type":"PropertyValueSpecification","valueRequired":true,"valueName":"search_term_string"}}],"inLanguage":"pt-BR"}]}},"_links":{"self":[{"href":"https:\/\/www.odonto.ufmg.br\/110anos\/wp-json\/wp\/v2\/pages\/1847","targetHints":{"allow":["GET"]}}],"collection":[{"href":"https:\/\/www.odonto.ufmg.br\/110anos\/wp-json\/wp\/v2\/pages"}],"about":[{"href":"https:\/\/www.odonto.ufmg.br\/110anos\/wp-json\/wp\/v2\/types\/page"}],"author":[{"embeddable":true,"href":"https:\/\/www.odonto.ufmg.br\/110anos\/wp-json\/wp\/v2\/users\/5"}],"replies":[{"embeddable":true,"href":"https:\/\/www.odonto.ufmg.br\/110anos\/wp-json\/wp\/v2\/comments?post=1847"}],"version-history":[{"count":10,"href":"https:\/\/www.odonto.ufmg.br\/110anos\/wp-json\/wp\/v2\/pages\/1847\/revisions"}],"predecessor-version":[{"id":1891,"href":"https:\/\/www.odonto.ufmg.br\/110anos\/wp-json\/wp\/v2\/pages\/1847\/revisions\/1891"}],"wp:attachment":[{"href":"https:\/\/www.odonto.ufmg.br\/110anos\/wp-json\/wp\/v2\/media?parent=1847"}],"curies":[{"name":"wp","href":"https:\/\/api.w.org\/{rel}","templated":true}]}}