{"id":1194,"date":"2017-05-29T14:43:55","date_gmt":"2017-05-29T17:43:55","guid":{"rendered":"https:\/\/www.odonto.ufmg.br\/110anos\/?page_id=1194"},"modified":"2017-06-14T10:51:48","modified_gmt":"2017-06-14T13:51:48","slug":"comissao-organizadora","status":"publish","type":"page","link":"https:\/\/www.odonto.ufmg.br\/110anos\/comissao-organizadora\/","title":{"rendered":"Comiss\u00e3o Organizadora"},"content":{"rendered":"\n<style type=\"text\/css\" data-created_by=\"avia_inline_auto\" id=\"style-css-av-av_heading-cf7d7657abf4638882075cfc2b9fde63\">\n#top .av-special-heading.av-av_heading-cf7d7657abf4638882075cfc2b9fde63{\npadding-bottom:10px;\ncolor:#831d1c;\n}\nbody .av-special-heading.av-av_heading-cf7d7657abf4638882075cfc2b9fde63 .av-special-heading-tag .heading-char{\nfont-size:25px;\n}\n.av-special-heading.av-av_heading-cf7d7657abf4638882075cfc2b9fde63 .special-heading-inner-border{\nborder-color:#831d1c;\n}\n.av-special-heading.av-av_heading-cf7d7657abf4638882075cfc2b9fde63 .av-subheading{\nfont-size:15px;\n}\n<\/style>\n<div  class='av-special-heading av-av_heading-cf7d7657abf4638882075cfc2b9fde63 av-special-heading-h3 custom-color-heading  avia-builder-el-0  el_before_av_one_third  avia-builder-el-first '><h3 class='av-special-heading-tag '  itemprop=\"headline\"  >Comiss\u00e3o Organizadora<\/h3><div class=\"special-heading-border\"><div class=\"special-heading-inner-border\"><\/div><\/div><\/div>\n\n<style type=\"text\/css\" data-created_by=\"avia_inline_auto\" id=\"style-css-av-av_one_third-6126cab7d8fab8d08143dd2dacdf673c\">\n.flex_column.av-av_one_third-6126cab7d8fab8d08143dd2dacdf673c{\nborder-radius:0px 0px 0px 0px;\npadding:0px 0px 0px 0px;\n}\n<\/style>\n<div  class='flex_column av-av_one_third-6126cab7d8fab8d08143dd2dacdf673c av_one_third  avia-builder-el-1  el_after_av_heading  el_before_av_one_third  first flex_column_div av-zero-column-padding  '     ><section  class='avia-team-member av-av_team_member-f5596c09a1a8fe250771b2054fc80159  avia-builder-el-2  avia-builder-el-no-sibling '  itemscope=\"itemscope\" itemtype=\"https:\/\/schema.org\/Person\" ><div class=\"team-img-container\"><img fetchpriority=\"high\" class='wp-image-1603 avia-img-lazy-loading-not-1603 avia_image avia_image_team' src='https:\/\/www.odonto.ufmg.br\/110anos\/wp-content\/uploads\/sites\/17\/2017\/05\/Maria-In\u00eas-Barreiros-Senna-1030x773-495x400.jpg' alt='Maria In\u00eas Barreiros Senna'  itemprop=\"image\"   height=\"400\" width=\"495\" \/><\/div><h3 class='team-member-name '  itemprop=\"name\" >Maria In\u00eas Barreiros Senna<\/h3><div class='team-member-job-title '  itemprop=\"jobTitle\" >Professora do Departamento de Cl\u00ednica, Patologia e Cirurgia Odontol\u00f3gicas<\/div><span class='hidden team-member-affiliation'  itemprop=\"affiliation\" >110 anos Faculdade de Odontologia da UFMG<\/span><\/section><\/div>\n<style type=\"text\/css\" data-created_by=\"avia_inline_auto\" id=\"style-css-av-av_one_third-0aa7055fe62c3622faec82866afbaeb2\">\n.flex_column.av-av_one_third-0aa7055fe62c3622faec82866afbaeb2{\nborder-radius:0px 0px 0px 0px;\npadding:0px 0px 0px 0px;\n}\n<\/style>\n<div  class='flex_column av-av_one_third-0aa7055fe62c3622faec82866afbaeb2 av_one_third  avia-builder-el-3  el_after_av_one_third  el_before_av_one_third  flex_column_div av-zero-column-padding  '     ><section  class='avia-team-member av-av_team_member-0e044ab50bf934e46ee4299741045fff  avia-builder-el-4  avia-builder-el-no-sibling '  itemscope=\"itemscope\" itemtype=\"https:\/\/schema.org\/Person\" ><div class=\"team-img-container\"><img fetchpriority=\"high\" class='wp-image-1664 avia-img-lazy-loading-not-1664 avia_image avia_image_team' src='https:\/\/www.odonto.ufmg.br\/110anos\/wp-content\/uploads\/sites\/17\/2017\/05\/sem_foto-495x400.jpg' alt='Vagner Rodrigues Santos'  itemprop=\"image\"   height=\"400\" width=\"495\" \/><\/div><h3 class='team-member-name '  itemprop=\"name\" >Vagner Rodrigues Santos<\/h3><div class='team-member-job-title '  itemprop=\"jobTitle\" >Professor do Departamento de Cl\u00ednica, Patologia e Cirurgia Odontol\u00f3gicas<\/div><span class='hidden team-member-affiliation'  itemprop=\"affiliation\" >110 anos Faculdade de Odontologia da UFMG<\/span><\/section><\/div><\/p>\n\n<style type=\"text\/css\" data-created_by=\"avia_inline_auto\" id=\"style-css-av-av_one_third-0aa7055fe62c3622faec82866afbaeb2\">\n.flex_column.av-av_one_third-0aa7055fe62c3622faec82866afbaeb2{\nborder-radius:0px 0px 0px 0px;\npadding:0px 0px 0px 0px;\n}\n<\/style>\n<div  class='flex_column av-av_one_third-0aa7055fe62c3622faec82866afbaeb2 av_one_third  avia-builder-el-5  el_after_av_one_third  el_before_av_one_third  flex_column_div av-zero-column-padding  '     ><section  class='avia-team-member av-av_team_member-d8f687b267133e4c39ac3abe94233794  avia-builder-el-6  avia-builder-el-no-sibling '  itemscope=\"itemscope\" itemtype=\"https:\/\/schema.org\/Person\" ><div class=\"team-img-container\"><img fetchpriority=\"high\" class='wp-image-1665 avia-img-lazy-loading-not-1665 avia_image avia_image_team' src='https:\/\/www.odonto.ufmg.br\/110anos\/wp-content\/uploads\/sites\/17\/2017\/05\/sem-foto-feminino.jpg' alt='Simone Dultra Lucas'  itemprop=\"image\"   height=\"280\" width=\"280\" \/><\/div><h3 class='team-member-name '  itemprop=\"name\" >Simone Dultra Lucas<\/h3><div class='team-member-job-title '  itemprop=\"jobTitle\" >Professora do Departamento de Odontologia Social e Preventiva<\/div><span class='hidden team-member-affiliation'  itemprop=\"affiliation\" >110 anos Faculdade de Odontologia da UFMG<\/span><\/section><\/div>\n\n<style type=\"text\/css\" data-created_by=\"avia_inline_auto\" id=\"style-css-av-av_one_third-6126cab7d8fab8d08143dd2dacdf673c\">\n.flex_column.av-av_one_third-6126cab7d8fab8d08143dd2dacdf673c{\nborder-radius:0px 0px 0px 0px;\npadding:0px 0px 0px 0px;\n}\n<\/style>\n<div  class='flex_column av-av_one_third-6126cab7d8fab8d08143dd2dacdf673c av_one_third  avia-builder-el-7  el_after_av_one_third  el_before_av_one_third  first flex_column_div av-zero-column-padding  column-top-margin'     ><section  class='avia-team-member av-av_team_member-646866520d02050651de801c24c94112  avia-builder-el-8  avia-builder-el-no-sibling '  itemscope=\"itemscope\" itemtype=\"https:\/\/schema.org\/Person\" ><div class=\"team-img-container\"><img fetchpriority=\"high\" class='wp-image-1664 avia-img-lazy-loading-not-1664 avia_image avia_image_team' src='https:\/\/www.odonto.ufmg.br\/110anos\/wp-content\/uploads\/sites\/17\/2017\/05\/sem_foto-300x300.jpg' alt='Alan Felipe Souza'  itemprop=\"image\"   height=\"300\" width=\"300\" \/><\/div><h3 class='team-member-name '  itemprop=\"name\" >Alan Felipe Souza<\/h3><div class='team-member-job-title '  itemprop=\"jobTitle\" >T\u00e9cnico Administrativo no Laborat\u00f3rio de Multim\u00eddia<\/div><span class='hidden team-member-affiliation'  itemprop=\"affiliation\" >110 anos Faculdade de Odontologia da UFMG<\/span><\/section><\/div>\n\n<style type=\"text\/css\" data-created_by=\"avia_inline_auto\" id=\"style-css-av-av_one_third-0aa7055fe62c3622faec82866afbaeb2\">\n.flex_column.av-av_one_third-0aa7055fe62c3622faec82866afbaeb2{\nborder-radius:0px 0px 0px 0px;\npadding:0px 0px 0px 0px;\n}\n<\/style>\n<div  class='flex_column av-av_one_third-0aa7055fe62c3622faec82866afbaeb2 av_one_third  avia-builder-el-9  el_after_av_one_third  el_before_av_one_third  flex_column_div av-zero-column-padding  column-top-margin'     ><section  class='avia-team-member av-av_team_member-d150d4bf9836dfad649264274730cf52  avia-builder-el-10  avia-builder-el-no-sibling '  itemscope=\"itemscope\" itemtype=\"https:\/\/schema.org\/Person\" ><div class=\"team-img-container\"><img fetchpriority=\"high\" class='wp-image-1665 avia-img-lazy-loading-not-1665 avia_image avia_image_team' src='https:\/\/www.odonto.ufmg.br\/110anos\/wp-content\/uploads\/sites\/17\/2017\/05\/sem-foto-feminino.jpg' alt='Am\u00e1lia do Carmo Ferreira'  itemprop=\"image\"   height=\"280\" width=\"280\" \/><\/div><h3 class='team-member-name '  itemprop=\"name\" >Am\u00e1lia do Carmo Ferreira<\/h3><div class='team-member-job-title '  itemprop=\"jobTitle\" >T\u00e9cnica Administrativo na Sess\u00e3o de Servi\u00e7os Gerais<\/div><span class='hidden team-member-affiliation'  itemprop=\"affiliation\" >110 anos Faculdade de Odontologia da UFMG<\/span><\/section><\/div>\n\n<style type=\"text\/css\" data-created_by=\"avia_inline_auto\" id=\"style-css-av-av_one_third-0aa7055fe62c3622faec82866afbaeb2\">\n.flex_column.av-av_one_third-0aa7055fe62c3622faec82866afbaeb2{\nborder-radius:0px 0px 0px 0px;\npadding:0px 0px 0px 0px;\n}\n<\/style>\n<div  class='flex_column av-av_one_third-0aa7055fe62c3622faec82866afbaeb2 av_one_third  avia-builder-el-11  el_after_av_one_third  el_before_av_one_third  flex_column_div av-zero-column-padding  column-top-margin'     ><section  class='avia-team-member av-av_team_member-f43035b5ca6cbdd260d263dcd03c44b6  avia-builder-el-12  avia-builder-el-no-sibling '  itemscope=\"itemscope\" itemtype=\"https:\/\/schema.org\/Person\" ><div class=\"team-img-container\"><img fetchpriority=\"high\" class='wp-image-1664 avia-img-lazy-loading-not-1664 avia_image avia_image_team' src='https:\/\/www.odonto.ufmg.br\/110anos\/wp-content\/uploads\/sites\/17\/2017\/05\/sem_foto-300x300.jpg' alt='Cristiano Rodrigues Rosa'  itemprop=\"image\"   height=\"300\" width=\"300\" \/><\/div><h3 class='team-member-name '  itemprop=\"name\" >Cristiano Rodrigues Rosa<\/h3><div class='team-member-job-title '  itemprop=\"jobTitle\" >T\u00e9cnico Administrativo no N\u00facleo de Inform\u00e1tica<\/div><span class='hidden team-member-affiliation'  itemprop=\"affiliation\" >110 anos Faculdade de Odontologia da UFMG<\/span><\/section><\/div>\n\n<style type=\"text\/css\" data-created_by=\"avia_inline_auto\" id=\"style-css-av-av_one_third-6126cab7d8fab8d08143dd2dacdf673c\">\n.flex_column.av-av_one_third-6126cab7d8fab8d08143dd2dacdf673c{\nborder-radius:0px 0px 0px 0px;\npadding:0px 0px 0px 0px;\n}\n<\/style>\n<div  class='flex_column av-av_one_third-6126cab7d8fab8d08143dd2dacdf673c av_one_third  avia-builder-el-13  el_after_av_one_third  el_before_av_one_third  first flex_column_div av-zero-column-padding  column-top-margin'     ><section  class='avia-team-member av-av_team_member-936ea1b7f02b1fc1eba83791b0e8d14b  avia-builder-el-14  avia-builder-el-no-sibling '  itemscope=\"itemscope\" itemtype=\"https:\/\/schema.org\/Person\" ><div class=\"team-img-container\"><img fetchpriority=\"high\" class='wp-image-1697 avia-img-lazy-loading-not-1697 avia_image avia_image_team' src='https:\/\/www.odonto.ufmg.br\/110anos\/wp-content\/uploads\/sites\/17\/2017\/05\/20170607_142140-300x225.jpg' alt='Esdras de Campos Fran\u00e7a'  itemprop=\"image\"   height=\"225\" width=\"300\" \/><\/div><h3 class='team-member-name '  itemprop=\"name\" >Esdras de Campos Fran\u00e7a<\/h3><div class='team-member-job-title '  itemprop=\"jobTitle\" >Professor substituto no Departamento de Odontopediatria e Ortodontia <\/div><span class='hidden team-member-affiliation'  itemprop=\"affiliation\" >110 anos Faculdade de Odontologia da UFMG<\/span><\/section><\/div>\n\n<style type=\"text\/css\" data-created_by=\"avia_inline_auto\" id=\"style-css-av-av_one_third-0aa7055fe62c3622faec82866afbaeb2\">\n.flex_column.av-av_one_third-0aa7055fe62c3622faec82866afbaeb2{\nborder-radius:0px 0px 0px 0px;\npadding:0px 0px 0px 0px;\n}\n<\/style>\n<div  class='flex_column av-av_one_third-0aa7055fe62c3622faec82866afbaeb2 av_one_third  avia-builder-el-15  el_after_av_one_third  el_before_av_one_third  flex_column_div av-zero-column-padding  column-top-margin'     ><section  class='avia-team-member av-av_team_member-311699bdbe7b06fffd38b513392dd181  avia-builder-el-16  avia-builder-el-no-sibling '  itemscope=\"itemscope\" itemtype=\"https:\/\/schema.org\/Person\" ><div class=\"team-img-container\"><img fetchpriority=\"high\" class='wp-image-1699 avia-img-lazy-loading-not-1699 avia_image avia_image_team' src='https:\/\/www.odonto.ufmg.br\/110anos\/wp-content\/uploads\/sites\/17\/2017\/05\/IMG-20170608-WA0001-300x268.jpg' alt='Cl\u00e1udia M\u00e1rcia Dias Silva'  itemprop=\"image\"   height=\"268\" width=\"300\" \/><\/div><h3 class='team-member-name '  itemprop=\"name\" >Cl\u00e1udia M\u00e1rcia Dias Silva<\/h3><div class='team-member-job-title '  itemprop=\"jobTitle\" >T\u00e9cnica Administrativo na Gest\u00e3o de Contratos<\/div><span class='hidden team-member-affiliation'  itemprop=\"affiliation\" >110 anos Faculdade de Odontologia da UFMG<\/span><\/section><\/div>\n\n<style type=\"text\/css\" data-created_by=\"avia_inline_auto\" id=\"style-css-av-av_one_third-0aa7055fe62c3622faec82866afbaeb2\">\n.flex_column.av-av_one_third-0aa7055fe62c3622faec82866afbaeb2{\nborder-radius:0px 0px 0px 0px;\npadding:0px 0px 0px 0px;\n}\n<\/style>\n<div  class='flex_column av-av_one_third-0aa7055fe62c3622faec82866afbaeb2 av_one_third  avia-builder-el-17  el_after_av_one_third  el_before_av_one_third  flex_column_div av-zero-column-padding  column-top-margin'     ><section  class='avia-team-member av-av_team_member-299bbf078c6aeba3e4156426046bc5ff  avia-builder-el-18  avia-builder-el-no-sibling '  itemscope=\"itemscope\" itemtype=\"https:\/\/schema.org\/Person\" ><div class=\"team-img-container\"><img fetchpriority=\"high\" class='wp-image-1880 avia-img-lazy-loading-not-1880 avia_image avia_image_team' src='https:\/\/www.odonto.ufmg.br\/110anos\/wp-content\/uploads\/sites\/17\/2017\/05\/IMG-20170614-WA0002-495x400.jpg' alt='Cl\u00e1udia Maria Feliciano Felipe'  itemprop=\"image\"   height=\"400\" width=\"495\" \/><\/div><h3 class='team-member-name '  itemprop=\"name\" >Cl\u00e1udia Maria Feliciano Felipe<\/h3><div class='team-member-job-title '  itemprop=\"jobTitle\" >T\u00e9cnica Administrativo na Superintend\u00eancia Administrativa<\/div><span class='hidden team-member-affiliation'  itemprop=\"affiliation\" >110 anos Faculdade de Odontologia da UFMG<\/span><\/section><\/div>\n<style type=\"text\/css\" data-created_by=\"avia_inline_auto\" id=\"style-css-av-av_one_third-6126cab7d8fab8d08143dd2dacdf673c\">\n.flex_column.av-av_one_third-6126cab7d8fab8d08143dd2dacdf673c{\nborder-radius:0px 0px 0px 0px;\npadding:0px 0px 0px 0px;\n}\n<\/style>\n<div  class='flex_column av-av_one_third-6126cab7d8fab8d08143dd2dacdf673c av_one_third  avia-builder-el-19  el_after_av_one_third  el_before_av_one_third  first flex_column_div av-zero-column-padding  column-top-margin'     ><section  class='avia-team-member av-av_team_member-8fa3429883a50ee571f3d7a95b03feb8  avia-builder-el-20  avia-builder-el-no-sibling '  itemscope=\"itemscope\" itemtype=\"https:\/\/schema.org\/Person\" ><div class=\"team-img-container\"><img fetchpriority=\"high\" class='wp-image-1665 avia-img-lazy-loading-not-1665 avia_image avia_image_team' src='https:\/\/www.odonto.ufmg.br\/110anos\/wp-content\/uploads\/sites\/17\/2017\/05\/sem-foto-feminino.jpg' alt='Isabel Cristina da Silva Venceslau'  itemprop=\"image\"   height=\"280\" width=\"280\" \/><\/div><h3 class='team-member-name '  itemprop=\"name\" >Isabel Cristina da Silva Venceslau<\/h3><div class='team-member-job-title '  itemprop=\"jobTitle\" >T\u00e9cnica Administrativo no Centro de Extens\u00e3o<\/div><span class='hidden team-member-affiliation'  itemprop=\"affiliation\" >110 anos Faculdade de Odontologia da UFMG<\/span><\/section><\/div><\/p>\n\n<style type=\"text\/css\" data-created_by=\"avia_inline_auto\" id=\"style-css-av-av_one_third-0aa7055fe62c3622faec82866afbaeb2\">\n.flex_column.av-av_one_third-0aa7055fe62c3622faec82866afbaeb2{\nborder-radius:0px 0px 0px 0px;\npadding:0px 0px 0px 0px;\n}\n<\/style>\n<div  class='flex_column av-av_one_third-0aa7055fe62c3622faec82866afbaeb2 av_one_third  avia-builder-el-21  el_after_av_one_third  avia-builder-el-last  flex_column_div av-zero-column-padding  column-top-margin'     ><section  class='avia-team-member av-av_team_member-4e3f841ef27493b1e7ea1bbd2f57dd0f  avia-builder-el-22  avia-builder-el-no-sibling '  itemscope=\"itemscope\" itemtype=\"https:\/\/schema.org\/Person\" ><div class=\"team-img-container\"><img fetchpriority=\"high\" class='wp-image-1665 avia-img-lazy-loading-not-1665 avia_image avia_image_team' src='https:\/\/www.odonto.ufmg.br\/110anos\/wp-content\/uploads\/sites\/17\/2017\/05\/sem-foto-feminino.jpg' alt='L\u00edgia Domingues Padovezi'  itemprop=\"image\"   height=\"280\" width=\"280\" \/><\/div><h3 class='team-member-name '  itemprop=\"name\" >L\u00edgia Domingues Padovezi<\/h3><div class='team-member-job-title '  itemprop=\"jobTitle\" >Discente da Faculdade de Odontologia<\/div><span class='hidden team-member-affiliation'  itemprop=\"affiliation\" >110 anos Faculdade de Odontologia da UFMG<\/span><\/section><\/div>\n","protected":false},"excerpt":{"rendered":"","protected":false},"author":1,"featured_media":0,"parent":0,"menu_order":0,"comment_status":"closed","ping_status":"closed","template":"","meta":{"inline_featured_image":false,"footnotes":""},"class_list":["post-1194","page","type-page","status-publish","hentry"],"yoast_head":"<!-- This site is optimized with the Yoast SEO plugin v27.6 - https:\/\/yoast.com\/product\/yoast-seo-wordpress\/ -->\n<title>Comiss\u00e3o Organizadora - 110 anos Faculdade de Odontologia da UFMG<\/title>\n<meta name=\"robots\" content=\"index, follow, max-snippet:-1, max-image-preview:large, max-video-preview:-1\" \/>\n<link rel=\"canonical\" href=\"https:\/\/www.odonto.ufmg.br\/110anos\/comissao-organizadora\/\" \/>\n<meta property=\"og:locale\" content=\"pt_BR\" \/>\n<meta property=\"og:type\" content=\"article\" \/>\n<meta property=\"og:title\" content=\"Comiss\u00e3o Organizadora - 110 anos Faculdade de Odontologia da UFMG\" \/>\n<meta property=\"og:url\" content=\"https:\/\/www.odonto.ufmg.br\/110anos\/comissao-organizadora\/\" \/>\n<meta property=\"og:site_name\" content=\"110 anos Faculdade de Odontologia da UFMG\" \/>\n<meta property=\"article:modified_time\" content=\"2017-06-14T13:51:48+00:00\" \/>\n<meta name=\"twitter:card\" content=\"summary_large_image\" \/>\n<meta name=\"twitter:label1\" content=\"Est. tempo de leitura\" \/>\n\t<meta name=\"twitter:data1\" content=\"6 minutos\" \/>\n<script type=\"application\/ld+json\" class=\"yoast-schema-graph\">{\"@context\":\"https:\\\/\\\/schema.org\",\"@graph\":[{\"@type\":\"WebPage\",\"@id\":\"https:\\\/\\\/www.odonto.ufmg.br\\\/110anos\\\/comissao-organizadora\\\/\",\"url\":\"https:\\\/\\\/www.odonto.ufmg.br\\\/110anos\\\/comissao-organizadora\\\/\",\"name\":\"Comiss\u00e3o Organizadora - 110 anos Faculdade de Odontologia da UFMG\",\"isPartOf\":{\"@id\":\"https:\\\/\\\/www.odonto.ufmg.br\\\/110anos\\\/#website\"},\"datePublished\":\"2017-05-29T17:43:55+00:00\",\"dateModified\":\"2017-06-14T13:51:48+00:00\",\"breadcrumb\":{\"@id\":\"https:\\\/\\\/www.odonto.ufmg.br\\\/110anos\\\/comissao-organizadora\\\/#breadcrumb\"},\"inLanguage\":\"pt-BR\",\"potentialAction\":[{\"@type\":\"ReadAction\",\"target\":[\"https:\\\/\\\/www.odonto.ufmg.br\\\/110anos\\\/comissao-organizadora\\\/\"]}]},{\"@type\":\"BreadcrumbList\",\"@id\":\"https:\\\/\\\/www.odonto.ufmg.br\\\/110anos\\\/comissao-organizadora\\\/#breadcrumb\",\"itemListElement\":[{\"@type\":\"ListItem\",\"position\":1,\"name\":\"In\u00edcio\",\"item\":\"https:\\\/\\\/www.odonto.ufmg.br\\\/110anos\\\/\"},{\"@type\":\"ListItem\",\"position\":2,\"name\":\"Comiss\u00e3o Organizadora\"}]},{\"@type\":\"WebSite\",\"@id\":\"https:\\\/\\\/www.odonto.ufmg.br\\\/110anos\\\/#website\",\"url\":\"https:\\\/\\\/www.odonto.ufmg.br\\\/110anos\\\/\",\"name\":\"110 anos Faculdade de Odontologia da UFMG\",\"description\":\"Site Comemorativo dos 110 anos da Faculdade de Odontologia da UFMG\",\"potentialAction\":[{\"@type\":\"SearchAction\",\"target\":{\"@type\":\"EntryPoint\",\"urlTemplate\":\"https:\\\/\\\/www.odonto.ufmg.br\\\/110anos\\\/?s={search_term_string}\"},\"query-input\":{\"@type\":\"PropertyValueSpecification\",\"valueRequired\":true,\"valueName\":\"search_term_string\"}}],\"inLanguage\":\"pt-BR\"}]}<\/script>\n<!-- \/ Yoast SEO plugin. -->","yoast_head_json":{"title":"Comiss\u00e3o Organizadora - 110 anos Faculdade de Odontologia da UFMG","robots":{"index":"index","follow":"follow","max-snippet":"max-snippet:-1","max-image-preview":"max-image-preview:large","max-video-preview":"max-video-preview:-1"},"canonical":"https:\/\/www.odonto.ufmg.br\/110anos\/comissao-organizadora\/","og_locale":"pt_BR","og_type":"article","og_title":"Comiss\u00e3o Organizadora - 110 anos Faculdade de Odontologia da UFMG","og_url":"https:\/\/www.odonto.ufmg.br\/110anos\/comissao-organizadora\/","og_site_name":"110 anos Faculdade de Odontologia da UFMG","article_modified_time":"2017-06-14T13:51:48+00:00","twitter_card":"summary_large_image","twitter_misc":{"Est. tempo de leitura":"6 minutos"},"schema":{"@context":"https:\/\/schema.org","@graph":[{"@type":"WebPage","@id":"https:\/\/www.odonto.ufmg.br\/110anos\/comissao-organizadora\/","url":"https:\/\/www.odonto.ufmg.br\/110anos\/comissao-organizadora\/","name":"Comiss\u00e3o Organizadora - 110 anos Faculdade de Odontologia da UFMG","isPartOf":{"@id":"https:\/\/www.odonto.ufmg.br\/110anos\/#website"},"datePublished":"2017-05-29T17:43:55+00:00","dateModified":"2017-06-14T13:51:48+00:00","breadcrumb":{"@id":"https:\/\/www.odonto.ufmg.br\/110anos\/comissao-organizadora\/#breadcrumb"},"inLanguage":"pt-BR","potentialAction":[{"@type":"ReadAction","target":["https:\/\/www.odonto.ufmg.br\/110anos\/comissao-organizadora\/"]}]},{"@type":"BreadcrumbList","@id":"https:\/\/www.odonto.ufmg.br\/110anos\/comissao-organizadora\/#breadcrumb","itemListElement":[{"@type":"ListItem","position":1,"name":"In\u00edcio","item":"https:\/\/www.odonto.ufmg.br\/110anos\/"},{"@type":"ListItem","position":2,"name":"Comiss\u00e3o Organizadora"}]},{"@type":"WebSite","@id":"https:\/\/www.odonto.ufmg.br\/110anos\/#website","url":"https:\/\/www.odonto.ufmg.br\/110anos\/","name":"110 anos Faculdade de Odontologia da UFMG","description":"Site Comemorativo dos 110 anos da Faculdade de Odontologia da UFMG","potentialAction":[{"@type":"SearchAction","target":{"@type":"EntryPoint","urlTemplate":"https:\/\/www.odonto.ufmg.br\/110anos\/?s={search_term_string}"},"query-input":{"@type":"PropertyValueSpecification","valueRequired":true,"valueName":"search_term_string"}}],"inLanguage":"pt-BR"}]}},"_links":{"self":[{"href":"https:\/\/www.odonto.ufmg.br\/110anos\/wp-json\/wp\/v2\/pages\/1194","targetHints":{"allow":["GET"]}}],"collection":[{"href":"https:\/\/www.odonto.ufmg.br\/110anos\/wp-json\/wp\/v2\/pages"}],"about":[{"href":"https:\/\/www.odonto.ufmg.br\/110anos\/wp-json\/wp\/v2\/types\/page"}],"author":[{"embeddable":true,"href":"https:\/\/www.odonto.ufmg.br\/110anos\/wp-json\/wp\/v2\/users\/1"}],"replies":[{"embeddable":true,"href":"https:\/\/www.odonto.ufmg.br\/110anos\/wp-json\/wp\/v2\/comments?post=1194"}],"version-history":[{"count":12,"href":"https:\/\/www.odonto.ufmg.br\/110anos\/wp-json\/wp\/v2\/pages\/1194\/revisions"}],"predecessor-version":[{"id":1879,"href":"https:\/\/www.odonto.ufmg.br\/110anos\/wp-json\/wp\/v2\/pages\/1194\/revisions\/1879"}],"wp:attachment":[{"href":"https:\/\/www.odonto.ufmg.br\/110anos\/wp-json\/wp\/v2\/media?parent=1194"}],"curies":[{"name":"wp","href":"https:\/\/api.w.org\/{rel}","templated":true}]}}